{"id":1220,"date":"2024-10-09T10:53:53","date_gmt":"2024-10-09T08:53:53","guid":{"rendered":"https:\/\/hello.campustore.com\/?page_id=1220"},"modified":"2025-02-18T11:25:28","modified_gmt":"2025-02-18T10:25:28","slug":"home","status":"publish","type":"page","link":"https:\/\/hello.campustore.com\/de\/","title":{"rendered":"Home"},"content":{"rendered":"\r\n<p>Was wir tun<\/p>\r\n<h2>MINT im Herzen<\/h2>\r\n<p>Wir haben die gr\u00f6\u00dfte Auswahl an Robotiksystemen und MINT-Lernkonzepten f\u00fcr allgemeinbildende Schulen in ganz Europa.Ausgezeichnet als bester LEGO Education Partner weltweit 2022.<\/p>\r\n<p><a href=\"\/de\/mint\/\">ERFAHREN SIE MEHR<\/a> <img decoding=\"async\" src=\"https:\/\/hello.campustore.com\/wp-content\/uploads\/2024\/10\/animation_desk.png\" alt=\"MINT im Herzen\" \/> <img decoding=\"async\" src=\"https:\/\/hello.campustore.com\/wp-content\/uploads\/2024\/10\/animation_mobile.png\" alt=\"MINT im Herzen\" \/><\/p>\r\n<!-- end cs text with off canvas section -->\r\n<p><button>+<\/button><\/p>\r\n<h2>Immersives Lernen<\/h2>\r\n<p>Wir haben Miri erfunden und entwickelt, das erste immersive Klassenzimmer f\u00fcr Schulen.<br \/>BETT Award Finalist 2024.<\/p>\r\n<p><a href=\"\/de\/immersives-lernen\/\">ERFAHREN SIE MEHR<\/a> <img decoding=\"async\" src=\"https:\/\/hello.campustore.com\/wp-content\/uploads\/2024\/11\/miri-cubica_l1080px.png\" alt=\"Immersives Lernen\" \/> <button>+<\/button><\/p>\r\n<h2>Robotik und MINT<\/h2>\r\n<p>Die gr\u00f6\u00dfte Auswahl an Robotiksystemen und MINT-Lernkonzepten in ganz Europa. Vom Kindergarten bis in die Hochschule.<\/p>\r\n<p><a href=\"\/de\/robotik-und-coding\/\">ERFAHREN SIE MEHR<\/a> <img decoding=\"async\" src=\"https:\/\/hello.campustore.com\/wp-content\/uploads\/2024\/11\/SPIKE-Prime_l1080px.png\" alt=\"Robotik und MINT\" \/> <button>+<\/button><\/p>\r\n<h2>Tech-M\u00f6bel<\/h2>\r\n<p>Wundersch\u00f6ne M\u00f6bell\u00f6sungen, die hands-on Lernen erm\u00f6glichen, mit Fokus auf Innovation.<\/p>\r\n<p><a href=\"\/de\/tech-mobel\/\">ERFAHREN SIE MEHR<\/a> <img decoding=\"async\" src=\"https:\/\/hello.campustore.com\/wp-content\/uploads\/2024\/11\/Pinguin_l1080px.png\" alt=\"Tech-M\u00f6bel\" \/> <button>+<\/button><\/p>\r\n<h2>MakerSpace und FabLab<\/h2>\r\n<p>MakerSpaces und FabLabs sind neuartige Lernumgebungen, die lebenslanges Lernen erm\u00f6glichen. Wir bieten die besten Umsetzungskonzepte.<\/p>\r\n<p><a href=\"\/de\/makerspace\/\">ERFAHREN SIE MEHR<\/a> <img decoding=\"async\" src=\"https:\/\/hello.campustore.com\/wp-content\/uploads\/2024\/11\/CarrellONE_l1080px.png\" alt=\"MakerSpace und FabLab\" \/><\/p>\r\n<!-- end cs container --><!-- end cs vertical tabs section -->\r\n<h2>Unsere Partner<\/h2>\r\n<figure><img loading=\"lazy\" decoding=\"async\" src=\"https:\/\/hello.campustore.com\/wp-content\/uploads\/2024\/11\/campustore-logo.png\" alt=\"\" width=\"250\" height=\"85\" \/><\/figure>\r\n<figure><img loading=\"lazy\" decoding=\"async\" src=\"https:\/\/hello.campustore.com\/wp-content\/uploads\/2024\/11\/giunti-scuola-logo.png\" alt=\"\" width=\"250\" height=\"85\" \/><\/figure>\r\n<figure><img loading=\"lazy\" decoding=\"async\" src=\"https:\/\/hello.campustore.com\/wp-content\/uploads\/2025\/02\/LE-new-logo_250px.svg\" alt=\"\" width=\"300\" height=\"300\" \/><\/figure>\r\n<figure><img loading=\"lazy\" decoding=\"async\" src=\"https:\/\/hello.campustore.com\/wp-content\/uploads\/2024\/11\/fischertechnik-logo.png\" alt=\"\" width=\"250\" height=\"85\" \/><\/figure>\r\n<figure><img loading=\"lazy\" decoding=\"async\" src=\"https:\/\/hello.campustore.com\/wp-content\/uploads\/2024\/11\/arduino-education-logo.png\" alt=\"\" width=\"250\" height=\"85\" \/><\/figure>\r\n<figure><img loading=\"lazy\" decoding=\"async\" src=\"https:\/\/hello.campustore.com\/wp-content\/uploads\/2024\/11\/francesco-bombardi-logo.png\" alt=\"\" width=\"250\" height=\"85\" \/><\/figure>\r\n<figure><img loading=\"lazy\" decoding=\"async\" src=\"https:\/\/hello.campustore.com\/wp-content\/uploads\/2024\/11\/lifely_logo.png\" alt=\"\" width=\"250\" height=\"85\" \/><\/figure>\r\n<figure><img loading=\"lazy\" decoding=\"async\" src=\"https:\/\/hello.campustore.com\/wp-content\/uploads\/2024\/11\/codyroby_logo.png\" alt=\"\" width=\"250\" height=\"85\" \/><\/figure>\r\n<figure><img loading=\"lazy\" decoding=\"async\" src=\"https:\/\/hello.campustore.com\/wp-content\/uploads\/2024\/11\/meta-logo.png\" alt=\"\" width=\"250\" height=\"85\" \/><\/figure>\r\n<figure><img loading=\"lazy\" decoding=\"async\" src=\"https:\/\/hello.campustore.com\/wp-content\/uploads\/2024\/11\/makeblock-education-logo.png\" alt=\"\" width=\"250\" height=\"85\" \/><\/figure>\r\n<figure><img loading=\"lazy\" decoding=\"async\" src=\"https:\/\/hello.campustore.com\/wp-content\/uploads\/2024\/11\/xTool_logo-250px.svg\" alt=\"\" width=\"300\" height=\"300\" \/><\/figure>\r\n<figure><img loading=\"lazy\" decoding=\"async\" src=\"https:\/\/hello.campustore.com\/wp-content\/uploads\/2025\/02\/SenseBox_250px.svg\" alt=\"\" width=\"300\" height=\"300\" \/><\/figure>\r\n<p><img decoding=\"async\" src=\"https:\/\/hello.campustore.com\/wp-content\/uploads\/2024\/11\/our-mission_1920x1080px-R100.png\" alt=\"Was wir tun\" \/><\/p>\r\n<h2>Was wir tun<\/h2>\r\n<p>Wir verf\u00fcgen \u00fcber langj\u00e4hrige Erfahrung in der Entwicklung einsatzbereiter Projekte f\u00fcr Bildungseinrichtungen und eine gro\u00dfe Leidenschaft f\u00fcr MINT und Robotik.<\/p>\r\n<p>Wie k\u00f6nnen sie unterschieldichsten Bed\u00fcrfnisse von Schulen erf\u00fcllen.<\/p>\r\n<p>Auf innovative Weise.<\/p>\r\n<!-- end cs container boxed --><!-- end cs image with text section -->\r\n<p><img decoding=\"async\" src=\"https:\/\/hello.campustore.com\/wp-content\/uploads\/2024\/11\/our-values-purpose_1920x1080px-R100.png\" alt=\"Unsere Eigenentwicklungen\" \/><\/p>\r\n<h2>Unsere Eigenentwicklungen<\/h2>\r\n<p>Wir haben einige sehr originelle, preisgekr\u00f6nte L\u00f6sungen entwickelt: Die meisten davon sind M\u00f6bel mit einem technischen Twist. Aber <strong>wir haben auch Miri erfunden, den ersten immersiven Raum f\u00fcr Schulen <\/strong>und Lernr\u00e4ume.<\/p>\r\n<p>M\u00f6bel und Technologien sind heute ein Muss in jedem Lernraum, der auf dem neuesten Stand sein will.<\/p>\r\n<p>Die Verschmelzung von M\u00f6beln, digitalen Tools und Inhalten ist unsere Superkraft.<br \/>Unsere Entwicklungen wurden als Finalisten f\u00fcr die<\/p>\r\n<p><strong>BETT- und GESS-Award 2024 ausgew\u00e4hlt.<\/strong><\/p>\r\n<!-- end cs container boxed --><!-- end cs image with text section -->\r\n<p><img decoding=\"async\" src=\"https:\/\/hello.campustore.com\/wp-content\/uploads\/2024\/12\/miri-SX_635x400px-150x150.png\" alt=\"Miri\" \/> <img decoding=\"async\" src=\"https:\/\/hello.campustore.com\/wp-content\/uploads\/2024\/12\/miri-SX_635x400px.png\" alt=\"Miri\" \/><\/p>\r\n<!-- end cs small image container -->\r\n<p><img decoding=\"async\" src=\"https:\/\/hello.campustore.com\/wp-content\/uploads\/2024\/12\/miri-DX_1920x1080px.png\" alt=\"Miri\" \/> <img decoding=\"async\" src=\"https:\/\/hello.campustore.com\/wp-content\/uploads\/2024\/12\/miri-DX_1920x1080px.png\" alt=\"Miri\" \/><\/p>\r\n<!-- end cs main image container -->\r\n<h2>Miri<\/h2>\r\n<p>Der erste immersive Lernraum.Mit \u00fcber 1.000 Inhalten.<strong>BETT Award-Finalist 2024.<\/strong><\/p>\r\n<p><a href=\"\/de\/miri\/\">ERFAHREN SIE MEHR<\/a><\/p>\r\n<!-- end featured image with text --><!-- end cs container --><!-- end featured image with text section -->\r\n<p><img decoding=\"async\" src=\"https:\/\/hello.campustore.com\/wp-content\/uploads\/2024\/11\/0029_1920x1080px-R100.png\" alt=\"Pinguin\" \/> <img decoding=\"async\" src=\"https:\/\/hello.campustore.com\/wp-content\/uploads\/2024\/11\/0029_1920x1080px-R100-300x169.png\" alt=\"Pinguin\" \/><\/p>\r\n<!-- end cs main image container -->\r\n<h2>Pinguin<\/h2>\r\n<p>Der interaktive Holz-Monitor mit MINT Lerninhalten.<\/p>\r\n<p><a href=\"\/de\/pinguin\/\">ERFAHREN SIE MEHR<\/a><\/p>\r\n<!-- end featured image with text --><!-- end cs container --><!-- end featured image with text section -->\r\n<p><img decoding=\"async\" src=\"https:\/\/hello.campustore.com\/wp-content\/uploads\/2024\/11\/CarrellONE_387x352px-R.png\" alt=\"CarrellONE\" \/> <img decoding=\"async\" src=\"https:\/\/hello.campustore.com\/wp-content\/uploads\/2024\/11\/0013_1920x1080px-R100-300x169.jpg\" alt=\"CarrellONE\" \/><\/p>\r\n<!-- end cs small image container -->\r\n<p><img decoding=\"async\" src=\"https:\/\/hello.campustore.com\/wp-content\/uploads\/2024\/11\/0013_1920x1080px-R100.jpg\" alt=\"CarrellONE\" \/> <img decoding=\"async\" src=\"https:\/\/hello.campustore.com\/wp-content\/uploads\/2024\/11\/0013_1920x1080px-R100-300x169.jpg\" alt=\"CarrellONE\" \/><\/p>\r\n<!-- end cs main image container -->\r\n<h2>CarrellONE<\/h2>\r\n<p>MINT in Bewegung.<strong>GESS Award<\/strong> Finalist 2024.<\/p>\r\n<p><a href=\"\/de\/carrellone\/\">ERFAHREN SIE MEHR<\/a><\/p>\r\n<!-- end featured image with text --><!-- end cs container --><!-- end featured image with text section -->\r\n<p><img decoding=\"async\" src=\"https:\/\/hello.campustore.com\/wp-content\/uploads\/2024\/11\/0032-2_1920x1080px-R100.png\" alt=\"i-Vulcani\" \/> <img decoding=\"async\" src=\"https:\/\/hello.campustore.com\/wp-content\/uploads\/2024\/11\/0032-2_1920x1080px-R100-300x169.png\" alt=\"i-Vulcani\" \/><\/p>\r\n<!-- end cs main image container -->\r\n<h2>i-Vulcani<\/h2>\r\n<p>Der MINT Tower mit mehreren Ebenen.<\/p>\r\n<p><a href=\"\/de\/i-vulcani\/\">ERFAHREN SIE MEHR<\/a><\/p>\r\n<!-- end featured image with text --><!-- end cs container --><!-- end featured image with text section -->\r\n<h2>Download unserer Kataloge<\/h2>\r\n<p>Besuchen Sie unsere Katalogseite: Hier finden Sie eine Auswahl an Brosch\u00fcren und Katalogen in verschiedenen Sprachen. Sie alle enthalten nur einen kleinen Teil dessen, was wir Lernbegeisterten zu bieten haben. Um mehr zu erfahren, kontaktieren Sie uns einfach.<\/p>\r\n<p><a href=\"\/de\/kataloge\/\">ALLE KATALOGE ANSEHEN<\/a><\/p>\r\n<!-- end cs text container -->\r\n<p><img decoding=\"async\" src=\"https:\/\/hello.campustore.com\/wp-content\/uploads\/2024\/10\/catalog-img-3.png\" alt=\"Download unserer Kataloge\" \/><\/p>\r\n<!-- end banner with text section -->\r\n<p><style>\r\n    .cs-banner-with-text-section .cs-primary-button.with-icon:after {\r\n        content: 'f019';\r\n        font-weight: 400;\r\n    }\r\n    @media screen and (min-width: 1921px) {\r\n        .cs-banner-with-text-section {\r\n            background: url(\"https:\/\/hello.campustore.com\/wp-content\/uploads\/2024\/10\/big-bg-img-catalog.png\") no-repeat;\r\n        }\r\n    }\r\n    @media screen and (min-width: 991px) and (max-width: 1920px) {\r\n        .cs-banner-with-text-section {\r\n            background: url(\"https:\/\/hello.campustore.com\/wp-content\/uploads\/2024\/10\/bg-img-catalog.png\") no-repeat;\r\n        }\r\n    }\r\n    @media screen and (max-width: 990px) {\r\n        .cs-banner-with-text-section {\r\n            background: url(\"https:\/\/hello.campustore.com\/wp-content\/uploads\/2024\/10\/bg-img-mobile-catalog-1.png\") no-repeat left\/cover;\r\n        }\r\n    }\r\n<\/style><\/p>\r\n","protected":false},"excerpt":{"rendered":"<p>Was wir tun MINT im Herzen Wir haben die gr\u00f6\u00dfte Auswahl an Robotiksystemen und MINT-Lernkonzepten f\u00fcr allgemeinbildende Schulen in ganz Europa.Ausgezeichnet als bester LEGO Education Partner weltweit 2022. ERFAHREN SIE MEHR + Immersives Lernen Wir haben Miri erfunden und entwickelt, das erste immersive Klassenzimmer f\u00fcr Schulen.BETT Award Finalist 2024. ERFAHREN SIE MEHR + Robotik und [&hellip;]<\/p>\n","protected":false},"author":5,"featured_media":0,"parent":0,"menu_order":0,"comment_status":"closed","ping_status":"closed","template":"templates\/template-home.php","meta":{"_acf_changed":false,"content-type":"","_genesis_hide_title":false,"_genesis_hide_breadcrumbs":false,"_genesis_hide_singular_image":false,"_genesis_hide_footer_widgets":false,"_genesis_custom_body_class":"","_genesis_custom_post_class":"","_genesis_layout":"","footnotes":""},"class_list":{"0":"post-1220","1":"page","2":"type-page","3":"status-publish","5":"entry"},"acf":[],"_links":{"self":[{"href":"https:\/\/hello.campustore.com\/de\/wp-json\/wp\/v2\/pages\/1220","targetHints":{"allow":["GET"]}}],"collection":[{"href":"https:\/\/hello.campustore.com\/de\/wp-json\/wp\/v2\/pages"}],"about":[{"href":"https:\/\/hello.campustore.com\/de\/wp-json\/wp\/v2\/types\/page"}],"author":[{"embeddable":true,"href":"https:\/\/hello.campustore.com\/de\/wp-json\/wp\/v2\/users\/5"}],"replies":[{"embeddable":true,"href":"https:\/\/hello.campustore.com\/de\/wp-json\/wp\/v2\/comments?post=1220"}],"version-history":[{"count":30,"href":"https:\/\/hello.campustore.com\/de\/wp-json\/wp\/v2\/pages\/1220\/revisions"}],"predecessor-version":[{"id":1581,"href":"https:\/\/hello.campustore.com\/de\/wp-json\/wp\/v2\/pages\/1220\/revisions\/1581"}],"wp:attachment":[{"href":"https:\/\/hello.campustore.com\/de\/wp-json\/wp\/v2\/media?parent=1220"}],"curies":[{"name":"wp","href":"https:\/\/api.w.org\/{rel}","templated":true}]}}