{"id":1228,"date":"2024-11-10T13:00:41","date_gmt":"2024-11-10T12:00:41","guid":{"rendered":"https:\/\/hello.campustore.com\/carrellone\/"},"modified":"2025-02-18T11:15:43","modified_gmt":"2025-02-18T10:15:43","slug":"carrellone","status":"publish","type":"page","link":"https:\/\/hello.campustore.com\/de\/carrellone\/","title":{"rendered":"CarrellONE"},"content":{"rendered":"\r\n<p><strong>MINT in Bewegung<\/strong><\/p>\r\n<p>CarrellONE ist das erste wissenschaftliche Labor in einem Wagen, das gleichzeitig ein MakerSpace ist und das MINT-Erlebnis in einer sch\u00f6nen und nachhaltigen Form in die Schule bringt.<\/p>\r\n<p><strong>Was macht es so besonders?<\/strong><br \/>Es l\u00f6st das Problem der Flexibilit\u00e4t und gemeinsamen Nutzung innerhalb der Schule in einer auff\u00e4lligen L\u00f6sung.<\/p>\r\n<figure><img loading=\"lazy\" decoding=\"async\" src=\"https:\/\/hello.campustore.com\/wp-content\/uploads\/2024\/11\/campustore-logo.png\" alt=\"\" width=\"250\" height=\"85\" \/><\/figure>\r\n<figure><img loading=\"lazy\" decoding=\"async\" src=\"https:\/\/hello.campustore.com\/wp-content\/uploads\/2024\/11\/francesco-bombardi-logo.png\" alt=\"\" width=\"250\" height=\"85\" \/><\/figure>\r\n<figure><img loading=\"lazy\" decoding=\"async\" src=\"https:\/\/hello.campustore.com\/wp-content\/uploads\/2024\/11\/learning-by-languages-logo.png\" alt=\"\" width=\"250\" height=\"85\" \/><\/figure>\r\n<h2>Ein MINT Wagen mit einem extra Twist<\/h2>\r\n<p>&nbsp;<\/p>\r\n<p><strong>GESS Award Finalist 2024<\/strong><\/p>\r\n<p><em>Bestes Konzept zur Vermittlung von MINT und Coding.<\/em><\/p>\r\n<p><img decoding=\"async\" src=\"https:\/\/hello.campustore.com\/wp-content\/uploads\/2024\/11\/CarrellONE_01.png\" alt=\"Bringt MINT dorthin, wo es ben\u00f6tigt wird\" \/><\/p>\r\n<h2>Bringt MINT dorthin, wo es ben\u00f6tigt wird<\/h2>\r\n<p>CarrellONE ist das erste kompakte Labor auf R\u00e4dern und ein kleines MakerSpace, das die MINT-Erfahrung in die gesamte Schule bringt, \u00fcberall, wo es gerade notwendig ist um aktive hands-on Lernerlebnisse zu erm\u00f6glichen.<br \/>Es ist ein Projekt \u201eMade in Italy&#8220;, das aus der Beobachtung dessen entsteht, was t\u00e4glich in Schulen passiert, und aus der Kreativit\u00e4t des Architekten Francesco Bombardi, kombiniert mit drei\u00dfig Jahren Forschung zu Lernr\u00e4umen, MINT und innovativen Technologien von CampuStore.<\/p>\r\n<!-- end cs container boxed --><!-- end cs image with text section -->\r\n<p><img decoding=\"async\" src=\"https:\/\/hello.campustore.com\/wp-content\/uploads\/2024\/11\/CarrellONE_04_lq.png\" alt=\"Die L\u00f6sung eines Problems\" \/><\/p>\r\n<h2>Die L\u00f6sung eines Problems<\/h2>\r\n<p>Wie oft m\u00fcssen wir Ger\u00e4te m\u00fchsam von einem Klassenzimmer in ein anderes transportieren und riskieren, sie zu besch\u00e4digen?<br \/>Wie oft improvisieren wir auf originelle Weise, um die Teilnahme und Zug\u00e4nglichkeit f\u00fcr alle zu erm\u00f6glichen, und versuchen, Ger\u00e4te anzuschlie\u00dfen, ohne \u00fcber ihre Kabel zu stolpern?Dar\u00fcber hinaus erfordert eine Laboraktivit\u00e4t ein anderes Einrichtungssystem und einen anderen Werkzeugeinsatz als in einem normalen Klassenzimmer.<br \/>CarrellONE ist die Antwort auf diese Probleme und eine neue M\u00f6glichkeit, MINT-Aktivit\u00e4ten in Schulen zu f\u00f6rdern. Es ist ein mobiles Labor und eine flexible, leicht zu bewegende L\u00f6sung, selbst wenn es mit dem Aufzug transportiert werden muss.<\/p>\r\n<!-- end cs container boxed --><!-- end cs image with text section -->\r\n<p><img decoding=\"async\" src=\"https:\/\/hello.campustore.com\/wp-content\/uploads\/2024\/11\/CarrellONE_02_lq.png\" alt=\"Technologie und MINT in einem M\u00f6belst\u00fcck\" \/><\/p>\r\n<h2>Technologie und MINT in einem M\u00f6belst\u00fcck<\/h2>\r\n<p>CarrellONE ist eine <strong>kompakte Mikroarchitektur<\/strong>, die von alten Reisekoffern inspiriert ist, die f\u00fcr transatlantische Reisen verwendet wurden. Es l\u00e4sst sich \u00f6ffnen und schlie\u00dfen und erm\u00f6glicht eine Reihe von Lernerlebnissen, die mit technologischen Kits verbunden sind, f\u00fcr die ma\u00dfgeschneiderte Platzierungen entworfen wurden.<br \/>Technologien sind nicht im Lieferumfang enthalten, um die Anpassungsw\u00fcnsche jeder Schule zu erf\u00fcllen, aber CarellONE ist bereits f\u00fcr einige Tools konzipiert und vorbereitet.<br \/>Darunter: <strong>3D-Drucker, Laserschneider, Projektor<\/strong>, LED-Leuchten, beschreibbares Whiteboard, Werkzeugwand, Schubladen f\u00fcr Roboterkomponenten, Chemielabor.<br \/>Dar\u00fcber hinaus eignet sich das Labor f\u00fcr die Aufnahme von Erg\u00e4nzungskits, die von der Schule angefordert werden: Es kann daher auf Anfrage angepasst werden.<br \/><strong>Eine Seite des Wagens ist vollst\u00e4ndig beschreibbar.<\/strong><\/p>\r\n<!-- end cs container boxed --><!-- end cs image with text section -->\r\n<h2>Download unserer Kataloge<\/h2>\r\n<p>Besuchen Sie unsere Katalogseite: Hier finden Sie eine Auswahl an Brosch\u00fcren und Katalogen in verschiedenen Sprachen. Sie alle enthalten nur einen kleinen Teil dessen, was wir Lernbegeisterten zu bieten haben. Um mehr zu erfahren, kontaktieren Sie uns einfach.<\/p>\r\n<p><a href=\"\/de\/kataloge\/\">ALLE KATALOGE ANSEHEN<\/a><\/p>\r\n<!-- end cs text container -->\r\n<p><img decoding=\"async\" src=\"https:\/\/hello.campustore.com\/wp-content\/uploads\/2024\/10\/catalog-img-3.png\" alt=\"Download unserer Kataloge\" \/><\/p>\r\n<!-- end banner with text section -->\r\n<p><style>\r\n    .cs-banner-with-text-section .cs-primary-button.with-icon:after {\r\n        content: 'f019';\r\n        font-weight: 400;\r\n    }\r\n    @media screen and (min-width: 1921px) {\r\n        .cs-banner-with-text-section {\r\n            background: url(\"https:\/\/hello.campustore.com\/wp-content\/uploads\/2024\/10\/big-bg-img-catalog.png\") no-repeat;\r\n        }\r\n    }\r\n    @media screen and (min-width: 991px) and (max-width: 1920px) {\r\n        .cs-banner-with-text-section {\r\n            background: url(\"https:\/\/hello.campustore.com\/wp-content\/uploads\/2024\/10\/bg-img-catalog.png\") no-repeat;\r\n        }\r\n    }\r\n    @media screen and (max-width: 990px) {\r\n        .cs-banner-with-text-section {\r\n            background: url(\"https:\/\/hello.campustore.com\/wp-content\/uploads\/2024\/10\/bg-img-mobile-catalog-1.png\") no-repeat left\/cover;\r\n        }\r\n    }\r\n<\/style><\/p>\r\n","protected":false},"excerpt":{"rendered":"<p>MINT in Bewegung CarrellONE ist das erste wissenschaftliche Labor in einem Wagen, das gleichzeitig ein MakerSpace ist und das MINT-Erlebnis in einer sch\u00f6nen und nachhaltigen Form in die Schule bringt. Was macht es so besonders?Es l\u00f6st das Problem der Flexibilit\u00e4t und gemeinsamen Nutzung innerhalb der Schule in einer auff\u00e4lligen L\u00f6sung. Ein MINT Wagen mit einem [&hellip;]<\/p>\n","protected":false},"author":4,"featured_media":0,"parent":0,"menu_order":0,"comment_status":"closed","ping_status":"closed","template":"templates\/template-product-line-full.php","meta":{"_acf_changed":false,"content-type":"","_genesis_hide_title":false,"_genesis_hide_breadcrumbs":false,"_genesis_hide_singular_image":false,"_genesis_hide_footer_widgets":false,"_genesis_custom_body_class":"","_genesis_custom_post_class":"","_genesis_layout":"","footnotes":""},"class_list":{"0":"post-1228","1":"page","2":"type-page","3":"status-publish","5":"entry"},"acf":[],"_links":{"self":[{"href":"https:\/\/hello.campustore.com\/de\/wp-json\/wp\/v2\/pages\/1228","targetHints":{"allow":["GET"]}}],"collection":[{"href":"https:\/\/hello.campustore.com\/de\/wp-json\/wp\/v2\/pages"}],"about":[{"href":"https:\/\/hello.campustore.com\/de\/wp-json\/wp\/v2\/types\/page"}],"author":[{"embeddable":true,"href":"https:\/\/hello.campustore.com\/de\/wp-json\/wp\/v2\/users\/4"}],"replies":[{"embeddable":true,"href":"https:\/\/hello.campustore.com\/de\/wp-json\/wp\/v2\/comments?post=1228"}],"version-history":[{"count":9,"href":"https:\/\/hello.campustore.com\/de\/wp-json\/wp\/v2\/pages\/1228\/revisions"}],"predecessor-version":[{"id":1541,"href":"https:\/\/hello.campustore.com\/de\/wp-json\/wp\/v2\/pages\/1228\/revisions\/1541"}],"wp:attachment":[{"href":"https:\/\/hello.campustore.com\/de\/wp-json\/wp\/v2\/media?parent=1228"}],"curies":[{"name":"wp","href":"https:\/\/api.w.org\/{rel}","templated":true}]}}