{"id":1238,"date":"2024-11-18T19:29:00","date_gmt":"2024-11-18T18:29:00","guid":{"rendered":"https:\/\/hello.campustore.com\/robotics-and-coding\/"},"modified":"2026-04-14T11:45:07","modified_gmt":"2026-04-14T09:45:07","slug":"robotik-und-coding","status":"publish","type":"page","link":"https:\/\/hello.campustore.com\/de\/robotik-und-coding\/","title":{"rendered":"Robotik und Coding"},"content":{"rendered":"\r\n<p><strong>DAS umfangreichste Angebto f\u00fcr Lernroboter in Europa.<\/strong><\/p>\r\n<p>&nbsp;<\/p>\r\n<p><strong>Vom Kindergarten bis in alle Phasen des lebenslangen Lernens.<\/strong><\/p>\r\n<p>Innovative L\u00f6sungen f\u00fcr praxisnahes Lernen: CampuStore hat die gr\u00f6\u00dfte Auswahl an MINT-Konzepten und Lernrobotern in Europa.<\/p>\r\n<p>Wir lieben\u00a0<strong>Roboter<\/strong>\u00a0weil sie <strong>as Lernen unterhaltsam und effektiv machen<\/strong>, aber auch, weil sie eine wunderbare M\u00f6glichkeit sind, das Wohlbefinden, die Kooperation und die Kommunikation im Klassenzimmer zu verbessern.<\/p>\r\n<p>Wir wurden von <strong>LEGO Education<\/strong>\u00a02022 als bester Partner weltweit ausgezeichnet und vertreiben seit mehr als 20 Jahren Lernroboter.<\/p>\r\n<h2>Einige unserer Partner<\/h2>\r\n<figure><img loading=\"lazy\" decoding=\"async\" src=\"https:\/\/hello.campustore.com\/wp-content\/uploads\/2025\/02\/LE-new-logo_250px.svg\" alt=\"\" width=\"300\" height=\"300\" \/><\/figure>\r\n<figure><img loading=\"lazy\" decoding=\"async\" src=\"https:\/\/hello.campustore.com\/wp-content\/uploads\/2024\/11\/arduino-education-logo.png\" alt=\"\" width=\"250\" height=\"85\" \/><\/figure>\r\n<figure><img loading=\"lazy\" decoding=\"async\" src=\"https:\/\/hello.campustore.com\/wp-content\/uploads\/2024\/11\/aldebaran-logo.png\" alt=\"\" width=\"250\" height=\"85\" \/><\/figure>\r\n<figure><img loading=\"lazy\" decoding=\"async\" src=\"https:\/\/hello.campustore.com\/wp-content\/uploads\/2024\/11\/codyroby_logo.png\" alt=\"\" width=\"250\" height=\"85\" \/><\/figure>\r\n<figure><img loading=\"lazy\" decoding=\"async\" src=\"https:\/\/hello.campustore.com\/wp-content\/uploads\/2024\/11\/dobot-logo.png\" alt=\"\" width=\"250\" height=\"85\" \/><\/figure>\r\n<figure><img loading=\"lazy\" decoding=\"async\" src=\"https:\/\/hello.campustore.com\/wp-content\/uploads\/2024\/11\/fischertechnik-logo.png\" alt=\"\" width=\"250\" height=\"85\" \/><\/figure>\r\n<figure><img loading=\"lazy\" decoding=\"async\" src=\"https:\/\/hello.campustore.com\/wp-content\/uploads\/2024\/11\/makeblock-education-logo.png\" alt=\"\" width=\"250\" height=\"85\" \/><\/figure>\r\n<figure><img loading=\"lazy\" decoding=\"async\" src=\"https:\/\/hello.campustore.com\/wp-content\/uploads\/2025\/02\/SenseBox_250px.svg\" alt=\"\" width=\"300\" height=\"300\" \/><\/figure>\r\n<h2>Programmierbare Lernkonzepte f\u00fcr alle Altersklassen<\/h2>\r\n<p><img decoding=\"async\" src=\"https:\/\/hello.campustore.com\/wp-content\/uploads\/2024\/11\/Tale-Bot_l1080px-1.png\" alt=\"Kindergarten\" \/><\/p>\r\n<h2>Kindergarten<\/h2>\r\n<p>Roboter und programmierbare Lernkonzepte <strong>k\u00f6nnen ab 3 <\/strong>Jahren effektiv verwendet werden.<\/p>\r\n<p>F\u00fcr diese Altersklasse besteht das Ziel des Einsatzes von Robotern darin, den Sch\u00fclern ein <strong>Werkzeug<\/strong> an die Hand zu geben, das ihnen hilft, <strong>aktiv mit Technologie<\/strong> umzugehen.<\/p>\r\n<p>Roboter sind auch eine gro\u00dfartige Unterst\u00fctzung bei der Entwicklung <strong>abstrakten Denkens<\/strong>, der <strong>Probleml\u00f6sekompetenzen<\/strong>, <strong>Orientierung<\/strong> und <strong>Lateralisierung<\/strong>, beim Erlernen eines kindgerechten Einstiegs in <strong>algorithmische Strukturen<\/strong> und beim Erlernen von <strong>Kommunikations-<\/strong> und <strong>Sozialkompetenzen<\/strong> durch das Arbeiten in Kleingruppen.<\/p>\r\n<p>Sicherheit und Vertrauensw\u00fcrdigkeit sind wichtig: Deshalb konzentrieren wir uns besonders in dieser Altersklasse nur auf L\u00f6sungen von Premiummarken und achten auf die besten Qualit\u00e4tspartner.<\/p>\r\n<!-- end cs container boxed --><!-- end cs image with text section -->\r\n<p><img decoding=\"async\" src=\"https:\/\/hello.campustore.com\/wp-content\/uploads\/2024\/10\/product-line-2.png\" alt=\"Grundschule\" \/><\/p>\r\n<h2>Grundschule<\/h2>\r\n<p>Roboter kommen in Grundschulen am besten zur Geltung. Hier k\u00f6nnen wir sie einsetzen, um an bestimmten F\u00e4chern und Lehrplanthemen zu arbeiten und diese zu f\u00f6rdern.<\/p>\r\n<p>Es gibt kein bevorzugtes Fach f\u00fcr die Arbeit mit Robotern: Sie k\u00f6nnen sie programmieren, um <strong>Sprach-<\/strong> oder <strong>Grammatikkenntnisse<\/strong> zu entwickeln, das mathematische Verst\u00e4ndnis zu st\u00e4rken, <strong>Geschichtskonzepte<\/strong> zu vertiefen, Begeisterung und Staunen \u00fcber die <strong>Wissenschaft<\/strong> auszudr\u00fccken und vieles mehr.<\/p>\r\n<p>Roboter sind aktive Technologien, die den Lernenden helfen, sich zu <strong>konzentrieren<\/strong>, <strong>Probleme<\/strong> und <strong>Herausforderungen<\/strong> zu visualisieren, st\u00e4rker in ihren Lernprozess eingebunden zu sein und die erlernten <strong>Konzepte<\/strong> zu verankern.<\/p>\r\n<p>Roboter wecken eine nat\u00fcrliche <strong>Neugier<\/strong> auf die umgebende Welt sowie auf <strong>Technologie<\/strong> und <strong>Innovation<\/strong>.<\/p>\r\n<p>In dieser Altersstufe k\u00f6nnen wir auch damit beginnen, eine vereinfachte Programmiersprache wie <strong>Scratch<\/strong> einzuf\u00fchren.<\/p>\r\n<!-- end cs container boxed --><!-- end cs image with text section -->\r\n<p><img decoding=\"async\" src=\"https:\/\/hello.campustore.com\/wp-content\/uploads\/2024\/11\/SPIKE-Prime_l1080px-1.png\" alt=\"Sekundarstufe I\" \/><\/p>\r\n<h2>Sekundarstufe I<\/h2>\r\n<p><b>Ein Weg zur Selbstentdeckung.<\/b><\/p>\r\n<p>Roboter sind gro\u00dfartige Werkzeuge, um Leidenschaften, Talente und Lernmethoden auszupr\u00e4gen.<\/p>\r\n<p>Wenn die Kinder \u00e4lter werden, k\u00f6nnen die MINT-orientierten Unterrichtseinheiten sie in den Orientierungsprozessen unterst\u00fctzen.<\/p>\r\n<p>Roboter sind auch sehr leistungsf\u00e4hige Werkzeuge, in den Lerngruppen \u00fcber sich hinaus zu wachsen.<\/p>\r\n<!-- end cs container boxed --><!-- end cs image with text section -->\r\n<p><img decoding=\"async\" src=\"https:\/\/hello.campustore.com\/wp-content\/uploads\/2024\/11\/NAO_h650px-1.png\" alt=\"Sekundarstufe II\" \/><\/p>\r\n<h2>Sekundarstufe II<\/h2>\r\n<p><strong>Denken, analysieren, programmieren.<\/strong><\/p>\r\n<p>Lernroboter f\u00fcr die Oberstufe sind fortschrittlich und ein gro\u00dfartiges Werkzeug f\u00fcr <strong>technische und wissenschaftliche F\u00e4cher<\/strong>.<\/p>\r\n<p>In dieser Altersklasse wird mit fortgeschrittenen Sprachen (<strong>C++, Python, \u2026<\/strong>) programmiert. Die Lernenden k\u00f6nnen <strong>Roboterarme<\/strong>, <strong>Humanoide<\/strong> oder <strong>Automatisierungs- und Industrie-4.0-Systeme<\/strong> ausprobieren.<\/p>\r\n<p>Aber es gibt auch gro\u00dfartige Beispiele f\u00fcr Roboter, die verwendet werden, um Kommunikationsanl\u00e4sse zu schaffen und darstellende Aktivit\u00e4ten durchzuf\u00fchren.<\/p>\r\n<p>Dies ist auch die Altersstufe, in der <strong>Roboterwettbewerbe<\/strong> ihr volles Potenzial entfalten und den Lernenden helfen, sich auf bestimmte <strong>Karrierewege<\/strong> (oder Studieng\u00e4nge) zu konzentrieren und <strong>soziale Kompetenzen<\/strong> (wie Kooperation, Probleml\u00f6sung, Kommunikation, Neugier) zu st\u00e4rken, die f\u00fcr immer ein Teil des Lebens der Lernenden bleiben werden.<\/p>\r\n<!-- end cs container boxed --><!-- end cs image with text section -->\r\n<h2>Download unserer Kataloge<\/h2>\r\n<p>Besuchen Sie unsere Katalogseite: Hier finden Sie eine Auswahl an Brosch\u00fcren und Katalogen in verschiedenen Sprachen. Sie alle enthalten nur einen kleinen Teil dessen, was wir Lernbegeisterten zu bieten haben. Um mehr zu erfahren, kontaktieren Sie uns einfach.<\/p>\r\n<p><a href=\"\/de\/kataloge\/\">Alle Kataloge Ansehen<\/a><\/p>\r\n<!-- end cs text container -->\r\n<p><img decoding=\"async\" src=\"https:\/\/hello.campustore.com\/wp-content\/uploads\/2024\/10\/catalog-img-3.png\" alt=\"Download unserer Kataloge\" \/><\/p>\r\n<!-- end banner with text section -->\r\n<p><style>\r\n    .cs-banner-with-text-section .cs-primary-button.with-icon:after {\r\n        content: 'f019';\r\n        font-weight: 400;\r\n    }\r\n    @media screen and (min-width: 1921px) {\r\n        .cs-banner-with-text-section {\r\n            background: url(\"https:\/\/hello.campustore.com\/wp-content\/uploads\/2024\/10\/big-bg-img-catalog.png\") no-repeat;\r\n        }\r\n    }\r\n    @media screen and (min-width: 991px) and (max-width: 1920px) {\r\n        .cs-banner-with-text-section {\r\n            background: url(\"https:\/\/hello.campustore.com\/wp-content\/uploads\/2024\/10\/bg-img-catalog.png\") no-repeat;\r\n        }\r\n    }\r\n    @media screen and (max-width: 990px) {\r\n        .cs-banner-with-text-section {\r\n            background: url(\"https:\/\/hello.campustore.com\/wp-content\/uploads\/2024\/10\/bg-img-mobile-catalog-1.png\") no-repeat left\/cover;\r\n        }\r\n    }\r\n<\/style><\/p>\r\n","protected":false},"excerpt":{"rendered":"<p>DAS umfangreichste Angebto f\u00fcr Lernroboter in Europa. &nbsp; Vom Kindergarten bis in alle Phasen des lebenslangen Lernens. Innovative L\u00f6sungen f\u00fcr praxisnahes Lernen: CampuStore hat die gr\u00f6\u00dfte Auswahl an MINT-Konzepten und Lernrobotern in Europa. Wir lieben\u00a0Roboter\u00a0weil sie as Lernen unterhaltsam und effektiv machen, aber auch, weil sie eine wunderbare M\u00f6glichkeit sind, das Wohlbefinden, die Kooperation und [&hellip;]<\/p>\n","protected":false},"author":3,"featured_media":0,"parent":0,"menu_order":0,"comment_status":"closed","ping_status":"closed","template":"templates\/template-product-line-full.php","meta":{"_acf_changed":false,"content-type":"","_genesis_hide_title":false,"_genesis_hide_breadcrumbs":false,"_genesis_hide_singular_image":false,"_genesis_hide_footer_widgets":false,"_genesis_custom_body_class":"","_genesis_custom_post_class":"","_genesis_layout":"","footnotes":""},"class_list":{"0":"post-1238","1":"page","2":"type-page","3":"status-publish","5":"entry"},"acf":[],"_links":{"self":[{"href":"https:\/\/hello.campustore.com\/de\/wp-json\/wp\/v2\/pages\/1238","targetHints":{"allow":["GET"]}}],"collection":[{"href":"https:\/\/hello.campustore.com\/de\/wp-json\/wp\/v2\/pages"}],"about":[{"href":"https:\/\/hello.campustore.com\/de\/wp-json\/wp\/v2\/types\/page"}],"author":[{"embeddable":true,"href":"https:\/\/hello.campustore.com\/de\/wp-json\/wp\/v2\/users\/3"}],"replies":[{"embeddable":true,"href":"https:\/\/hello.campustore.com\/de\/wp-json\/wp\/v2\/comments?post=1238"}],"version-history":[{"count":16,"href":"https:\/\/hello.campustore.com\/de\/wp-json\/wp\/v2\/pages\/1238\/revisions"}],"predecessor-version":[{"id":1614,"href":"https:\/\/hello.campustore.com\/de\/wp-json\/wp\/v2\/pages\/1238\/revisions\/1614"}],"wp:attachment":[{"href":"https:\/\/hello.campustore.com\/de\/wp-json\/wp\/v2\/media?parent=1238"}],"curies":[{"name":"wp","href":"https:\/\/api.w.org\/{rel}","templated":true}]}}