{"id":1251,"date":"2024-10-21T12:10:42","date_gmt":"2024-10-21T10:10:42","guid":{"rendered":"https:\/\/hello.campustore.com\/education-for-steam-in-k12\/"},"modified":"2025-02-18T11:55:29","modified_gmt":"2025-02-18T10:55:29","slug":"mint","status":"publish","type":"page","link":"https:\/\/hello.campustore.com\/de\/mint\/","title":{"rendered":"MINT"},"content":{"rendered":"\r\n<p>Innovative L\u00f6sungen f\u00fcr praxisnahes Lernen: CampuStore hat die gr\u00f6\u00dfte Auswahl an MINT-Konzepten und Lernrobotern in Europa.<\/p>\r\n<p>Wir lieben die MINT-F\u00e4cher, weil sie das Lernen effektiv machen, aber auch, weil sie eine wunderbare M\u00f6glichkeit sind, das Wohlbefinden, die Kooperation und die Zusammenarbeit im Klassenzimmer zu verbessern.<\/p>\r\n<p><strong>MINT ist ein echtes Teambuilding-Tool!<\/strong><\/p>\r\n<p>MINT-Bildungsprodukte umfassen Robotik-Kits, Programmiersets, 3D-Drucker, Virtual-Reality-Tools und interaktive Wissenschafts-Kits. Diese Tools helfen den Lernenden beim praxisnahen Lernen und f\u00f6rdern Kreativit\u00e4t und Probleml\u00f6sekompetenzen.<\/p>\r\n<h2>Einige unserer Partner<\/h2>\r\n<figure><img loading=\"lazy\" decoding=\"async\" src=\"https:\/\/hello.campustore.com\/wp-content\/uploads\/2024\/11\/campustore-logo.png\" alt=\"\" width=\"250\" height=\"85\" \/><\/figure>\r\n<figure><img loading=\"lazy\" decoding=\"async\" src=\"https:\/\/hello.campustore.com\/wp-content\/uploads\/2024\/11\/giunti-scuola-logo.png\" alt=\"\" width=\"250\" height=\"85\" \/><\/figure>\r\n<figure><img loading=\"lazy\" decoding=\"async\" src=\"https:\/\/hello.campustore.com\/wp-content\/uploads\/2025\/02\/LE-new-logo_250px.svg\" alt=\"\" width=\"300\" height=\"300\" \/><\/figure>\r\n<figure><img loading=\"lazy\" decoding=\"async\" src=\"https:\/\/hello.campustore.com\/wp-content\/uploads\/2024\/11\/fischertechnik-logo.png\" alt=\"\" width=\"250\" height=\"85\" \/><\/figure>\r\n<figure><img loading=\"lazy\" decoding=\"async\" src=\"https:\/\/hello.campustore.com\/wp-content\/uploads\/2024\/11\/arduino-education-logo.png\" alt=\"\" width=\"250\" height=\"85\" \/><\/figure>\r\n<figure><img loading=\"lazy\" decoding=\"async\" src=\"https:\/\/hello.campustore.com\/wp-content\/uploads\/2024\/11\/francesco-bombardi-logo.png\" alt=\"\" width=\"250\" height=\"85\" \/><\/figure>\r\n<figure><img loading=\"lazy\" decoding=\"async\" src=\"https:\/\/hello.campustore.com\/wp-content\/uploads\/2024\/11\/lifely_logo.png\" alt=\"\" width=\"250\" height=\"85\" \/><\/figure>\r\n<figure><img loading=\"lazy\" decoding=\"async\" src=\"https:\/\/hello.campustore.com\/wp-content\/uploads\/2024\/11\/codyroby_logo.png\" alt=\"\" width=\"250\" height=\"85\" \/><\/figure>\r\n<figure><img loading=\"lazy\" decoding=\"async\" src=\"https:\/\/hello.campustore.com\/wp-content\/uploads\/2024\/11\/makeblock-education-logo.png\" alt=\"\" width=\"250\" height=\"85\" \/><\/figure>\r\n<figure><img loading=\"lazy\" decoding=\"async\" src=\"https:\/\/hello.campustore.com\/wp-content\/uploads\/2024\/11\/xTool_logo-250px.svg\" alt=\"\" width=\"300\" height=\"300\" \/><\/figure>\r\n<figure><img loading=\"lazy\" decoding=\"async\" src=\"https:\/\/hello.campustore.com\/wp-content\/uploads\/2025\/02\/SenseBox_250px.svg\" alt=\"\" width=\"300\" height=\"300\" \/><\/figure>\r\n<h2>Unsere gefragtesten MINT-Konzepte<\/h2>\r\n<p><img decoding=\"async\" src=\"https:\/\/hello.campustore.com\/wp-content\/uploads\/2024\/11\/campusgarden-screen.png\" alt=\"CampusGarden\" \/><\/p>\r\n<h2>CampusGarden<\/h2>\r\n<p><strong>F\u00fcr Arduino gemacht, der Welt geschenkt.<\/strong><\/p>\r\n<p>Campus Garden ist das CampuStore Mini-Gew\u00e4chshaus, das mit der Power von Arduino funktioniert!<\/p>\r\n<p>Campus Garden, auch bekannt als Arduino Greenhouse Kit, macht Schulpflanzen gl\u00fccklich und nutzt ihre Daten, um realistische, sinnvolle und effektive Lernerfahrungen zu schaffen!<\/p>\r\n<!-- end cs container boxed --><!-- end cs image with text section -->\r\n<p><img decoding=\"async\" src=\"https:\/\/hello.campustore.com\/wp-content\/uploads\/2024\/11\/Tappeto-Bogliolo_1920x1080px-R100.png\" alt=\"CodyRoby\" \/><\/p>\r\n<h2>CodyRoby<\/h2>\r\n<p>Die Methode von Prof. Alessandro Bogliolo in der Praxis.<\/p>\r\n<p>Ein \u201eSchachbrett&#8220; von 2,5 x 2,5 m, das der CodyRoby-Methode entspricht und aus hochwertigstem Material hergestellt ist. Es wurde f\u00fcr den Gebrauch in Kindergarten und Schule konzipiert.<\/p>\r\n<!-- end cs container boxed --><!-- end cs image with text section -->\r\n<p><img decoding=\"async\" src=\"https:\/\/hello.campustore.com\/wp-content\/uploads\/2024\/12\/edubird_1080px-1.png\" alt=\"eduBird\" \/><\/p>\r\n<h2>eduBird<\/h2>\r\n<p><strong>Ein intelligentes Vogelh\u00e4uschen!<\/strong><br \/>eduBird ist ein Vogelhaus, das aus zwei \u00fcbereinanderliegenden Schalen besteht. Eine innere Schale besteht aus Holz, in der sich V\u00f6gel wohlf\u00fchlen, die andere \u00e4u\u00dfere Schale besteht aus Plexiglas und beherbergt und sch\u00fctzt die technischen Elemente.<br \/>eduBird erm\u00f6glicht es, das Leben in einem Vogelh\u00e4uschen aus der Ferne zu \u00fcberwachen, Bilder und Ger\u00e4usche aufzuzeichnen und sie im Laufe der Jahreszeiten \u00fcber Vogelgenerationen hinweg zu beobachten!<\/p>\r\n<!-- end cs container boxed --><!-- end cs image with text section -->\r\n<p><img decoding=\"async\" src=\"https:\/\/hello.campustore.com\/wp-content\/uploads\/2024\/12\/LEGO-BP_1080px.png\" alt=\"LEGO\u00ae Education Partner des Jahres\" \/><\/p>\r\n<h2>LEGO\u00ae Education Partner des Jahres<\/h2>\r\n<p>Wir sind seit mehr als 20 Jahren der italienische Distributor von LEGO Education.<br \/>Wir haben 2022 den Preis als weltweit bester LEGO Education-Partner erhalten und damit sind wir:<\/p>\r\n<ul>\r\n<li>vertrauensw\u00fcrdig<\/li>\r\n<li>ein langfristig effektiver Teampartner<\/li>\r\n<li>erfahren im Bildungsbereich<\/li>\r\n<li>ein Garant f\u00fcr Spitzenqualit\u00e4t<\/li>\r\n<\/ul>\r\n<h3><strong><a href=\"https:\/\/hello.campustore.com\/de\/lego-education\/\">M\u00f6chten Sie mehr erfahren? <\/a><\/strong><\/h3>\r\n<h3><strong><a href=\"https:\/\/hello.campustore.com\/de\/lego-education\/\">ZU LEGO Education<\/a><\/strong><\/h3>\r\n<!-- end cs container boxed --><!-- end cs image with text section -->\r\n<h2>Download unserer Kataloge<\/h2>\r\n<p>Besuchen Sie unsere Katalogseite: Hier finden Sie eine Auswahl an Brosch\u00fcren und Katalogen in verschiedenen Sprachen. Sie alle enthalten nur einen kleinen Teil dessen, was wir Lernbegeisterten zu bieten haben. Um mehr zu erfahren, kontaktieren Sie uns einfach.<\/p>\r\n<p><a href=\"\/de\/kataloge\/\">ALLE KATALOGE ANSEHEN<\/a><\/p>\r\n<!-- end cs text container -->\r\n<p><img decoding=\"async\" src=\"https:\/\/hello.campustore.com\/wp-content\/uploads\/2024\/10\/catalog-img-3.png\" alt=\"Download unserer Kataloge\" \/><\/p>\r\n<!-- end banner with text section -->\r\n<p><style>\r\n    .cs-banner-with-text-section .cs-primary-button.with-icon:after {\r\n        content: 'f019';\r\n        font-weight: 400;\r\n    }\r\n    @media screen and (min-width: 1921px) {\r\n        .cs-banner-with-text-section {\r\n            background: url(\"https:\/\/hello.campustore.com\/wp-content\/uploads\/2024\/10\/big-bg-img-catalog.png\") no-repeat;\r\n        }\r\n    }\r\n    @media screen and (min-width: 991px) and (max-width: 1920px) {\r\n        .cs-banner-with-text-section {\r\n            background: url(\"https:\/\/hello.campustore.com\/wp-content\/uploads\/2024\/10\/bg-img-catalog.png\") no-repeat;\r\n        }\r\n    }\r\n    @media screen and (max-width: 990px) {\r\n        .cs-banner-with-text-section {\r\n            background: url(\"https:\/\/hello.campustore.com\/wp-content\/uploads\/2024\/10\/bg-img-mobile-catalog-1.png\") no-repeat left\/cover;\r\n        }\r\n    }\r\n<\/style><\/p>\r\n","protected":false},"excerpt":{"rendered":"<p>Innovative L\u00f6sungen f\u00fcr praxisnahes Lernen: CampuStore hat die gr\u00f6\u00dfte Auswahl an MINT-Konzepten und Lernrobotern in Europa. Wir lieben die MINT-F\u00e4cher, weil sie das Lernen effektiv machen, aber auch, weil sie eine wunderbare M\u00f6glichkeit sind, das Wohlbefinden, die Kooperation und die Zusammenarbeit im Klassenzimmer zu verbessern. MINT ist ein echtes Teambuilding-Tool! MINT-Bildungsprodukte umfassen Robotik-Kits, Programmiersets, 3D-Drucker, [&hellip;]<\/p>\n","protected":false},"author":3,"featured_media":0,"parent":0,"menu_order":0,"comment_status":"closed","ping_status":"closed","template":"templates\/template-product-line-full.php","meta":{"_acf_changed":false,"content-type":"","_genesis_hide_title":false,"_genesis_hide_breadcrumbs":false,"_genesis_hide_singular_image":false,"_genesis_hide_footer_widgets":false,"_genesis_custom_body_class":"","_genesis_custom_post_class":"","_genesis_layout":"","footnotes":""},"class_list":{"0":"post-1251","1":"page","2":"type-page","3":"status-publish","5":"entry"},"acf":[],"_links":{"self":[{"href":"https:\/\/hello.campustore.com\/de\/wp-json\/wp\/v2\/pages\/1251","targetHints":{"allow":["GET"]}}],"collection":[{"href":"https:\/\/hello.campustore.com\/de\/wp-json\/wp\/v2\/pages"}],"about":[{"href":"https:\/\/hello.campustore.com\/de\/wp-json\/wp\/v2\/types\/page"}],"author":[{"embeddable":true,"href":"https:\/\/hello.campustore.com\/de\/wp-json\/wp\/v2\/users\/3"}],"replies":[{"embeddable":true,"href":"https:\/\/hello.campustore.com\/de\/wp-json\/wp\/v2\/comments?post=1251"}],"version-history":[{"count":19,"href":"https:\/\/hello.campustore.com\/de\/wp-json\/wp\/v2\/pages\/1251\/revisions"}],"predecessor-version":[{"id":1542,"href":"https:\/\/hello.campustore.com\/de\/wp-json\/wp\/v2\/pages\/1251\/revisions\/1542"}],"wp:attachment":[{"href":"https:\/\/hello.campustore.com\/de\/wp-json\/wp\/v2\/media?parent=1251"}],"curies":[{"name":"wp","href":"https:\/\/api.w.org\/{rel}","templated":true}]}}