{"id":1267,"date":"2024-10-24T09:40:14","date_gmt":"2024-10-24T07:40:14","guid":{"rendered":"https:\/\/hello.campustore.com\/who-we-are\/"},"modified":"2025-02-18T12:02:54","modified_gmt":"2025-02-18T11:02:54","slug":"uber-uns","status":"publish","type":"page","link":"https:\/\/hello.campustore.com\/de\/uber-uns\/","title":{"rendered":"\u00dcber uns"},"content":{"rendered":"\r\n<p>CampuStore ist ein italienisches Familienunternehmen, das seit 30 Jahren innovative Bildungsprojekte f\u00fcr Schulen, Lehrkr\u00e4fte und andere Akteure im Bildungsbereich entwickelt. Seit 2024 ist CampuStore auch in Deutschland aktiv.<\/p>\r\n<p><img decoding=\"async\" src=\"https:\/\/hello.campustore.com\/wp-content\/uploads\/2024\/10\/branded-products-mobile-3.png\" alt=\"Unsere Auszeichnungen\" \/><\/p>\r\n<h2>Unsere Auszeichnungen<\/h2>\r\n<p>CampuStore wurde in die folgenden Listen aufgenommen:<\/p>\r\n<ul>\r\n<li>Europas Champions f\u00fcr langfristiges Wachstum 2025<\/li>\r\n<li>Financial Times &#8211; am schnellsten wachsende Unternehmen Europas (2022 und 2023)<\/li>\r\n<li>Nationales Ranking der 450 am schnellsten wachsenden Unternehmen (2021 und 2023)<\/li>\r\n<li>Am besten performende Unternehmen der EU (2023 und 2024)<\/li>\r\n<\/ul>\r\n<!-- end cs container boxed --><!-- end cs image with text section -->\r\n<p><img decoding=\"async\" src=\"https:\/\/hello.campustore.com\/wp-content\/uploads\/2024\/10\/branded-products-mobile-2.png\" alt=\"Unsere Eigententwicklungen\" \/><\/p>\r\n<h2>Unsere Eigententwicklungen<\/h2>\r\n<p>CampuStore hat einzigartige L\u00f6sungen erfunden und entwickelt, wie Miri, den ersten immersiven Raum f\u00fcr Schulen, CarrellONE, Pinguin und viele mehr. Jede L\u00f6sung vereint wundersch\u00f6nes Design mit fortschrittlicher Technologie und p\u00e4dagogischen Inhalten.\u00a0Seit der Gr\u00fcndung hat CampuStore innovative und einsatzbereite Projekte f\u00fcr Lerneinrichtungen entwickelt.\u00a0CampuStore war das erste Unternehmen, das MINT und Bildungsrobotik nach Italien brachte, und verf\u00fcgt heute \u00fcber die gr\u00f6\u00dfte Auswahl an Lernrobotern und MINT-Konzepten in Europa. Im Laufe der Zeit wurden Lernkonzepte verbreitet, die die Art des Unterrichts ver\u00e4ndert haben, insbesondere f\u00fcr den Einsatz von Technologie im Unterricht und digitale Innovation.<\/p>\r\n<!-- end cs container boxed --><!-- end cs image with text section -->\r\n<h2>Was wir tun<\/h2>\r\n<p><img decoding=\"async\" src=\"https:\/\/hello.campustore.com\/wp-content\/uploads\/2024\/10\/branded-products-mobile.png\" alt=\"Innovation for education\" \/><\/p>\r\n<h2>Innovation for education<\/h2>\r\n<p><strong>Die wahre Innovation liegt in den Kompetenzen der Menschen.<\/strong><\/p>\r\n<p>Wir bieten Schulen und anderen Bildungseinrichtungen die <strong>innovativsten Konzepte<\/strong> der Branche an, um den menschlichen Fortschritt <strong>auf integrative Weise<\/strong> zu unterst\u00fctzen.<\/p>\r\n<p>Unsere innovativen Ideen werden <strong>spezifisch f\u00fcr Bildungseinrichtungen entwickelt<\/strong>, um die <strong>Sicherheit<\/strong> kleiner Kinder zu gew\u00e4hrleisten und gleichzeitig die <strong>Anforderungen der Lehrkr\u00e4fte<\/strong> und die <strong>Bed\u00fcrfnisse der Lernenden<\/strong> zu erf\u00fcllen.<\/p>\r\n<p>Unser gesamtes Portfolio ist das Ergebnis <strong>umfassender Forschung<\/strong> und <strong>sorgf\u00e4ltiger Auswahl<\/strong>, um die folgenden Konzepte zu identifizieren:<\/p>\r\n<ul>\r\n<li>innovativsten<\/li>\r\n<li>sichersten<\/li>\r\n<li>inklusivsten<\/li>\r\n<\/ul>\r\n<!-- end cs container boxed --><!-- end cs image with text section -->\r\n<p><img decoding=\"async\" src=\"https:\/\/hello.campustore.com\/wp-content\/uploads\/2024\/10\/branded-products.png\" alt=\"Was uns antreibt\" \/><\/p>\r\n<h2>Was uns antreibt<\/h2>\r\n<p>Bildungsangebote zu schaffen, die es allen Lernenden erm\u00f6glichen, <strong>sich auszudr\u00fccken<\/strong>, die individuellen St\u00e4rken herauszufinden, und ihnen die Chance zu geben, das Beste aus sich herauszuholen.<\/p>\r\n<p>Wir glauben an die Bedeutung einer tiefgehenden, wirksamen und kritischen Ausbildung, die sich der Realit\u00e4t bewusst ist, in der sie sich entwickelt, und mit der Zeit Schritt h\u00e4lt.<\/p>\r\n<!-- end cs container boxed --><!-- end cs image with text section -->\r\n<p><img decoding=\"async\" src=\"https:\/\/hello.campustore.com\/wp-content\/uploads\/2024\/11\/0022_400px.png\" alt=\"Unsere Eigenentwicklungen\" \/><\/p>\r\n<h2>Unsere Eigenentwicklungen<\/h2>\r\n<p><strong>Aus unserer 30-j\u00e4hrigen Erfahrung ist eine umfassende Palette einzigartiger L\u00f6sungen entstanden.<\/strong><\/p>\r\n<p>Geboren, um zu bestehen.<\/p>\r\n<p>Die CampuStore Eigenentwicklungen vereinen<\/p>\r\n<ul>\r\n<li>M\u00f6bel<\/li>\r\n<li>Technologien<\/li>\r\n<li>und echte Bildungsinhalte<\/li>\r\n<\/ul>\r\n<p>in einer leicht zug\u00e4nglichen L\u00f6sung.<\/p>\r\n<p>Sch\u00f6n und vertrauensw\u00fcrdig.<\/p>\r\n<p>Wir entwickeln brandneue und <strong>bahnbrechende Ed-Tech-L\u00f6sungen<\/strong>, die f\u00fcr den Lerneinsatz konzipiert und hergestellt werden.<\/p>\r\n<p>Die CampuStore Eigenentwicklungen ber\u00fccksichtigen die Sicherheit sowie die kognitiven und sozialen Bed\u00fcrfnisse der Lernenden und &#8211; gleichzeitig &#8211; die W\u00fcnsche der Lehrkr\u00e4fte und Schulen.<\/p>\r\n<p>Unsere L\u00f6sungen wurden entwickelt, um <strong>praktisches Lernen<\/strong> zu unterst\u00fctzen und <strong>p\u00e4dagogische Trends voranzutreiben<\/strong>.<\/p>\r\n<p><a href=\"\/catalogues\/\">Discover our products<\/a><\/p>\r\n<!-- end cs container boxed --><!-- end cs image with text section -->\r\n<h2>Was uns inspiriert<\/h2>\r\n<p><img decoding=\"async\" src=\"https:\/\/hello.campustore.com\/wp-content\/uploads\/2024\/11\/our-values-purpose_1920x1080px-R100.png\" alt=\"Unsere Werte und Ziele\" \/><\/p>\r\n<h2>Unsere Werte und Ziele<\/h2>\r\n<p>Wir m\u00f6chten neuen Generationen helfen, die bestm\u00f6gliche Version ihrer selbst zu werden, indem wir ihnen Inspiration und neue Perspektiven bieten. Wir bieten und entwickeln Tools, die Leidenschaften wecken und die ganz pers\u00f6nlichen Talente unterst\u00fctzen, die jeder auf seine Weise hat. <strong>Physisch und mental<\/strong>.<\/p>\r\n<!-- end cs container boxed --><!-- end cs image with text section -->\r\n<p><img decoding=\"async\" src=\"https:\/\/hello.campustore.com\/wp-content\/uploads\/2024\/11\/our-mission_1920x1080px-R100.png\" alt=\"Unsere Mission\" \/><\/p>\r\n<h2>Unsere Mission<\/h2>\r\n<p>Wir m\u00f6chten die Vorstellungskraft der heutigen Lernenden <strong>\u00fcber die Grenzen<\/strong> des M\u00f6glichen oder Vern\u00fcnftigen hinausf\u00fchren und ihnen helfen, sich selbst kennenzulernen, ihren Horizont zu <strong>erweitern<\/strong> und ihre <strong>Visionen<\/strong> auszubauen, um die M\u00f6glichkeit zu erkennen, <strong>Probleme<\/strong> auf neue und anregende Weise <strong>zu l\u00f6sen<\/strong>.<\/p>\r\n<!-- end cs container boxed --><!-- end cs image with text section -->\r\n<h2>Einige unserer Partner<\/h2>\r\n<p><a title=\"LE-new-logo_250px\" href=\"https:\/\/hello.campustore.com\/wp-content\/uploads\/2025\/02\/LE-new-logo_250px.svg\" data-fancybox=\"images\" data-caption=\"\" data-description=\"\"> <img decoding=\"async\" src=\"https:\/\/hello.campustore.com\/wp-content\/uploads\/2025\/02\/LE-new-logo_250px.svg\" alt=\"\" width=\"250\" height=\"53.9\" data-no-lazy=\"1\" \/> <!-- Overlay Wrapper --><!-- Overlay Wrapper Closed --> <\/a> <a title=\"fischertechnik-logo\" href=\"https:\/\/hello.campustore.com\/wp-content\/uploads\/2024\/11\/fischertechnik-logo.png\" data-fancybox=\"images\" data-caption=\"\" data-description=\"\"> <img loading=\"lazy\" decoding=\"async\" src=\"https:\/\/hello.campustore.com\/wp-content\/uploads\/2024\/11\/fischertechnik-logo.png\" alt=\"\" width=\"250\" height=\"85\" data-no-lazy=\"1\" \/> <!-- Overlay Wrapper --><!-- Overlay Wrapper Closed --> <\/a> <a title=\"arduino-education-logo\" href=\"https:\/\/hello.campustore.com\/wp-content\/uploads\/2024\/11\/arduino-education-logo.png\" data-fancybox=\"images\" data-caption=\"\" data-description=\"\"> <img loading=\"lazy\" decoding=\"async\" src=\"https:\/\/hello.campustore.com\/wp-content\/uploads\/2024\/11\/arduino-education-logo.png\" alt=\"\" width=\"250\" height=\"85\" data-no-lazy=\"1\" \/> <!-- Overlay Wrapper --><!-- Overlay Wrapper Closed --> <\/a> <a title=\"giunti-scuola-logo\" href=\"https:\/\/hello.campustore.com\/wp-content\/uploads\/2024\/11\/giunti-scuola-logo.png\" data-fancybox=\"images\" data-caption=\"\" data-description=\"\"> <img loading=\"lazy\" decoding=\"async\" src=\"https:\/\/hello.campustore.com\/wp-content\/uploads\/2024\/11\/giunti-scuola-logo.png\" alt=\"\" width=\"250\" height=\"85\" data-no-lazy=\"1\" \/> <!-- Overlay Wrapper --><!-- Overlay Wrapper Closed --> <\/a> <a title=\"francesco-bombardi-logo\" href=\"https:\/\/hello.campustore.com\/wp-content\/uploads\/2024\/11\/francesco-bombardi-logo.png\" data-fancybox=\"images\" data-caption=\"\" data-description=\"\"> <img loading=\"lazy\" decoding=\"async\" src=\"https:\/\/hello.campustore.com\/wp-content\/uploads\/2024\/11\/francesco-bombardi-logo.png\" alt=\"\" width=\"250\" height=\"85\" data-no-lazy=\"1\" \/> <!-- Overlay Wrapper --><!-- Overlay Wrapper Closed --> <\/a> <a title=\"lifely_logo\" href=\"https:\/\/hello.campustore.com\/wp-content\/uploads\/2024\/11\/lifely_logo.png\" data-fancybox=\"images\" data-caption=\"\" data-description=\"\"> <img loading=\"lazy\" decoding=\"async\" src=\"https:\/\/hello.campustore.com\/wp-content\/uploads\/2024\/11\/lifely_logo.png\" alt=\"\" width=\"250\" height=\"85\" data-no-lazy=\"1\" \/> <!-- Overlay Wrapper --><!-- Overlay Wrapper Closed --> <\/a> <a title=\"codyroby_logo\" href=\"https:\/\/hello.campustore.com\/wp-content\/uploads\/2024\/11\/codyroby_logo.png\" data-fancybox=\"images\" data-caption=\"\" data-description=\"\"> <img loading=\"lazy\" decoding=\"async\" src=\"https:\/\/hello.campustore.com\/wp-content\/uploads\/2024\/11\/codyroby_logo.png\" alt=\"\" width=\"250\" height=\"85\" data-no-lazy=\"1\" \/> <!-- Overlay Wrapper --><!-- Overlay Wrapper Closed --> <\/a> <a title=\"pinguin-logo\" href=\"https:\/\/hello.campustore.com\/wp-content\/uploads\/2024\/11\/pinguin-logo.png\" data-fancybox=\"images\" data-caption=\"\" data-description=\"\"> <img loading=\"lazy\" decoding=\"async\" src=\"https:\/\/hello.campustore.com\/wp-content\/uploads\/2024\/11\/pinguin-logo.png\" alt=\"\" width=\"250\" height=\"85\" data-no-lazy=\"1\" \/> <!-- Overlay Wrapper --><!-- Overlay Wrapper Closed --> <\/a> <a title=\"dobot-logo\" href=\"https:\/\/hello.campustore.com\/wp-content\/uploads\/2024\/11\/dobot-logo.png\" data-fancybox=\"images\" data-caption=\"\" data-description=\"\"> <img loading=\"lazy\" decoding=\"async\" src=\"https:\/\/hello.campustore.com\/wp-content\/uploads\/2024\/11\/dobot-logo.png\" alt=\"\" width=\"250\" height=\"85\" data-no-lazy=\"1\" \/> <!-- Overlay Wrapper --><!-- Overlay Wrapper Closed --> <\/a> <a title=\"meta-logo\" href=\"https:\/\/hello.campustore.com\/wp-content\/uploads\/2024\/11\/meta-logo.png\" data-fancybox=\"images\" data-caption=\"\" data-description=\"\"> <img loading=\"lazy\" decoding=\"async\" src=\"https:\/\/hello.campustore.com\/wp-content\/uploads\/2024\/11\/meta-logo.png\" alt=\"\" width=\"250\" height=\"85\" data-no-lazy=\"1\" \/> <!-- Overlay Wrapper --><!-- Overlay Wrapper Closed --> <\/a> <a title=\"xTool_logo-250px\" href=\"https:\/\/hello.campustore.com\/wp-content\/uploads\/2024\/11\/xTool_logo-250px.svg\" data-fancybox=\"images\" data-caption=\"\" data-description=\"\"> <img loading=\"lazy\" decoding=\"async\" src=\"https:\/\/hello.campustore.com\/wp-content\/uploads\/2024\/11\/xTool_logo-250px.svg\" alt=\"\" width=\"250\" height=\"31\" data-no-lazy=\"1\" \/> <!-- Overlay Wrapper --><!-- Overlay Wrapper Closed --> <\/a> <a title=\"miri-logo\" href=\"https:\/\/hello.campustore.com\/wp-content\/uploads\/2024\/11\/miri-logo.png\" data-fancybox=\"images\" data-caption=\"\" data-description=\"\"> <img loading=\"lazy\" decoding=\"async\" src=\"https:\/\/hello.campustore.com\/wp-content\/uploads\/2024\/11\/miri-logo.png\" alt=\"\" width=\"250\" height=\"85\" data-no-lazy=\"1\" \/> <!-- Overlay Wrapper --><!-- Overlay Wrapper Closed --> <\/a> <a title=\"polydron-logo\" href=\"https:\/\/hello.campustore.com\/wp-content\/uploads\/2024\/11\/polydron-logo.png\" data-fancybox=\"images\" data-caption=\"\" data-description=\"\"> <img loading=\"lazy\" decoding=\"async\" src=\"https:\/\/hello.campustore.com\/wp-content\/uploads\/2024\/11\/polydron-logo.png\" alt=\"\" width=\"250\" height=\"85\" data-no-lazy=\"1\" \/> <!-- Overlay Wrapper --><!-- Overlay Wrapper Closed --> <\/a> <a title=\"makeblock-education-logo\" href=\"https:\/\/hello.campustore.com\/wp-content\/uploads\/2024\/11\/makeblock-education-logo.png\" data-fancybox=\"images\" data-caption=\"\" data-description=\"\"> <img loading=\"lazy\" decoding=\"async\" src=\"https:\/\/hello.campustore.com\/wp-content\/uploads\/2024\/11\/makeblock-education-logo.png\" alt=\"\" width=\"250\" height=\"85\" data-no-lazy=\"1\" \/> <!-- Overlay Wrapper --><!-- Overlay Wrapper Closed --> <\/a> <a title=\"Cricut_250px\" href=\"https:\/\/hello.campustore.com\/wp-content\/uploads\/2025\/02\/Cricut_250px.svg\" data-fancybox=\"images\" data-caption=\"\" data-description=\"\"> <img loading=\"lazy\" decoding=\"async\" src=\"https:\/\/hello.campustore.com\/wp-content\/uploads\/2025\/02\/Cricut_250px.svg\" alt=\"\" width=\"250\" height=\"67\" data-no-lazy=\"1\" \/> <!-- Overlay Wrapper --><!-- Overlay Wrapper Closed --> <\/a><\/p>\r\n<h2>Download unserer Kataloge<\/h2>\r\n<p>Besuchen Sie unsere Katalogseite: Hier finden Sie eine Auswahl an Brosch\u00fcren und Katalogen in verschiedenen Sprachen. Sie alle enthalten nur einen kleinen Teil dessen, was wir Lernbegeisterten zu bieten haben. Um mehr zu erfahren, kontaktieren Sie uns einfach.<\/p>\r\n<p><a href=\"\/de\/kataloge\/\">ALLE KATALOGE ANSEHEN<\/a><\/p>\r\n<!-- end cs text container -->\r\n<p><img decoding=\"async\" src=\"https:\/\/hello.campustore.com\/wp-content\/uploads\/2024\/10\/catalog-img-3.png\" alt=\"Download unserer Kataloge\" \/><\/p>\r\n<!-- end banner with text section -->\r\n<p><style>\r\n    .cs-banner-with-text-section .cs-primary-button.with-icon:after {\r\n        content: 'f019';\r\n        font-weight: 400;\r\n    }\r\n    @media screen and (min-width: 1921px) {\r\n        .cs-banner-with-text-section {\r\n            background: url(\"https:\/\/hello.campustore.com\/wp-content\/uploads\/2024\/10\/big-bg-img-catalog.png\") no-repeat;\r\n        }\r\n    }\r\n    @media screen and (min-width: 991px) and (max-width: 1920px) {\r\n        .cs-banner-with-text-section {\r\n            background: url(\"https:\/\/hello.campustore.com\/wp-content\/uploads\/2024\/10\/bg-img-catalog.png\") no-repeat;\r\n        }\r\n    }\r\n    @media screen and (max-width: 990px) {\r\n        .cs-banner-with-text-section {\r\n            background: url(\"https:\/\/hello.campustore.com\/wp-content\/uploads\/2024\/10\/bg-img-mobile-catalog-1.png\") no-repeat left\/cover;\r\n        }\r\n    }\r\n<\/style><\/p>\r\n","protected":false},"excerpt":{"rendered":"<p>CampuStore ist ein italienisches Familienunternehmen, das seit 30 Jahren innovative Bildungsprojekte f\u00fcr Schulen, Lehrkr\u00e4fte und andere Akteure im Bildungsbereich entwickelt. Seit 2024 ist CampuStore auch in Deutschland aktiv. Unsere Auszeichnungen CampuStore wurde in die folgenden Listen aufgenommen: Europas Champions f\u00fcr langfristiges Wachstum 2025 Financial Times &#8211; am schnellsten wachsende Unternehmen Europas (2022 und 2023) Nationales [&hellip;]<\/p>\n","protected":false},"author":3,"featured_media":0,"parent":0,"menu_order":0,"comment_status":"closed","ping_status":"closed","template":"","meta":{"_acf_changed":false,"content-type":"","_genesis_hide_title":false,"_genesis_hide_breadcrumbs":false,"_genesis_hide_singular_image":false,"_genesis_hide_footer_widgets":false,"_genesis_custom_body_class":"","_genesis_custom_post_class":"","_genesis_layout":"","footnotes":""},"class_list":{"0":"post-1267","1":"page","2":"type-page","3":"status-publish","5":"entry"},"acf":[],"_links":{"self":[{"href":"https:\/\/hello.campustore.com\/de\/wp-json\/wp\/v2\/pages\/1267","targetHints":{"allow":["GET"]}}],"collection":[{"href":"https:\/\/hello.campustore.com\/de\/wp-json\/wp\/v2\/pages"}],"about":[{"href":"https:\/\/hello.campustore.com\/de\/wp-json\/wp\/v2\/types\/page"}],"author":[{"embeddable":true,"href":"https:\/\/hello.campustore.com\/de\/wp-json\/wp\/v2\/users\/3"}],"replies":[{"embeddable":true,"href":"https:\/\/hello.campustore.com\/de\/wp-json\/wp\/v2\/comments?post=1267"}],"version-history":[{"count":23,"href":"https:\/\/hello.campustore.com\/de\/wp-json\/wp\/v2\/pages\/1267\/revisions"}],"predecessor-version":[{"id":1616,"href":"https:\/\/hello.campustore.com\/de\/wp-json\/wp\/v2\/pages\/1267\/revisions\/1616"}],"wp:attachment":[{"href":"https:\/\/hello.campustore.com\/de\/wp-json\/wp\/v2\/media?parent=1267"}],"curies":[{"name":"wp","href":"https:\/\/api.w.org\/{rel}","templated":true}]}}