{"id":1299,"date":"2024-10-07T17:25:00","date_gmt":"2024-10-07T15:25:00","guid":{"rendered":"https:\/\/hello.campustore.com\/privacy-policy\/"},"modified":"2025-02-06T11:59:29","modified_gmt":"2025-02-06T10:59:29","slug":"privacy-cookie-policy","status":"publish","type":"page","link":"https:\/\/hello.campustore.com\/de\/privacy-cookie-policy\/","title":{"rendered":"Privacy &#038; Cookie Policy"},"content":{"rendered":"\r\n\r\n\t<h2><strong>Allgemeine Datenschutzerkl\u00e4rung<\/strong><\/h2>\r\n<p>&nbsp;<\/p>\r\n<h3><b><strong>EU-Verordnung 679\/2016 Datenschutz-Grundverordnung<\/strong><\/b><\/h3>\r\n<p>&nbsp;<\/p>\r\n<p>Mit der vorliegenden Erkl\u00e4rung m\u00f6chte CampuStore S.r.l. die Nutzer der Website www.campustore.com (im Folgenden die &#8218;<b><strong>Website<\/strong><\/b>&#8218;) \u00fcber die zum Schutz personenbezogener Daten verfolgte Politik informieren und dabei sein Engagement sowie seine besondere Sorgfalt im Hinblick auf den Schutz der Privatsph\u00e4re der Besucher der Website hervorheben. Bitte lesen Sie unsere Datenschutzerkl\u00e4rung sorgf\u00e4ltig durch &#8211; sie gilt sowohl, wenn Sie die Website lediglich besuchen und darin surfen, als auch, wenn Sie unsere Dienste in Anspruch nehmen m\u00f6chten.<\/p>\r\n<p>Das Surfen auf der Website ist kostenlos und erfordert keine Registrierung, mit Ausnahme bestimmter Bereiche, in denen der Nutzer freiwillig und ausdr\u00fccklich eine Reihe von Daten \u00fcber sich angeben kann, um gezielt identifizierte Dienste zu nutzen (z. B. um sich auf der Website zu registrieren und ein pers\u00f6nliches Konto zu erstellen oder um Informationen \u00fcber den Bereich \u201eKontakt&#8220; anzufordern).<\/p>\r\n<p>M\u00f6chte der Nutzer also seine personenbezogenen Daten angeben, um Zugang zu diesen zus\u00e4tzlichen Diensten zu erhalten, wird er gem\u00e4\u00df der EU-Verordnung 679\/2016 Datenschutz-Grundverordnung (der &#8218;<b><strong>Verordnung<\/strong><\/b>&#8218;) ausdr\u00fccklich dar\u00fcber informiert &#8211; unter anderem mit einem Hinweis (zum Beispiel) auf die Zwecke und Methoden der Datenverwendung durch CampuStore S.r.l. sowie auf sein Recht, jederzeit die L\u00f6schung oder Aktualisierung der Daten zu verlangen.<\/p>\r\n<p>Gem\u00e4\u00df Art. 13 der EU-Verordnung 679\/2016 Datenschutz-Grundverordnung stellt Ihnen CampuStore S.r.l. die folgenden Informationen zur Verf\u00fcgung.<\/p>\r\n<h3><b><strong>1.<\/strong><\/b> <b><strong>Identit\u00e4t und Kontaktdaten des Verantwortlichen<\/strong><\/b><\/h3>\r\n<p>Die Website www.campustore.com (die &#8218;<b><strong>Website<\/strong><\/b>&#8218;) wird von CampuStore S.r.l. verwaltet, mit Sitz in Viale Asiago 113, 36061 Bassano del Grappa (VI) C.F. und P.IVA 02409740244, E-Mail <a href=\"mailto:info@campustore.it\"><b><strong>info@campustore.it<\/strong><\/b><\/a> (&#8218;<b><strong>CampuStore<\/strong><\/b>&#8218;), in seiner Eigenschaft als Verantwortlicher gem\u00e4\u00df der EU-Verordnung 679\/2016 Datenschutz-Grundverordnung (der &#8218;<b><strong>Verordnung<\/strong><\/b>&#8218;).<\/p>\r\n<h3><b><strong>2.<\/strong><\/b> <b><strong>Arten der verarbeiteten personenbezogenen Daten<\/strong><\/b><\/h3>\r\n<p>F\u00fcr den Zugang zur Website ist keine Registrierung erforderlich. Es gibt jedoch Bereiche der Website, die eine Registrierung bzw. die Verwendung eines Benutzernamens und Passworts erfordern (z. B. um sich auf der Website zu registrieren und auf Ihr Konto zuzugreifen) oder Dienste, f\u00fcr deren Nutzung Sie Ihre Daten angeben m\u00fcssen (z. B. um uns zu kontaktieren, den Newsletter zu erhalten usw.).<\/p>\r\n<p>Bez\u00fcglich der Daten, die im Rahmen der Navigation auf der Website anfallen, beachten Sie bitte auch Punkt 6 weiter unten, in dem auf die von der Website eingesetzten Profiling-Tools eingegangen wird.<\/p>\r\n<h3><b><strong>3.<\/strong><\/b> <b><strong>Zweck und Rechtsgrundlage der Verarbeitung<\/strong><\/b><\/h3>\r\n<p>Die Daten werden f\u00fcr Zwecke erhoben und verarbeitet, die ausschlie\u00dflich mit der Nutzung der Website und ihrer Dienste zusammenh\u00e4ngen. Die Zwecke, f\u00fcr die die Daten verwendet werden, sind in den jeweils spezifischen Hinweisen, die bei jeder Datenerhebung auf der Website bereitgestellt werden, detailliert dargelegt. Wir bitten Sie daher, die Informationshinweise, in denen von Zeit zu Zeit die Merkmale der von CampuStore durchzuf\u00fchrenden Verarbeitung (z. B. bei der Registrierung auf der Website und der Erstellung Ihres pers\u00f6nlichen Kontos oder beim Versenden von Anfragen \u00fcber den Bereich \u201eKontakt&#8220;) erl\u00e4utert werden, aufmerksam zu lesen.<\/p>\r\n<p>Ihre Daten werden in vollst\u00e4ndiger \u00dcbereinstimmung mit den geltenden Datenschutzbestimmungen verarbeitet.<\/p>\r\n<h3><b><strong>4.<\/strong><\/b> <b><strong>Freiwillige Angabe personenbezogener Daten<\/strong><\/b><\/h3>\r\n<p>Die Angabe personenbezogener Daten ist grunds\u00e4tzlich freiwillig. Nur in bestimmten F\u00e4llen kann das Unterlassen der Angabe dazu f\u00fchren, dass der Zugang zu bestimmten Diensten und die Inanspruchnahme dessen, was angefordert werden kann, nicht m\u00f6glich ist (z. B. ist eine Registrierung &#8211; also die Angabe personenbezogener Daten und der E-Mail-Adresse &#8211; erforderlich, um ein pers\u00f6nliches Konto auf der Website zu erstellen); das Unterlassen der Angabe solcher Daten kann daher verhindern, dass CampuStore den Zugang zu den Diensten der Website bereitstellt oder auf Anfragen der Nutzer reagiert.<\/p>\r\n<p>Die von Zeit zu Zeit erforderlichen Daten sind in den Datenerfassungsformularen auf der Website angegeben &#8211; z. B. durch Markierung mit einem Sternchen (*) &#8211; und die Folgen des Nichtangeben dieser Daten werden in den spezifischen Informationen auf den entsprechenden Seiten erl\u00e4utert.<\/p>\r\n<h3><b><strong>5.<\/strong><\/b> <b><strong>Art der Datenverarbeitung und Umfang der Weitergabe<\/strong><\/b><\/h3>\r\n<p>Die Daten werden elektronisch verarbeitet. CampuStore garantiert die rechtm\u00e4\u00dfige und korrekte Verarbeitung der \u00fcber die Website bereitgestellten personenbezogenen Daten in voller \u00dcbereinstimmung mit den geltenden Vorschriften sowie die gr\u00f6\u00dftm\u00f6gliche Vertraulichkeit der bei der Registrierung angegebenen Daten.<\/p>\r\n<p>Die Daten werden nicht verbreitet und von Mitarbeitern verarbeitet, die ausdr\u00fccklich von der IT- und Marketingabteilung zur Verwaltung der Website autorisiert sind.<\/p>\r\n<p>Aus organisatorischen und funktionalen Gr\u00fcnden hat CampuStore eine Reihe von Dienstleistern, die f\u00fcr die Verwaltung der Website zust\u00e4ndig sind, als externe Auftragsverarbeiter der personenbezogenen Daten der Nutzer benannt &#8211; ausschlie\u00dflich f\u00fcr Zwecke, die mit der Erbringung der Dienste in Zusammenhang stehen. Eine vollst\u00e4ndige Liste der externen Auftragsverarbeiter kann schriftlich unter <a href=\"mailto:info@campustore.it\"><b><strong>info@campustore.it<\/strong><\/b><\/a> angefordert werden.<\/p>\r\n<h3><b><strong>6.<\/strong><\/b> <b><strong>Links zu anderen Websites<\/strong><\/b><\/h3>\r\n<p>Diese Informationen werden ausschlie\u00dflich f\u00fcr die Website www.campustore.com bereitgestellt und nicht f\u00fcr andere Websites, die der Nutzer \u00fcber Links aufrufen k\u00f6nnte. CampuStore \u00fcbernimmt keine Verantwortung f\u00fcr personenbezogene Daten, die von Nutzern an Dritte oder an Websites, die mit dieser Website verlinkt sind, \u00fcbermittelt werden.<\/p>\r\n<h3><b><strong>7.<\/strong><\/b> <b><strong>Profiling- und\/oder Personalisierungstools<\/strong><\/b><\/h3>\r\n<p>CampuStore f\u00fchrt keine Werbe- und\/oder Marketingaktivit\u00e4ten <b><strong>ohne die vorherige ausdr\u00fcckliche Zustimmung des Nutzers<\/strong><\/b> durch.<\/p>\r\n<p>Die Website verwendet <em>Cookies<\/em>, und zwar sowohl <em>technische<\/em> (d.h. zur Erleichterung der Navigation und Nutzung der Website) als auch <em>profilingbezogene<\/em> (d.h. zur Analyse der Nutzer sowie ihres Verhaltens und ihrer Vorlieben, um ihnen personalisierte Werbung bereitzustellen).<\/p>\r\n<p>F\u00fcr eine detaillierte Erkl\u00e4rung der von der Website verwendeten Cookies und zur Deaktivierung derselben lesen Sie bitte unsere <b><strong>Cookie-Richtlinie<\/strong><\/b>.<\/p>\r\n<h3><b><strong>8.<\/strong><\/b> <b><strong>Ort der Datenverarbeitung und \u00dcbermittlungen au\u00dferhalb der Europ\u00e4ischen Union<\/strong><\/b><\/h3>\r\n<p>Die Verarbeitung der im Zusammenhang mit den auf der Website bereitgestellten Diensten erhobenen Daten erfolgt am Sitz von CampuStore in Viale Asiago 113, 36061 Bassano del Grappa (VI) &#8211; Italien. Die \u00fcber die Website erhobenen und verarbeiteten Daten werden nicht in L\u00e4nder au\u00dferhalb der Europ\u00e4ischen Union \u00fcbermittelt.<\/p>\r\n<h3><b><strong>9.<\/strong><\/b> <b><strong>Aufbewahrungsdauer der Daten<\/strong><\/b><\/h3>\r\n<p>Ihre Daten werden f\u00fcr die in den zum Zeitpunkt der Erhebung bereitgestellten Informationen angegebenen Zeitr\u00e4ume verarbeitet (z. B. bei der Registrierung auf der Website und der Erstellung Ihres pers\u00f6nlichen Kontos, bei der Nutzung des Kontaktservices usw.).<\/p>\r\n<p>Bez\u00fcglich der Aufbewahrungsdauer der durch den Einsatz von Profiling-Tools (z. B. Cookies) erhobenen Daten lesen Sie bitte unsere <b><strong>Cookie-Richtlinie<\/strong><\/b>.<\/p>\r\n<h3><b><strong>10.<\/strong><\/b> <b><strong>Rechte der betroffenen Personen<\/strong><\/b><\/h3>\r\n<p>Durch eine Mitteilung an <a href=\"mailto:info@campustore.it\"><b><strong>info@campustore.it<\/strong><\/b><\/a> k\u00f6nnen Sie bei CampuStore S.r.l., mit Sitz in Viale Asiago 113, 36061 Bassano del Grappa (VI), jederzeit Ihre gem\u00e4\u00df den Artikeln 15 bis 22 der Verordnung zustehenden Rechte aus\u00fcben &#8211; etwa das Recht, zu erfahren, welche Daten wir verarbeiten, wie und zu welchen Zwecken diese verwendet werden, die von Ihnen bereitgestellten Daten zu \u00e4ndern oder l\u00f6schen zu lassen, uns aufzufordern, die Nutzung Ihrer Daten einzuschr\u00e4nken, oder die \u00dcbermittlung bzw. den Erhalt Ihrer Daten zu verlangen, unbeschadet Ihres Rechts, eine erteilte Einwilligung (sofern vorhanden) zu widerrufen. Ferner k\u00f6nnen Sie jederzeit der Verarbeitung Ihrer Daten widersprechen, insbesondere wenn diese zu Marketingzwecken oder zur Analyse Ihrer Pr\u00e4ferenzen erfolgt.<\/p>\r\n<h3><b><strong>11.<\/strong><\/b> <b><strong>An wen Sie sich wenden k\u00f6nnen, um eine Beschwerde einzureichen<\/strong><\/b><\/h3>\r\n<p>Wir weisen darauf hin, dass Sie, falls Sie der Ansicht sind, dass die Verarbeitung Ihrer Daten gegen die Bestimmungen der Verordnung verst\u00f6\u00dft, jederzeit eine Beschwerde bei der Datenschutzbeh\u00f6rde <a href=\"http:\/\/www.garanteprivacy.it\/\" target=\"_blank\" rel=\"noopener\"><b><strong>(www.garanteprivacy.it<\/strong><\/b><\/a> oder bei der Datenschutzbeh\u00f6rde des Landes, in dem Sie \u00fcblicherweise wohnen oder arbeiten &#8211; beziehungsweise des Ortes, an dem der mutma\u00dfliche Versto\u00df erfolgt ist &#8211; einreichen k\u00f6nnen.<\/p>\r\n<h3><b><strong>13.<\/strong><\/b> <b><strong>Anwendbares Recht<\/strong><\/b><\/h3>\r\n<p>Diese Datenschutzerkl\u00e4rung unterliegt der EU-Verordnung 679\/2016, die sicherstellt, dass die Verarbeitung personenbezogener Daten unter Achtung der Grundrechte, -freiheiten und der W\u00fcrde der betroffenen Person erfolgt &#8211; insbesondere in Bezug auf Vertraulichkeit, pers\u00f6nliche Identit\u00e4t und den Schutz personenbezogener Daten.<\/p>\r\n<h3><b><strong>14.<\/strong><\/b> <b><strong>\u00c4nderungsklausel<\/strong><\/b><\/h3>\r\n<p>CampuStore beh\u00e4lt sich das Recht vor, diese Datenschutzerkl\u00e4rung ganz oder teilweise, nach eigenem Ermessen, in jeglicher Form und\/oder zu jeder Zeit ohne vorherige Ank\u00fcndigung zu \u00fcberarbeiten, zu modifizieren oder zu aktualisieren &#8211; auch im Hinblick auf \u00c4nderungen gesetzlicher oder regulatorischer Bestimmungen zum Schutz personenbezogener Daten. \u00c4nderungen und Aktualisierungen der Datenschutzerkl\u00e4rung werden den Nutzern (i) per E-Mail an registrierte Nutzer der Website und (ii) durch Ver\u00f6ffentlichung auf der Startseite der Website mitgeteilt und sind ab ihrer Ver\u00f6ffentlichung verbindlich. Wir bitten Sie daher, regelm\u00e4\u00dfig diesen Bereich aufzusuchen, um die jeweils aktuellste Version der Datenschutzerkl\u00e4rung einzusehen oder Ihren E-Mail-Eingang zu pr\u00fcfen.<\/p>\r\n<p>Den vollst\u00e4ndigen Text der EU-Verordnung 679\/2016 k\u00f6nnen Sie auf der Website des Garante per la Protezione dei dati personali <a href=\"http:\/\/www.garanteprivacy.it\/\" target=\"_blank\" rel=\"noopener\"><b><strong>www.garanteprivacy.it<\/strong><\/b><\/a> einsehen.<\/p>\r\n<h2><b><strong>Cookie-Richtlinie<\/strong><\/b><\/h2>\r\n<p>&nbsp;<\/p>\r\n<p>Gem\u00e4\u00df Artikel 13 der EU-Verordnung 679\/2016 Datenschutz-Grundverordnung (der &#8218;<b><strong>Verordnung<\/strong><\/b>&#8218;) stellt Ihnen CampuStore S.r.l., mit Sitz in Viale Asiago 113, 36061 Bassano del Grappa (VI) C.F. und P.IVA 02409740244, E-Mail <a href=\"mailto:info@campustore.it\"><b><strong>info@campustore.it<\/strong><\/b><\/a>, in seiner Eigenschaft als Verantwortlicher (im Folgenden: &#8218;<b><strong>CampuStore<\/strong><\/b>&#8218; oder der &#8218;<b><strong>Websitebetreiber<\/strong><\/b>&#8218;) die folgenden Informationen zu den auf der Website www.campustore.com installierten Cookies (im Folgenden die &#8218;<b><strong>Website<\/strong><\/b>&#8218;) zur Verf\u00fcgung.<\/p>\r\n<h3><b><strong>1.<\/strong><\/b> <b><strong>Was sind Cookies<\/strong><\/b><\/h3>\r\n<p>Cookies sind Textdateien, die von einem Webserver (d.h. dem Computer, auf dem die besuchte Website gehostet wird) an den Browser des Nutzers (z. B. Internet Explorer, Firefox, Google Chrome usw.) gesendet und auf dem Ger\u00e4t &#8211; sei es station\u00e4r oder mobil (Computer, Smartphone, Tablet) &#8211; gespeichert werden und die der Navigation des Nutzers dienen. Der Cookie erm\u00f6glicht es der Website, das Ger\u00e4t des Nutzers anhand der darin gespeicherten Informationen zu identifizieren, jedes Mal, wenn sich der Nutzer \u00fcber dieses Ger\u00e4t erneut mit der Website verbindet.<\/p>\r\n<h3><b><strong>2.<\/strong><\/b> <b><strong>Welche Arten von Cookies CampuStore verwendet<\/strong><\/b><\/h3>\r\n<h4><b><strong>Technische Browsing- bzw. Sitzungs-Cookies<\/strong><\/b><\/h4>\r\n<p>CampuStore verwendet technische Navigations- bzw. Sitzungs-Cookies, um eine normale und effiziente Navigation sowie Nutzung der Website und der von ihr angebotenen Dienste zu erm\u00f6glichen.<\/p>\r\n<p>Diese Cookies bed\u00fcrfen nicht der vorherigen ausdr\u00fccklichen Zustimmung des Nutzers, da sie zur Bereitstellung des vom Nutzer angeforderten Dienstes unbedingt erforderlich sind.<\/p>\r\n<h4><b><strong>Technische Funktions-Cookies<\/strong><\/b><\/h4>\r\n<p>CampuStore setzt technische Funktions-Cookies ein, die es Ihnen erm\u00f6glichen, nach von Ihnen gew\u00e4hlten Kriterien zu navigieren (zum Beispiel Sprache oder die Produkte, die Sie erwerben m\u00f6chten), um die von der Website bereitgestellten Dienste zu verbessern. Auf der Website erm\u00f6glichen Ihnen diese Cookies &#8211; basierend auf Ihrer ausdr\u00fccklichen Anfrage &#8211; bei sp\u00e4teren Zugriffen, wiedererkannt zu werden. Funktions-Cookies sind zwar nicht essentiell f\u00fcr den Betrieb der Website, verbessern jedoch die Qualit\u00e4t und das Nutzererlebnis.<\/p>\r\n<p>Diese Cookies bed\u00fcrfen nicht der vorherigen ausdr\u00fccklichen Zustimmung des Nutzers, da sie zur Bereitstellung des vom Nutzer angeforderten Dienstes unbedingt erforderlich sind.<\/p>\r\n<h4><b><strong>Analytische Cookies<\/strong><\/b><\/h4>\r\n<p>CampuStore, als Betreiber der Website, verwendet analytische Cookies von Drittanbietern, um Informationen \u00fcber die Nutzung der Website durch die Nutzer (z. B. Besucherzahlen, besuchte Seiten, auf der Website verbrachte Zeit usw.) zu sammeln und auf aggregierter Basis statistische Analysen \u00fcber die Anzahl der Nutzer und ihr Navigationsverhalten durchzuf\u00fchren. F\u00fcr den Einsatz dieser Cookies wurden Kriterien zur Anonymisierung der IP-Adresse angewendet. Diese Cookies bed\u00fcrfen nicht der vorherigen ausdr\u00fccklichen Zustimmung des Nutzers, da sie zur Bereitstellung des vom Nutzer angeforderten Dienstes unbedingt erforderlich sind.<\/p>\r\n<h4><b><strong>Drittanbieter-Profiling-Cookies<\/strong><\/b><\/h4>\r\n<p>CampuStore verwendet Profiling-Cookies von Drittanbietern (d.h. Cookies, die von anderen Parteien als CampuStore ausgegeben und verwaltet werden), um Werbebotschaften entsprechend den w\u00e4hrend des Surfens ge\u00e4u\u00dferten Pr\u00e4ferenzen des Nutzers zu versenden.<\/p>\r\n<p>Diese Kategorie von Cookies umfasst auch soziale Cookies von Drittanbietern, die die Sammlung von Informationen \u00fcber die Nutzung sozialer Netzwerke durch den Nutzer erm\u00f6glichen.<\/p>\r\n<p>Die Verwendung dieser Cookies erfordert die ausdr\u00fcckliche und informierte Zustimmung des Nutzers.<\/p>\r\n<h3><b><strong>3.<\/strong><\/b> <b><strong>Eigenschaften der von CampuStore auf der Website verwendeten Cookies<\/strong><\/b><\/h3>\r\n\r\n<h3><b><strong>4.<\/strong><\/b> <b><strong>Verwaltung der Cookie-Einstellungen<\/strong><\/b><\/h3>\r\n<p>Wenn Sie eine beliebige Seite der Website aufrufen, erscheint ein Banner, das eine Zusammenfassung der von CampuStore verwendeten Cookies enth\u00e4lt. Indem Sie Ihre Zustimmung \u00fcber das Banner erteilen, willigen Sie in die Verwendung von Profiling-Cookies ein.<\/p>\r\n<p>Bitte beachten Sie, dass Ihre Zustimmung nur beim ersten Zugriff auf die Website abgefragt wird &#8211; anschlie\u00dfend wird Ihre Zustimmung mittels eines technischen Cookies gespeichert, sodass Sie bei Ihrer R\u00fcckkehr direkt auf die Seiten der Website zugreifen k\u00f6nnen (unbeschadet Ihres Rechts, Cookies jederzeit zu deaktivieren\/aktivieren oder zu l\u00f6schen &#8211; in diesem Fall wird die Website bei Ihrem n\u00e4chsten Besuch erneut um Ihre Zustimmung bitten).<\/p>\r\n<p>Weitere Informationen zur Deaktivierung von Drittanbieter-Cookies finden Sie, indem Sie auf die Links in der Spalte \u201eWeitere Informationen und Links zu den Richtlinien von Drittanbietern sowie zu Einwilligungsformularen&#8220; in der obigen Tabelle klicken. Nach dieser Operation k\u00f6nnen jedoch einige Funktionen der Webseiten eingeschr\u00e4nkt sein.<\/p>\r\n<h3><b><strong>5.<\/strong><\/b> <b><strong>\u00c4nderung der Browsereinstellungen f\u00fcr Cookies<\/strong><\/b><\/h3>\r\n<p>Unabh\u00e4ngig davon k\u00f6nnen Sie Cookies jederzeit \u00fcber die Einstellungen Ihres Webbrowsers deaktivieren\/aktivieren oder l\u00f6schen. Insbesondere, wenn Sie keine Cookies empfangen m\u00f6chten, k\u00f6nnen Sie Ihren Browser so konfigurieren, dass Sie \u00fcber das Vorhandensein eines Cookies informiert werden und entscheiden, ob Sie es akzeptieren m\u00f6chten oder nicht; Sie k\u00f6nnen auch alle Cookies automatisch ablehnen, indem Sie die entsprechende Option in Ihrem Browser aktivieren. Zudem k\u00f6nnen Sie bereits in Ihrem Browser gespeicherte Cookies einzeln l\u00f6schen oder bestimmte Websites daran hindern, Cookies auf Ihrem Rechner zu speichern &#8211; beziehungsweise Cookies von Drittanbietern blockieren.<\/p>\r\n<p>Nachfolgend finden Sie die von den wichtigsten Browsern angebotenen M\u00f6glichkeiten:<\/p>\r\n<ul>\r\n<li><b><strong>Internet Explorer<\/strong><\/b> (http:\/\/windows.microsoft.com\/it-it\/windows7\/how-to-manage-cookie-in-internet-explorer-9)<\/li>\r\n<li><b><strong>Chrome<\/strong><\/b> (https:\/\/support.google.com\/chrome\/answer\/95647?hl=it)<\/li>\r\n<li><b><strong>Firefox<\/strong><\/b> (https:\/\/support.mozilla.org\/it\/kb\/Gestione%20dei%20cookie)<\/li>\r\n<li><b><strong>Opera<\/strong><\/b> (http:\/\/help.opera.com\/Windows\/10.00\/it\/cookie.html)<\/li>\r\n<li><b><strong>Safari<\/strong><\/b> (https:\/\/support.apple.com\/it-it\/HT201265)<\/li>\r\n<\/ul>\r\n<p>Nach der Deaktivierung aller Cookies, einschlie\u00dflich technischer Cookies, k\u00f6nnen einige Funktionen der Webseiten m\u00f6glicherweise nicht korrekt ausgef\u00fchrt werden.<\/p>\r\n<p>Sie k\u00f6nnen Ihre Cookie-Einstellungen auch unter http:\/\/www.youronlinechoices.com verwalten.<\/p>\r\n<h3><b><strong>6.<\/strong><\/b> <b><strong>Wer Ihre Daten verarbeitet<\/strong><\/b><\/h3>\r\n<p>Die mittels Cookies gesammelten Daten k\u00f6nnen von Mitarbeitern und Kooperationspartnern von CampuStore verarbeitet werden, die in ihrer Funktion als zur Verarbeitung dieser Daten autorisierte Personen t\u00e4tig sind. Zudem k\u00f6nnen diese Daten von Unternehmen verarbeitet werden, die technische und organisatorische Aufgaben im Auftrag von CampuStore \u00fcbernehmen &#8211; diese wurden ausdr\u00fccklich benannt und handeln als externe Auftragsverarbeiter.<\/p>\r\n<p>Die mittels Cookies gesammelten Daten werden nicht weitergegeben.<\/p>\r\n<h3><b><strong>7.<\/strong><\/b> <b><strong>Welche Rechte Ihnen zustehen<\/strong><\/b><\/h3>\r\n<p>Durch eine Mitteilung an <a href=\"mailto:info@campustore.it\"><b><strong>info@campustore.it<\/strong><\/b><\/a> k\u00f6nnen Sie jederzeit Ihre gem\u00e4\u00df den Artikeln 15 bis 22 der Verordnung zustehenden Rechte aus\u00fcben, einschlie\u00dflich:<\/p>\r\n<ul>\r\n<li>die Best\u00e4tigung dar\u00fcber zu erhalten, ob personenbezogene Daten, die Sie betreffen, verarbeitet werden oder nicht;<\/li>\r\n<li>Zugang zu Ihren personenbezogenen Daten sowie zu den in Artikel 15 der Verordnung genannten Informationen zu erhalten;<\/li>\r\n<li>die unverz\u00fcgliche Berichtigung unrichtiger oder die Vervollst\u00e4ndigung unvollst\u00e4ndiger personenbezogener Daten zu verlangen;<\/li>\r\n<li>die unverz\u00fcgliche L\u00f6schung der Sie betreffenden personenbezogenen Daten zu verlangen;<\/li>\r\n<li>die Einschr\u00e4nkung der Verarbeitung der Sie betreffenden personenbezogenen Daten zu verlangen;<\/li>\r\n<li>\u00fcber jede Berichtigung, L\u00f6schung oder Einschr\u00e4nkung der Verarbeitung der Sie betreffenden personenbezogenen Daten informiert zu werden;<\/li>\r\n<li>die Sie betreffenden personenbezogenen Daten in einem strukturierten, g\u00e4ngigen und maschinenlesbaren Format zu erhalten;<\/li>\r\n<li>jederzeit &#8211; aus Gr\u00fcnden, die Ihre besondere Situation betreffen &#8211; der Verarbeitung der Sie betreffenden personenbezogenen Daten zu widersprechen.<\/li>\r\n<\/ul>\r\n<p>Insbesondere bleibt Ihr Recht, jederzeit jede erteilte Einwilligung zur Verarbeitung zu widerrufen und unseren Analyseaktivit\u00e4ten zu widersprechen, unber\u00fchrt. Ferner haben Sie gem\u00e4\u00df Art. 21 der Verordnung das Recht, jederzeit &#8211; aus Gr\u00fcnden, die Ihre besondere Situation betreffen &#8211; der Verarbeitung der Sie betreffenden personenbezogenen Daten zu widersprechen, wenn diese auf Grundlage der berechtigten Interessen des Verantwortlichen gem\u00e4\u00df Art. 6 Abs. 1 lit. f der Verordnung erfolgt.<\/p>\r\n<h3><b><strong>8.<\/strong><\/b> <b><strong>An wen Sie sich wenden k\u00f6nnen, um eine Beschwerde einzureichen<\/strong><\/b><\/h3>\r\n<p>Wir weisen darauf hin, dass Sie, falls Sie der Ansicht sind, dass die Verarbeitung Ihrer personenbezogenen Daten gegen die Bestimmungen der Verordnung verst\u00f6\u00dft, jederzeit eine Beschwerde bei der Datenschutzbeh\u00f6rde (www.garanteprivacy.it) oder bei der Datenschutzbeh\u00f6rde des Landes, in dem Sie \u00fcblicherweise wohnen oder arbeiten &#8211; beziehungsweise des Ortes, an dem der angebliche Versto\u00df erfolgt ist &#8211; einreichen k\u00f6nnen.<\/p>\r\n<h3><b><strong>9.<\/strong><\/b> <b><strong>Der Verantwortliche<\/strong><\/b><\/h3>\r\n<p><b><strong>CampuStore S.r.l.<\/strong><\/b>, mit Sitz in Viale Asiago 113, 36061 Bassano del Grappa (VI) C.F. und P.IVA 02409740244, E-Mail <a href=\"mailto:info@campustore.it\"><b><strong>info@campustore.it<\/strong><\/b><\/a> ist der Verantwortliche gem\u00e4\u00df den geltenden Vorschriften.<\/p>\r\n\r\n","protected":false},"excerpt":{"rendered":"<p>Allgemeine Datenschutzerkl\u00e4rung &nbsp; EU-Verordnung 679\/2016 Datenschutz-Grundverordnung &nbsp; Mit der vorliegenden Erkl\u00e4rung m\u00f6chte CampuStore S.r.l. die Nutzer der Website www.campustore.com (im Folgenden die &#8218;Website&#8218;) \u00fcber die zum Schutz personenbezogener Daten verfolgte Politik informieren und dabei sein Engagement sowie seine besondere Sorgfalt im Hinblick auf den Schutz der Privatsph\u00e4re der Besucher der Website hervorheben. Bitte lesen Sie [&hellip;]<\/p>\n","protected":false},"author":3,"featured_media":0,"parent":0,"menu_order":0,"comment_status":"closed","ping_status":"closed","template":"templates\/template-simple.php","meta":{"_acf_changed":false,"content-type":"","_genesis_hide_title":false,"_genesis_hide_breadcrumbs":false,"_genesis_hide_singular_image":false,"_genesis_hide_footer_widgets":false,"_genesis_custom_body_class":"","_genesis_custom_post_class":"","_genesis_layout":"","footnotes":""},"class_list":{"0":"post-1299","1":"page","2":"type-page","3":"status-publish","5":"entry"},"acf":[],"_links":{"self":[{"href":"https:\/\/hello.campustore.com\/de\/wp-json\/wp\/v2\/pages\/1299","targetHints":{"allow":["GET"]}}],"collection":[{"href":"https:\/\/hello.campustore.com\/de\/wp-json\/wp\/v2\/pages"}],"about":[{"href":"https:\/\/hello.campustore.com\/de\/wp-json\/wp\/v2\/types\/page"}],"author":[{"embeddable":true,"href":"https:\/\/hello.campustore.com\/de\/wp-json\/wp\/v2\/users\/3"}],"replies":[{"embeddable":true,"href":"https:\/\/hello.campustore.com\/de\/wp-json\/wp\/v2\/comments?post=1299"}],"version-history":[{"count":4,"href":"https:\/\/hello.campustore.com\/de\/wp-json\/wp\/v2\/pages\/1299\/revisions"}],"predecessor-version":[{"id":1414,"href":"https:\/\/hello.campustore.com\/de\/wp-json\/wp\/v2\/pages\/1299\/revisions\/1414"}],"wp:attachment":[{"href":"https:\/\/hello.campustore.com\/de\/wp-json\/wp\/v2\/media?parent=1299"}],"curies":[{"name":"wp","href":"https:\/\/api.w.org\/{rel}","templated":true}]}}