{"id":1307,"date":"2025-02-04T18:02:31","date_gmt":"2025-02-04T17:02:31","guid":{"rendered":"https:\/\/hello.campustore.com\/?page_id=1307"},"modified":"2025-02-06T09:45:17","modified_gmt":"2025-02-06T08:45:17","slug":"impressum","status":"publish","type":"page","link":"https:\/\/hello.campustore.com\/de\/impressum\/","title":{"rendered":"Impressum"},"content":{"rendered":"\n\n\t<strong>Angaben gem\u00e4\u00df \u00a7 5 TMG:<\/strong><br \/>\nCampustore Deutschland GmbH<br \/>\nc\/o GKK Partners PartG mbB<br \/>\nOhmstra\u00dfe 15<br \/>\n80802 M\u00fcnchen<br \/><br \/>\n<strong>Vertreten durch:<\/strong><br \/>\nGesch\u00e4ftsf\u00fchrer: Pierluigi Lanzarini<br \/><br \/>\n<strong>Kontakt:<\/strong><br \/>\nTelefon: 08441-859110<br \/>\nE-Mail: <a href=\"mailto:info@campustore.de\">info@campustore.de<\/a><br \/>\nHomepage: <a href=\"https:\/\/www.campustore.de\" target=\"_blank\" rel=\"noopener\">www.campustore.de<\/a><br \/><br \/>\n<strong>Registereintrag:<\/strong><br \/>\nRegistergericht: Amtsgericht M\u00fcnchen<br \/>\nRegisternummer: HRB 294417<br \/><br \/>\n<strong>Umsatzsteuer:<\/strong><br \/>\nUmsatzsteuer-Identifikationsnummer gem\u00e4\u00df \u00a7 27a Umsatzsteuergesetz: <br \/>\nDE369670452<br \/><br \/>\n<strong>Streitschlichtung:<\/strong><br \/>\nDie Europ\u00e4ische Kommission stellt eine Plattform zur Online-Streitbeilegung (OS) bereit: <br \/>\n<a href=\"https:\/\/ec.europa.eu\/consumers\/odr\" target=\"_blank\" rel=\"noopener\">https:\/\/ec.europa.eu\/consumers\/odr<\/a><br \/>\nUnsere E-Mail-Adresse finden Sie oben im Impressum.<br \/>\nWir sind nicht bereit oder verpflichtet, an Streitbeilegungsverfahren vor einer Verbraucherschlichtungsstelle teilzunehmen.\n\n","protected":false},"excerpt":{"rendered":"<p>Angaben gem\u00e4\u00df \u00a7 5 TMG: Campustore Deutschland GmbH c\/o GKK Partners PartG mbB Ohmstra\u00dfe 15 80802 M\u00fcnchen Vertreten durch: Gesch\u00e4ftsf\u00fchrer: Pierluigi Lanzarini Kontakt: Telefon: 08441-859110 E-Mail: info@campustore.de Homepage: www.campustore.de Registereintrag: Registergericht: Amtsgericht M\u00fcnchen Registernummer: HRB 294417 Umsatzsteuer: Umsatzsteuer-Identifikationsnummer gem\u00e4\u00df \u00a7 27a Umsatzsteuergesetz: DE369670452 Streitschlichtung: Die Europ\u00e4ische Kommission stellt eine Plattform zur Online-Streitbeilegung (OS) bereit: https:\/\/ec.europa.eu\/consumers\/odr [&hellip;]<\/p>\n","protected":false},"author":5,"featured_media":0,"parent":0,"menu_order":0,"comment_status":"closed","ping_status":"closed","template":"templates\/template-simple.php","meta":{"_acf_changed":false,"content-type":"","_genesis_hide_title":false,"_genesis_hide_breadcrumbs":false,"_genesis_hide_singular_image":false,"_genesis_hide_footer_widgets":false,"_genesis_custom_body_class":"","_genesis_custom_post_class":"","_genesis_layout":"","footnotes":""},"class_list":{"0":"post-1307","1":"page","2":"type-page","3":"status-publish","5":"entry"},"acf":[],"_links":{"self":[{"href":"https:\/\/hello.campustore.com\/de\/wp-json\/wp\/v2\/pages\/1307","targetHints":{"allow":["GET"]}}],"collection":[{"href":"https:\/\/hello.campustore.com\/de\/wp-json\/wp\/v2\/pages"}],"about":[{"href":"https:\/\/hello.campustore.com\/de\/wp-json\/wp\/v2\/types\/page"}],"author":[{"embeddable":true,"href":"https:\/\/hello.campustore.com\/de\/wp-json\/wp\/v2\/users\/5"}],"replies":[{"embeddable":true,"href":"https:\/\/hello.campustore.com\/de\/wp-json\/wp\/v2\/comments?post=1307"}],"version-history":[{"count":5,"href":"https:\/\/hello.campustore.com\/de\/wp-json\/wp\/v2\/pages\/1307\/revisions"}],"predecessor-version":[{"id":1396,"href":"https:\/\/hello.campustore.com\/de\/wp-json\/wp\/v2\/pages\/1307\/revisions\/1396"}],"wp:attachment":[{"href":"https:\/\/hello.campustore.com\/de\/wp-json\/wp\/v2\/media?parent=1307"}],"curies":[{"name":"wp","href":"https:\/\/api.w.org\/{rel}","templated":true}]}}