{"id":1308,"date":"2025-02-04T17:57:05","date_gmt":"2025-02-04T16:57:05","guid":{"rendered":"https:\/\/hello.campustore.com\/?page_id=1308"},"modified":"2025-06-26T09:31:20","modified_gmt":"2025-06-26T07:31:20","slug":"dsgvo","status":"publish","type":"page","link":"https:\/\/hello.campustore.com\/de\/dsgvo\/","title":{"rendered":"DSGVO"},"content":{"rendered":"\r\n<ol>\r\n<li style=\"font-size: 11.0pt; font-family: 'Aptos',sans-serif; margin: 0cm 0cm 8.0pt 0cm;\"><strong>Name und Kontaktdaten des f\u00fcr die Verarbeitung Verantwortlichen\u00a0<\/strong><\/li>\r\n<\/ol>\r\n<p><strong>\u00a0<\/strong> Diese Datenschutzinformation gilt f\u00fcr die Datenverarbeitung durch: <strong>Verantwortlicher:<\/strong>\u00a0Campustore Deutschland GmbH vertreten durch den Gesch\u00e4ftsf\u00fchrer Pierluigi Lanzarini, c\/o GKK PARTNERS PartG mbB, Ohmstra\u00dfe 15, 80802 M\u00fcnchen, info@, Telefon: 0170 \/ 5883158 \u00a0<\/p>\r\n<ol start=\"2\">\r\n<li style=\"font-size: 11.0pt; font-family: 'Aptos',sans-serif; margin: 0cm 0cm 8.0pt 0cm;\"><strong>Erhebung und Speicherung personenbezogener Daten sowie Art und Zweck von deren Verwendung<\/strong><\/li>\r\n<\/ol>\r\n<p>&nbsp;<\/p>\r\n<ol>\r\n<li style=\"font-size: 11.0pt; font-family: 'Aptos',sans-serif; margin: 0cm 0cm 8.0pt 0cm;\"><strong>Beim Besuchen der Webseite<\/strong><\/li>\r\n<\/ol>\r\n<p>&nbsp;<\/p>\r\n<ol>\r\n<li style=\"font-size: 11.0pt; font-family: 'Aptos',sans-serif; margin: 0cm 0cm 8.0pt 0cm;\"><u>Beschreibung und Umfang der Datenverarbeitung<\/u><\/li>\r\n<\/ol>\r\n<p>\u00a0 Beim Aufrufen unserer Website www.campustore.de werden durch den auf Ihrem Endger\u00e4t zum Einsatz kommenden Browser automatisch Informationen an den Server unserer Website gesendet. Diese Informationen werden tempor\u00e4r in einem sog. Logfile gespeichert. Folgende Informationen werden dabei ohne Ihr Zutun erfasst und bis zur automatisierten L\u00f6schung gespeichert: \u00a0 IP-Adresse des anfragenden Rechners, Datum und Uhrzeit des Zugriffs, Name und URL der abgerufenen Datei, Website, von der aus der Zugriff erfolgt (Referrer-URL), verwendeter Browser und ggf. das Betriebssystem Ihres Rechners sowie der Name Ihres Access-Providers. Die Daten werden ebenfalls in den Logfiles unseres Systems gespeichert. Eine Speicherung dieser Daten zusammen mit anderen Personenbezogenen Daten des Nutzers findet nicht statt. \u00a0<\/p>\r\n<ol start=\"2\">\r\n<li style=\"font-size: 11.0pt; font-family: 'Aptos',sans-serif; margin: 0cm 0cm 8.0pt 0cm;\"><u>Zweck und Rechtsgrundlage der Datenverarbeitung<\/u><\/li>\r\n<\/ol>\r\n<p>\u00a0 Die genannten Daten werden durch uns zu folgenden Zwecken verarbeitet: Gew\u00e4hrleistung eines reibungslosen Verbindungsaufbaus der Website, Gew\u00e4hrleistung einer komfortablen Nutzung unserer Website, Auswertung der Systemsicherheit und -stabilit\u00e4t sowie zu weiteren administrativen Zwecken. Die Rechtsgrundlage f\u00fcr die Datenverarbeitung ist Art. 6 Abs. 1 S. 1 lit. f DSGVO. Unser berechtigtes Interesse folgt aus oben aufgelisteten Zwecken zur Datenerhebung. In keinem Fall verwenden wir die erhobenen Daten zu dem Zweck, R\u00fcckschl\u00fcsse auf Ihre Person zu ziehen. \u00a0<\/p>\r\n<ol start=\"100\">\r\n<li style=\"font-size: 11.0pt; font-family: 'Aptos',sans-serif; margin: 0cm 0cm 8.0pt 0cm;\"><u>Dauer der Speicherung<\/u><\/li>\r\n<\/ol>\r\n<p>\u00a0 Die Daten werden gel\u00f6scht, sobald sie f\u00fcr die Erreichung des Zwecks ihrer Erhebung nicht mehr erforderlich sind. Im Falle der Erfassung der Daten zur Bereitstellung der Website ist dies der Fall, wenn die jeweilige Sitzung beendet ist. Im Fall der Speicherung der Daten in Logfiles ist dies nach sp\u00e4testens sieben Tagen der Fall. Eine dar\u00fcberhinausgehende Speicherung ist m\u00f6glich. In diesem Fall werden die IP-Adressen der Nutzer gel\u00f6scht oder verfremdet, sodass eine Zuordnung des aufrufenden Clients nicht mehr m\u00f6glich ist. \u00a0<\/p>\r\n<ol start=\"2\">\r\n<li style=\"font-size: 11.0pt; font-family: 'Aptos',sans-serif; margin: 0cm 0cm 8.0pt 0cm;\"><strong>Kontaktformular, E-Mail-Kontakt, postalischer Kontakt und sonstiger Kontakt<\/strong><\/li>\r\n<\/ol>\r\n<p>&nbsp;<\/p>\r\n<ol>\r\n<li style=\"font-size: 11.0pt; font-family: 'Aptos',sans-serif; margin: 0cm 0cm 8.0pt 0cm;\"><u>Beschreibung und Umfang der Datenverarbeitung<\/u><\/li>\r\n<\/ol>\r\n<p>\u00a0 Auf unserer Webseite ist ein Kontaktformular vorhanden, welches f\u00fcr die elektronische Kontaktaufnahme genutzt werden kann. Nehmen Sie diese M\u00f6glichkeit wahr, so werden die in der Eingabemaske eingegeben Daten an uns \u00fcbermittelt und gespeichert. Diese Daten sind: Name, Vorname, E-Mail-Adresse, Telefonnummer, Nachricht des Nutzers. Im Zeitpunkt der Absendung der Nachricht werden zudem folgende Daten gespeichert: IP-Adresse sowie Datum und Uhrzeit der Versendung. F\u00fcr die Verarbeitung der Daten wird im Rahmen des Absendevorgangs Ihre Einwilligung eingeholt und auf diese Datenschutzerkl\u00e4rung verwiesen. Auf Messen, an denen wir teilnehmen k\u00f6nnen Sie ein Kontaktformular ausf\u00fcllen, welches f\u00fcr die weiter postalische und oder elektronische Kontaktaufnahme mit uns nach dem Messebesuch genetzt werden kann. Nehmen Sie diese M\u00f6glichkeit wahr so werden die in den Eingabefeldern eingegebenen Daten von uns Erhoben und gespeichert. Diese Daten sind: Name, Vorname, Name der Schule an der Sie besch\u00e4ftigt ist, Adresse der Schule an der Sie besch\u00e4ftigt sind, E-Mail-Adresse, Telefonnummer. F\u00fcr die Verarbeitung der Daten wir im Rahmen des Kontaktformulars Ihre Einwilligung eingeholt und auf die Datenschutzerkl\u00e4rung verwiesen. Wenn Sie mit uns per E-Mail, postalisch oder auf sonstige Weise kontaktieren, werden die von Ihnen \u00fcbermittelten personenbezogenen Daten gespeichert. Kontaktanfragen, die auf den Abschluss eines Vertrags abzielen werden, regelm\u00e4\u00dfig in unserem CRM-System gespeichert und verarbeitet. In unserem CRM-System werden folgende von Ihnen \u00fcbermittelte personenbezogene Daten gespeichert: Name, Vorname, Telefonnummer, E-Mail-Adresse, Unternehmen, Position im Unternehmen, Sektor des Unternehmens, Ihr spezifisches Interesse hinsichtlich unserer Produkte und Ihre Interaktion mit uns. \u00a0<\/p>\r\n<ol start=\"2\">\r\n<li style=\"font-size: 11.0pt; font-family: 'Aptos',sans-serif; margin: 0cm 0cm 8.0pt 0cm;\"><u>Zweck und Rechtsgrundlage der Verarbeitung<\/u><\/li>\r\n<\/ol>\r\n<p>\u00a0 Die von Ihnen \u00fcbermittelten personenbezogenen Daten werden zum Zweck der Bearbeitung Ihrer Anfrage verarbeitet. Die in unserem CRM-System gespeicherten Daten k\u00f6nnen von uns unter Einhaltung der gesetzlichen Vorgaben zum Zweck des Direktmarketings verwendet werden. Rechtsgrundlage f\u00fcr die Verarbeitung der Daten aus dem Kontaktformular ist bei Vorliegen einer Einwilligung des Nutzers Art. 6 Abs. 1 S. 1 lit a DSGVO. Rechtgrundlage f\u00fcr die Verarbeitung der Daten, die uns im Zuge einer Kontaktanfrage \u00fcbermittelt werden, ist Art. 6 Abs. 1 S. 1 lit. f DSGVO. Zielt der Kontakt auf den Abschluss eines Vertrags ab, so ist zus\u00e4tzliche Rechtsgrundlage f\u00fcr die Verarbeitung Art. 6 Abs. 1 S. 1 lit. b DSGVO. \u00a0<\/p>\r\n<ol start=\"100\">\r\n<li style=\"font-size: 11.0pt; font-family: 'Aptos',sans-serif; margin: 0cm 0cm 8.0pt 0cm;\"><u>Dauer der Speicherung<\/u><\/li>\r\n<\/ol>\r\n<p>\u00a0 Die Daten werden gel\u00f6scht, sobald sie f\u00fcr die Erreichung des Zweckes ihrer Erhebung nicht mehr erforderlich sind. F\u00fcr die im Rahmen der Kontaktanfrage \u00fcbermittelten personenbezogenen Daten ist dies dann der Fall, wenn die jeweilige Konversation mit dem Anfragenden beendet ist. Beendet ist die Konversation dann, wenn sich aus den Umst\u00e4nden entnehmen l\u00e4sst, dass der betroffene Sachverhalt abschlie\u00dfend gekl\u00e4rt ist. \u00a0<\/p>\r\n<ol start=\"3\">\r\n<li style=\"font-size: 11.0pt; font-family: 'Aptos',sans-serif; margin: 0cm 0cm 8.0pt 0cm;\"><strong>Newsletter<\/strong><\/li>\r\n<\/ol>\r\n<p>&nbsp;<\/p>\r\n<ol>\r\n<li style=\"font-size: 11.0pt; font-family: 'Aptos',sans-serif; margin: 0cm 0cm 8.0pt 0cm;\"><u>Beschreibung und Umfang der Datenverarbeitung<\/u><\/li>\r\n<\/ol>\r\n<p>\u00a0 Auf unserer Webseite besteht die M\u00f6glichkeit einen kostenfreien Newsletter zu abonnieren. Dabei werden bei der Anmeldung zum Newsletter die Daten aus der Eingabemaske an uns \u00fcbermittelt. E-Mail-Adresse Zudem werden folgende Daten bei der Anmeldung erhoben: IP-Adresse des aufrufenden Rechners, Datum und Uhrzeit der Anmeldung F\u00fcr die Verarbeitung der Daten wird im Rahmen des Anmeldevorgangs Ihre Einwilligung eingeholt und auf diese Datenschutzerkl\u00e4rung verweisen. Es erfolgt im Zusammenhang mit der Datenverarbeitung f\u00fcr den Versand von Newslettern keine Weitergabe der Daten an Dritte. Die Daten werden ausschlie\u00dflich f\u00fcr den Versand des Newsletters verwendet. \u00a0<\/p>\r\n<ol start=\"2\">\r\n<li style=\"font-size: 11.0pt; font-family: 'Aptos',sans-serif; margin: 0cm 0cm 8.0pt 0cm;\"><u>Zweck und Rechtsgrundlage der Datenverarbeitung<\/u><\/li>\r\n<\/ol>\r\n<p>\u00a0 Die Erhebung der personenbezogenen Daten des Nutzers dient dazu, den Newsletter zuzustellen. Rechtsgrundlage f\u00fcr die Verarbeitung der Daten nach Anmeldung zum Newsletter durch den Nutzer ist bei Vorliegen einer Einwilligung des Nutzers Art. 6 Abs. 1 S. 1 lit. a DSGVO. \u00a0<\/p>\r\n<ol start=\"100\">\r\n<li style=\"font-size: 11.0pt; font-family: 'Aptos',sans-serif; margin: 0cm 0cm 8.0pt 0cm;\"><u>Dauer der Speicherung<\/u><\/li>\r\n<\/ol>\r\n<p>\u00a0 Die Daten werden gel\u00f6scht, sobald sie f\u00fcr die Erreichung des Zweckes ihrer Erhebung nicht mehr erforderlich sind. Die E-Mails-Adresse des Nutzers wird demnach solange gespeichert, wie das Abonnement des Newsletters aktiv ist. \u00a0<\/p>\r\n<ol start=\"500\">\r\n<li style=\"font-size: 11.0pt; font-family: 'Aptos',sans-serif; margin: 0cm 0cm 8.0pt 0cm;\"><u>Widerruf und Beseitigungsm\u00f6glichkeit<\/u><\/li>\r\n<\/ol>\r\n<p>\u00a0 Das Abonnement des Newsletters kann durch den betroffenen Nutzer jederzeit gek\u00fcndigt werden. Zu diesem Zweck findet sich in jedem Newsletter ein entsprechender Link. Hierdurch wird ebenfalls ein Widerruf der Einwilligung der Speicherung der w\u00e4hrend des Anmeldevorgangs erhobenen personenbezogenen Daten erm\u00f6glicht. \u00a0<\/p>\r\n<ol start=\"4\">\r\n<li style=\"font-size: 11.0pt; font-family: 'Aptos',sans-serif; margin: 0cm 0cm 8.0pt 0cm;\"><strong>Kunden, Lieferanten und Dienstleister<\/strong><\/li>\r\n<\/ol>\r\n<p>&nbsp;<\/p>\r\n<ol>\r\n<li style=\"font-size: 11.0pt; font-family: 'Aptos',sans-serif; margin: 0cm 0cm 8.0pt 0cm;\"><u>Beschreibung und Umfang der Datenverarbeitung<\/u><\/li>\r\n<\/ol>\r\n<p>\u00a0 Wir verarbeiten die Daten unserer Kunden, Dienstleister und Lieferanten im Rahmen der Erbringung unserer vertraglichen Leistung. Hierbei werden folgende personenbezogenen Vertragsdaten verarbeitet: Name, Vorname des\/der Vertretungsberechtigten Person; Name, Vorname des\/der Ansprechpartner(s), Position im Unternehmen Telefonnummer, E-Mail-Adresse; Unternehmen, Sektor des Unternehmens, Vertragsgegenstand, Laufzeit, Rechnungsdaten, Zahlungsdaten und Daten, die f\u00fcr die Leistungserbringung erforderlich sind. Die zuvor genannten Daten werden regelm\u00e4\u00dfig in unserem CRM-System gespeichert und verarbeitet. \u00a0<\/p>\r\n<ol start=\"2\">\r\n<li style=\"font-size: 11.0pt; font-family: 'Aptos',sans-serif; margin: 0cm 0cm 8.0pt 0cm;\"><u>Zweck und Rechtsgrundlage der Datenverarbeitung<\/u><\/li>\r\n<\/ol>\r\n<p>\u00a0 Die personenbezogenen Daten werden von uns zum Zweck der Vertragserf\u00fcllung verarbeitet. Zudem k\u00f6nnen die in unserem CRM-System gespeicherten Daten von uns unter Einhaltung der gesetzlichen Vorgaben zu Zwecken des Direktmarketings verwendet werden. Rechtsgrundlage der Verarbeitung von Kunden, Dienstleistern und Lieferanten ist Art. 6 Abs. 1 S. 1 lit. b DSGVO. Rechtsgrundlage f\u00fcr die Verarbeitung der Daten zum Zwecke des Direktmarketings ist Art. 6 Abs. 1 S. 1 lit. f DSGVO. \u00a0<\/p>\r\n<ol start=\"500\">\r\n<li style=\"font-size: 11.0pt; font-family: 'Aptos',sans-serif; margin: 0cm 0cm 8.0pt 0cm;\"><u>Dauer der Speicherung<\/u><\/li>\r\n<\/ol>\r\n<p>\u00a0 Die Daten werden gel\u00f6scht, sobald sie f\u00fcr die Erreichung des Zweckes ihrer Erhebung nicht mehr erforderlich sind. F\u00fcr die Daten unserer Kunden, Dienstleister und Lieferanten, die im Rahmen der Erbringung unserer vertraglichen Leistung erhoben wurden, ist dies 6 Wochen nach Ablauf der jeweiligen zivilrechtlichen Verj\u00e4hrungsfrist der Fall. \u00a0<\/p>\r\n<ol start=\"3\">\r\n<li style=\"font-size: 11.0pt; font-family: 'Aptos',sans-serif; margin: 0cm 0cm 8.0pt 0cm;\"><strong>Weitergabe von Daten<\/strong><\/li>\r\n<\/ol>\r\n<p>\u00a0 Eine \u00dcbermittlung Ihrer pers\u00f6nlichen Daten an Dritte zu anderen als den im Folgenden aufgef\u00fchrten Zwecken findet nicht statt. Wir geben Ihre pers\u00f6nlichen Daten nur an Dritte weiter, wenn: \u00a0 Sie Ihre nach Art. 6 Abs. 1 S. 1 lit. a DSGVO ausdr\u00fcckliche Einwilligung dazu erteilt haben, die Weitergabe nach Art. 6 Abs. 1 S. 1 lit. f DSGVO zur Geltendmachung, Aus\u00fcbung oder Verteidigung von Rechtsanspr\u00fcchen erforderlich ist und kein Grund zur Annahme besteht, dass Sie ein \u00fcberwiegendes schutzw\u00fcrdiges Interesse an der Nichtweitergabe Ihrer Daten haben, f\u00fcr den Fall, dass f\u00fcr die Weitergabe nach Art. 6 Abs. 1 S. 1 lit. c DSGVO eine gesetzliche Verpflichtung besteht, sowie dies gesetzlich zul\u00e4ssig und nach Art. 6 Abs. 1 S. 1 lit. b DSGVO f\u00fcr die Abwicklung von Vertragsverh\u00e4ltnissen mit Ihnen erforderlich ist. \u00a0<\/p>\r\n<ol start=\"4\">\r\n<li style=\"font-size: 11.0pt; font-family: 'Aptos',sans-serif; margin: 0cm 0cm 8.0pt 0cm;\"><strong><u>Betroffenenrechte<\/u><\/strong><\/li>\r\n<\/ol>\r\n<p>\u00a0 Sie haben das Recht:<\/p>\r\n<ul>\r\n<li>gem\u00e4\u00df Art. 15 DSGVO Auskunft \u00fcber Ihre von uns verarbeiteten personenbezogenen Daten zu verlangen. Insbesondere k\u00f6nnen Sie Auskunft \u00fcber die Verarbeitungszwecke, die Kategorie der personenbezogenen Daten, die Kategorien von Empf\u00e4ngern, gegen\u00fcber denen Ihre Daten offengelegt wurden oder werden, die geplante Speicherdauer, das Bestehen eines Rechts auf Berichtigung, L\u00f6schung, Einschr\u00e4nkung der Verarbeitung oder Widerspruch, das Bestehen eines Beschwerderechts, die Herkunft ihrer Daten, sofern diese nicht bei uns erhoben wurden, sowie \u00fcber das Bestehen einer automatisierten Entscheidungsfindung einschlie\u00dflich Profiling und ggf. aussagekr\u00e4ftigen Informationen zu deren Einzelheiten verlangen;<\/li>\r\n<li>gem\u00e4\u00df Art. 16 DSGVO unverz\u00fcglich die Berichtigung unrichtiger oder Vervollst\u00e4ndigung Ihrer bei uns gespeicherten personenbezogenen Daten zu verlangen;<\/li>\r\n<li>gem\u00e4\u00df Art. 17 DSGVO die L\u00f6schung Ihrer bei uns gespeicherten personenbezogenen Daten zu verlangen, soweit nicht die Verarbeitung zur Aus\u00fcbung des Rechts auf freie Meinungs\u00e4u\u00dferung und Information, zur Erf\u00fcllung einer rechtlichen Verpflichtung, aus Gr\u00fcnden des \u00f6ffentlichen Interesses oder zur Geltendmachung, Aus\u00fcbung oder Verteidigung von Rechtsanspr\u00fcchen erforderlich ist;<\/li>\r\n<li>gem\u00e4\u00df Art. 18 DSGVO die Einschr\u00e4nkung der Verarbeitung Ihrer personenbezogenen Daten zu verlangen, soweit die Richtigkeit der Daten von Ihnen bestritten wird, die Verarbeitung unrechtm\u00e4\u00dfig ist, Sie aber deren L\u00f6schung ablehnen und wir die Daten nicht mehr ben\u00f6tigen, Sie jedoch diese zur Geltendmachung, Aus\u00fcbung oder Verteidigung von Rechtsanspr\u00fcchen ben\u00f6tigen oder Sie gem\u00e4\u00df Art. 21 DSGVO Widerspruch gegen die Verarbeitung eingelegt haben;<\/li>\r\n<li>gem\u00e4\u00df Art. 20 DSGVO Ihre personenbezogenen Daten, die Sie uns bereitgestellt haben, in einem strukturierten, g\u00e4ngigen und maschinenlesebaren Format zu erhalten oder die \u00dcbermittlung an einen anderen Verantwortlichen zu verlangen;<\/li>\r\n<li>gem\u00e4\u00df Art. 7 Abs. 3 DSGVO Ihre einmal erteilte Einwilligung jederzeit gegen\u00fcber uns zu widerrufen. Dies hat zur Folge, dass wir die Datenverarbeitung, die auf dieser Einwilligung beruhte, f\u00fcr die Zukunft nicht mehr fortf\u00fchren d\u00fcrfen und<\/li>\r\n<li>gem\u00e4\u00df Art. 77 DSGVO sich bei einer Aufsichtsbeh\u00f6rde zu beschweren. In der Regel k\u00f6nnen Sie sich hierf\u00fcr an die Aufsichtsbeh\u00f6rde Ihres \u00fcblichen Aufenthaltsortes oder Arbeitsplatzes oder unseres Kanzleisitzes wenden.<\/li>\r\n<\/ul>\r\n<p>&nbsp;<\/p>\r\n<ol start=\"5\">\r\n<li style=\"font-size: 11.0pt; font-family: 'Aptos',sans-serif; margin: 0cm 0cm 8.0pt 0cm;\"><strong>Widerspruchsrecht<\/strong><\/li>\r\n<\/ol>\r\n<p>\u00a0 Sofern Ihre personenbezogenen Daten auf Grundlage von berechtigten Interessen gem\u00e4\u00df Art. 6 Abs. 1 S. 1 lit. f DSGVO verarbeitet werden, haben Sie das Recht, gem\u00e4\u00df Art. 21 DSGVO Widerspruch gegen die Verarbeitung Ihrer personenbezogenen Daten einzulegen, soweit daf\u00fcr Gr\u00fcnde vorliegen, die sich aus Ihrer besonderen Situation ergeben oder sich der Widerspruch gegen Direktwerbung richtet. Im letzteren Fall haben Sie ein generelles Widerspruchsrecht, das ohne Angabe einer besonderen Situation von uns umgesetzt wird. M\u00f6chten Sie von Ihrem Widerrufs- oder Widerspruchsrecht Gebrauch machen, gen\u00fcgt eine E-Mail an info@campustore.de. \u00a0<\/p>\r\n<ol start=\"6\">\r\n<li style=\"font-size: 11.0pt; font-family: 'Aptos',sans-serif; margin: 0cm 0cm 8.0pt 0cm;\"><strong>Aktualit\u00e4t und \u00c4nderung dieser Datenschutzerkl\u00e4rung<\/strong><\/li>\r\n<\/ol>\r\n<p>\u00a0 Diese Datenschutzerkl\u00e4rung ist aktuell g\u00fcltig und hat den Stand Februar 2025. Durch die Weiterentwicklung unserer Website und Angebote dar\u00fcber oder aufgrund ge\u00e4nderter gesetzlicher beziehungsweise beh\u00f6rdlicher Vorgaben kann es notwendig werden, diese Datenschutzerkl\u00e4rung zu \u00e4ndern. Die jeweils aktuelle Datenschutzerkl\u00e4rung kann jederzeit auf der Website unter hello.campustore.com\/de\/privacy-cookie-policy\/ von Ihnen abgerufen und ausgedruckt werden.<\/p>\r\n","protected":false},"excerpt":{"rendered":"<p>Name und Kontaktdaten des f\u00fcr die Verarbeitung Verantwortlichen\u00a0 \u00a0 Diese Datenschutzinformation gilt f\u00fcr die Datenverarbeitung durch: Verantwortlicher:\u00a0Campustore Deutschland GmbH vertreten durch den Gesch\u00e4ftsf\u00fchrer Pierluigi Lanzarini, c\/o GKK PARTNERS PartG mbB, Ohmstra\u00dfe 15, 80802 M\u00fcnchen, info@, Telefon: 0170 \/ 5883158 \u00a0 Erhebung und Speicherung personenbezogener Daten sowie Art und Zweck von deren Verwendung &nbsp; Beim Besuchen [&hellip;]<\/p>\n","protected":false},"author":5,"featured_media":0,"parent":0,"menu_order":0,"comment_status":"closed","ping_status":"closed","template":"templates\/template-simple.php","meta":{"_acf_changed":false,"content-type":"","_genesis_hide_title":false,"_genesis_hide_breadcrumbs":false,"_genesis_hide_singular_image":false,"_genesis_hide_footer_widgets":false,"_genesis_custom_body_class":"","_genesis_custom_post_class":"","_genesis_layout":"","footnotes":""},"class_list":{"0":"post-1308","1":"page","2":"type-page","3":"status-publish","5":"entry"},"acf":[],"_links":{"self":[{"href":"https:\/\/hello.campustore.com\/de\/wp-json\/wp\/v2\/pages\/1308","targetHints":{"allow":["GET"]}}],"collection":[{"href":"https:\/\/hello.campustore.com\/de\/wp-json\/wp\/v2\/pages"}],"about":[{"href":"https:\/\/hello.campustore.com\/de\/wp-json\/wp\/v2\/types\/page"}],"author":[{"embeddable":true,"href":"https:\/\/hello.campustore.com\/de\/wp-json\/wp\/v2\/users\/5"}],"replies":[{"embeddable":true,"href":"https:\/\/hello.campustore.com\/de\/wp-json\/wp\/v2\/comments?post=1308"}],"version-history":[{"count":17,"href":"https:\/\/hello.campustore.com\/de\/wp-json\/wp\/v2\/pages\/1308\/revisions"}],"predecessor-version":[{"id":1717,"href":"https:\/\/hello.campustore.com\/de\/wp-json\/wp\/v2\/pages\/1308\/revisions\/1717"}],"wp:attachment":[{"href":"https:\/\/hello.campustore.com\/de\/wp-json\/wp\/v2\/media?parent=1308"}],"curies":[{"name":"wp","href":"https:\/\/api.w.org\/{rel}","templated":true}]}}