{"id":1402,"date":"2024-11-11T15:47:43","date_gmt":"2024-11-11T14:47:43","guid":{"rendered":"https:\/\/hello.campustore.com\/immersive-learning\/"},"modified":"2025-02-18T11:29:00","modified_gmt":"2025-02-18T10:29:00","slug":"immersives-lernen","status":"publish","type":"page","link":"https:\/\/hello.campustore.com\/de\/immersives-lernen\/","title":{"rendered":"Immersives Lernen"},"content":{"rendered":"\r\n<p>CampuStore und Giunti Scuola haben <strong>Miri<\/strong> erfunden und entwickelt, das erste immersive Klassenzimmer f\u00fcr Schulen.<\/p>\r\n<p><strong>BETT-Award-Finalist 2024<\/strong>.<\/p>\r\n<p>&nbsp;<\/p>\r\n<p>Immersives Lernen ist heutzutage ein gebr\u00e4uchlicher Begriff, der eine M\u00f6glichkeit beschreibt, digitale Tools zu verwenden, um Lernende in die Inhalte hinein zu bringen, die sie lernen.<br \/>Es hilft bei der Konzentration, situiertem und aktivem Lernen, Autonomie und Reflexion.<br \/>Immersives Lernen ist eine M\u00f6glichkeit, die Neugier der Sch\u00fcler zu wecken und Konzepte, Ans\u00e4tze und Inhalte sichtbarer und verst\u00e4ndlicherzu machen.<br \/>Es ist auch sehr n\u00fctzlich, um Kontexte zu visualisieren und zu verstehen, die im wirklichen Leben f\u00fcr Sch\u00fcler unm\u00f6glich, gef\u00e4hrlich oder sehr schwer zu erreichen sein k\u00f6nnten, wie z. B. das Weltall, das alte \u00c4gypten, das Innere des menschlichen K\u00f6rpers und vieles mehr.<br \/>Immersives Lernen kann durch AR-Anwendungen, VR-Headsets, immersive R\u00e4ume und vieles mehr erfolgen.<br \/>Es bietet eine M\u00f6glichkeit, digitale Tools zu verwenden, um etwas magisches in den Unterricht zu bringen.<br \/>Es gibt nicht das eine, perfekte Instrument oder richtige Rezept. Basierend auf dem Alter der Lernenden und der Zielsetzung, die eine Lehrkraft oder Schule hat, gibt es mehrere M\u00f6glichkeiten. Ziel unserer Erfahrung ist es, f\u00fcr jeden Bedarf die richtigen Instrumente anzubieten und dabei Inhalte, Technologien und Know-how zu vereinen.<\/p>\r\n<h2>Einige unserer Partner<\/h2>\r\n<figure><img loading=\"lazy\" decoding=\"async\" src=\"https:\/\/hello.campustore.com\/wp-content\/uploads\/2024\/11\/miri-logo.png\" alt=\"\" width=\"250\" height=\"85\" \/><\/figure>\r\n<figure><img loading=\"lazy\" decoding=\"async\" src=\"https:\/\/hello.campustore.com\/wp-content\/uploads\/2024\/11\/meta-logo.png\" alt=\"\" width=\"250\" height=\"85\" \/><\/figure>\r\n<figure><img loading=\"lazy\" decoding=\"async\" src=\"https:\/\/hello.campustore.com\/wp-content\/uploads\/2024\/10\/hp-1.png\" alt=\"\" width=\"95\" height=\"95\" \/><\/figure>\r\n<figure><img loading=\"lazy\" decoding=\"async\" src=\"https:\/\/hello.campustore.com\/wp-content\/uploads\/2024\/11\/lenovo-logo.png\" alt=\"\" width=\"250\" height=\"85\" \/><\/figure>\r\n<figure><img loading=\"lazy\" decoding=\"async\" src=\"https:\/\/hello.campustore.com\/wp-content\/uploads\/2024\/11\/cisco-logo.png\" alt=\"\" width=\"250\" height=\"85\" \/><\/figure>\r\n<figure><img loading=\"lazy\" decoding=\"async\" src=\"https:\/\/hello.campustore.com\/wp-content\/uploads\/2024\/11\/adobe-logo.png\" alt=\"\" width=\"250\" height=\"85\" \/><\/figure>\r\n<h2>Immersives Lernen<\/h2>\r\n<p><img decoding=\"async\" src=\"https:\/\/hello.campustore.com\/wp-content\/uploads\/2024\/11\/miri-cubica_l1080px-1.png\" alt=\"Miri\" \/><\/p>\r\n<h2>Miri<\/h2>\r\n<p><strong>Das beste immersive Klassenzimmer f\u00fcr Schulen<\/strong>.<br \/>Miri ist der erste echte immersive Raum, der speziell f\u00fcr Schulen entwickelt wurde. Es ist ein neues Medium.<br \/>Das immersive Klassenzimmer Miri entstand aus der gemeinsamen Erfahrung von Giunti Scuola und CampuStore und ist ein inklusiver, multisensorischer und kollaborativer Lernraum, der technologisch fortschrittlich, sicher und voller echter Bildungsinhalte ist, f\u00fcr alle Schulstufen.<\/p>\r\n<p><a href=\"miri\/\">ERFAHREN SIE MEHR<\/a><\/p>\r\n<!-- end cs container boxed --><!-- end cs image with text section -->\r\n<p><img decoding=\"async\" src=\"https:\/\/hello.campustore.com\/wp-content\/uploads\/2024\/12\/Meta-Quest-3s_1080px.png\" alt=\"VR-Headsets\" \/><\/p>\r\n<h2>VR-Headsets<\/h2>\r\n<p>Wir sind ein Premiumpartner von <strong>Meta f\u00fcr Schulen<\/strong> und anderer Top-Marken. Wir verf\u00fcgen \u00fcber umfassende Erfahrung in der Unterst\u00fctzung von Schulen bei der Einf\u00fchrung von immersivem Lernen durch Headsets.<\/p>\r\n<!-- end cs container boxed --><!-- end cs image with text section -->\r\n<h2>Download unserer Kataloge<\/h2>\r\n<p>Besuchen Sie unsere Katalogseite: Hier finden Sie eine Auswahl an Brosch\u00fcren und Katalogen in verschiedenen Sprachen. Sie alle enthalten nur einen kleinen Teil dessen, was wir Lernbegeisterten zu bieten haben. Um mehr zu erfahren, kontaktieren Sie uns einfach.<\/p>\r\n<p><a href=\"\/de\/kataloge\/\">ALLE KATALOGE ANSEHEN<\/a><\/p>\r\n<!-- end cs text container -->\r\n<p><img decoding=\"async\" src=\"https:\/\/hello.campustore.com\/wp-content\/uploads\/2024\/10\/catalog-img-3.png\" alt=\"Download unserer Kataloge\" \/><\/p>\r\n<!-- end banner with text section -->\r\n<p><style>\r\n    .cs-banner-with-text-section .cs-primary-button.with-icon:after {\r\n        content: 'f019';\r\n        font-weight: 400;\r\n    }\r\n    @media screen and (min-width: 1921px) {\r\n        .cs-banner-with-text-section {\r\n            background: url(\"https:\/\/hello.campustore.com\/wp-content\/uploads\/2024\/10\/big-bg-img-catalog.png\") no-repeat;\r\n        }\r\n    }\r\n    @media screen and (min-width: 991px) and (max-width: 1920px) {\r\n        .cs-banner-with-text-section {\r\n            background: url(\"https:\/\/hello.campustore.com\/wp-content\/uploads\/2024\/10\/bg-img-catalog.png\") no-repeat;\r\n        }\r\n    }\r\n    @media screen and (max-width: 990px) {\r\n        .cs-banner-with-text-section {\r\n            background: url(\"https:\/\/hello.campustore.com\/wp-content\/uploads\/2024\/10\/bg-img-mobile-catalog-1.png\") no-repeat left\/cover;\r\n        }\r\n    }\r\n<\/style><\/p>\r\n","protected":false},"excerpt":{"rendered":"<p>CampuStore und Giunti Scuola haben Miri erfunden und entwickelt, das erste immersive Klassenzimmer f\u00fcr Schulen. BETT-Award-Finalist 2024. &nbsp; Immersives Lernen ist heutzutage ein gebr\u00e4uchlicher Begriff, der eine M\u00f6glichkeit beschreibt, digitale Tools zu verwenden, um Lernende in die Inhalte hinein zu bringen, die sie lernen.Es hilft bei der Konzentration, situiertem und aktivem Lernen, Autonomie und Reflexion.Immersives [&hellip;]<\/p>\n","protected":false},"author":3,"featured_media":0,"parent":0,"menu_order":0,"comment_status":"closed","ping_status":"closed","template":"templates\/template-product-line-full.php","meta":{"_acf_changed":false,"content-type":"","_genesis_hide_title":false,"_genesis_hide_breadcrumbs":false,"_genesis_hide_singular_image":false,"_genesis_hide_footer_widgets":false,"_genesis_custom_body_class":"","_genesis_custom_post_class":"","_genesis_layout":"","footnotes":""},"class_list":{"0":"post-1402","1":"page","2":"type-page","3":"status-publish","5":"entry"},"acf":[],"_links":{"self":[{"href":"https:\/\/hello.campustore.com\/de\/wp-json\/wp\/v2\/pages\/1402","targetHints":{"allow":["GET"]}}],"collection":[{"href":"https:\/\/hello.campustore.com\/de\/wp-json\/wp\/v2\/pages"}],"about":[{"href":"https:\/\/hello.campustore.com\/de\/wp-json\/wp\/v2\/types\/page"}],"author":[{"embeddable":true,"href":"https:\/\/hello.campustore.com\/de\/wp-json\/wp\/v2\/users\/3"}],"replies":[{"embeddable":true,"href":"https:\/\/hello.campustore.com\/de\/wp-json\/wp\/v2\/comments?post=1402"}],"version-history":[{"count":8,"href":"https:\/\/hello.campustore.com\/de\/wp-json\/wp\/v2\/pages\/1402\/revisions"}],"predecessor-version":[{"id":1604,"href":"https:\/\/hello.campustore.com\/de\/wp-json\/wp\/v2\/pages\/1402\/revisions\/1604"}],"wp:attachment":[{"href":"https:\/\/hello.campustore.com\/de\/wp-json\/wp\/v2\/media?parent=1402"}],"curies":[{"name":"wp","href":"https:\/\/api.w.org\/{rel}","templated":true}]}}