{"id":1418,"date":"2024-11-07T18:45:11","date_gmt":"2024-11-07T17:45:11","guid":{"rendered":"https:\/\/hello.campustore.com\/miri\/"},"modified":"2025-02-18T11:19:20","modified_gmt":"2025-02-18T10:19:20","slug":"miri","status":"publish","type":"page","link":"https:\/\/hello.campustore.com\/de\/miri\/","title":{"rendered":"Miri &#8211; Das immersive Klassenzimmer"},"content":{"rendered":"\r\n<p>Ein immersives Klassenzimmer ist eine Umgebung, die es Nutzern erm\u00f6glicht, auf neue Weise auf <strong>digitale Inhalte zuzugreifen<\/strong>. Miri ist der erste echte immersive Raum, der speziell f\u00fcr Schulen entwickelt wurde. Es ist ein neues Medium. Das immersive Klassenzimmer Miri entstand aus der gemeinsamen Erfahrung von Giunti Scuola und CampuStore und ist ein inklusiver, multisensorischer und kollaborativer Lernraum, der technologisch fortschrittlich, sicher und voller echter Lerninhalte (einzigartig auf der Welt!) f\u00fcr alle Schulstufen ist. Miri ist ein immersives Klassenzimmer, mit dem Sie in Ihrer Schule eine ansprechende, erfahrungsorientierte und interaktive Umgebung schaffen k\u00f6nnen, die traditionelle Lernmodelle mit digitaler Technologie integriert.<\/p>\r\n<h1>Miri<\/h1>\r\n<p>Das erste immersive Klassenzimmer f\u00fcr Lernr\u00e4ume wurde entwickelt von<\/p>\r\n<figure><img loading=\"lazy\" decoding=\"async\" src=\"https:\/\/hello.campustore.com\/wp-content\/uploads\/2024\/11\/campustore-logo.png\" alt=\"\" width=\"250\" height=\"85\" \/><\/figure>\r\n<figure><img loading=\"lazy\" decoding=\"async\" src=\"https:\/\/hello.campustore.com\/wp-content\/uploads\/2024\/11\/giunti-scuola-logo.png\" alt=\"\" width=\"250\" height=\"85\" \/><\/figure>\r\n<figure><img loading=\"lazy\" decoding=\"async\" src=\"https:\/\/hello.campustore.com\/wp-content\/uploads\/2024\/11\/miri-logo.png\" alt=\"\" width=\"250\" height=\"85\" \/><\/figure>\r\n<h2>Miri <br \/>Eine L\u00f6sung f\u00fcr moderne Bed\u00fcrfnisse<\/h2>\r\n<p><strong>140 Lerneinheiten und \u00fcber 1.000 immersive Inhalte enthalten!<\/strong><\/p>\r\n<p>&nbsp;<\/p>\r\n<p>Miri ist nicht nur ein Raum, sondern eine Probleml\u00f6sung: die Lernenden von heute auf sichere und sinnvolle Weise in den Unterricht einzubinden! Es gibt nicht nur ein immersives Klassenzimmer, sondern vier verschiedene L\u00f6sungen: gleiches Konzept, unterschiedliche Formen! Dank diesen kann jede Einrichtung die L\u00f6sung w\u00e4hlen, die ihren Bed\u00fcrfnissen am besten entspricht, von einem speziell f\u00fcr die Schule konzipierten Klassenzimmer bis hin zu einer komplett transportablen Version. Mit j\u00fcngeren Sch\u00fclern lassen sich immersive Inhalte am besten ausprobieren: VR-Headsets werden in dieser Altersklasse nicht immer empfohlen, daher ist ein immersiver Raum eine sichere L\u00f6sung f\u00fcr Kinderg\u00e4rten und Grundschulen.<\/p>\r\n<p>&nbsp;<\/p>\r\n<p>&nbsp;<\/p>\r\n<p>.<\/p>\r\n<h1>Ein Konzept, 4 verschiedene Formen<\/h1>\r\n<p><img decoding=\"async\" src=\"https:\/\/hello.campustore.com\/wp-content\/uploads\/2024\/11\/miri-cubica_l1080px.png\" alt=\"Miri mit modularen W\u00e4nden\" \/><\/p>\r\n<h2>Miri mit modularen W\u00e4nden<\/h2>\r\n<p>Diese ist die meistgew\u00fcnschte L\u00f6sung.<br \/>Sie hat selbsttragende modulare W\u00e4nde und muss in Schulr\u00e4umen installiert werden.<br \/>Maximale Projektion von 135 Zoll (300 x 169 cm).<br \/>&#8211; Echte Immersionstechnologie<br \/>&#8211; Interaktiv und ansprechend<br \/>&#8211; Multisense und Multitouch<br \/>&#8211; Erlebnisorientiert (viel mehr als ein Bildschirm)<br \/>&#8211; Sie beeinflusst die Schulumgebung und macht sie zu innovativen Lernr\u00e4umen <br \/>&#8211; Es ist ein neuartiges Medium<\/p>\r\n<!-- end cs container boxed --><!-- end cs image with text section -->\r\n<p><img decoding=\"async\" src=\"https:\/\/hello.campustore.com\/wp-content\/uploads\/2024\/11\/miri-arena_l1080px.png\" alt=\"Miri-Arena\" \/><\/p>\r\n<h2>Miri-Arena<\/h2>\r\n<p>Die Arena-Struktur erm\u00f6glicht es Ihnen, den Grad des Eintauchens dank der drei verstellbaren 100-Zoll-Bildschirme zu \u00e4ndern (die Grafiken der Struktur sind beispielhaft und k\u00f6nnen ge\u00e4ndert werden).<\/p>\r\n<!-- end cs container boxed --><!-- end cs image with text section -->\r\n<p><img decoding=\"async\" src=\"https:\/\/hello.campustore.com\/wp-content\/uploads\/2024\/11\/miri-cartongesso_1080px.png\" alt=\"Miri mit Gipskartonw\u00e4nden\" \/><\/p>\r\n<h2>Miri mit Gipskartonw\u00e4nden<\/h2>\r\n<p>Diese L\u00f6sung muss f\u00fcr jede Schule speziell entworfen und installiert werden. Maximale Projektionsgr\u00f6\u00dfe von 135&#8220; (300 x 169 cm).<\/p>\r\n<!-- end cs container boxed --><!-- end cs image with text section -->\r\n<p><img decoding=\"async\" src=\"https:\/\/hello.campustore.com\/wp-content\/uploads\/2024\/11\/miri-monitor_l1080px.png\" alt=\"Miri mit interaktiven Monitoren\" \/><\/p>\r\n<h2>Miri mit interaktiven Monitoren<\/h2>\r\n<p>Mit interaktiven 75-Zoll-Monitoren und einem Trolley ausgestattet kann diese L\u00f6sung in alle Schulbereiche transportiert werden. Auch in einer Basisversion mit 65-Zoll-Bildschirmen erh\u00e4ltlich. Dies ist die L\u00f6sung, die wir eher empfehlen, da die Immersionsleistung hier sehr gering ist: Es handelt sich eher um ein Sichtsystem als um eine Immersionsl\u00f6sung.<\/p>\r\n<!-- end cs container boxed --><!-- end cs image with text section -->\r\n<h2>Der Inhalt zum Leben erwecken<\/h2>\r\n<p><img decoding=\"async\" src=\"https:\/\/hello.campustore.com\/wp-content\/uploads\/2024\/11\/miri_supersussi_sistemasolare.jpg\" alt=\"140 Leineinheiten inkludiert\" \/><\/p>\r\n<h2>140 Leineinheiten inkludiert<\/h2>\r\n<p>Miri &#8211; das immersive Klassenzimmer umfasst \u00fcber 140 einsatzbereite Lerneinheiten, die direkt mit den F\u00e4chern und Unterrichtsinhalten der Schulen verkn\u00fcpft sind. Jede Lektion besteht aus mehreren immersiven Inhalten, insgesamt \u00fcber 1.000!<br \/>Jede davon dauert mindestens 40 Minuten. Dank dieser Priorisierung f\u00fcr den Inhalt (echte Lektionen, KEINE Spiele!) ist Miri weltweit un\u00fcbertroffen und verkn\u00fcpft traditionellen Unterricht mit immersiven Inhalten, wodurch die Neugier geweckt und der Unterricht effektiver wird.<\/p>\r\n<!-- end cs container boxed --><!-- end cs image with text section -->\r\n<p><img decoding=\"async\" src=\"https:\/\/hello.campustore.com\/wp-content\/uploads\/2024\/11\/miri3.jpg\" alt=\"Multisensorisches und ganzheitliches Lernen\" \/><\/p>\r\n<h2>Multisensorisches und ganzheitliches Lernen<\/h2>\r\n<p>Der immersive Raum steht im Mittelpunkt eines Lernerlebnisses, das alle Sinne einbezieht. Jeder interagiert, erkundet und baut sein eigenes Wissen auf.<\/p>\r\n<!-- end cs container boxed --><!-- end cs image with text section -->\r\n<p><img decoding=\"async\" src=\"https:\/\/hello.campustore.com\/wp-content\/uploads\/2024\/11\/Composer.png\" alt=\"Composer \" \/><\/p>\r\n<h2>Composer<\/h2>\r\n<p><strong>Gestalten Sie Ihren eigenen Unterricht.<\/strong>Erstellen Sie Ihren Unterricht ganz einfach selbst, dank dieses neuen Autorensystems. Die Inhalte des Miri Immersive Classroom sind vollst\u00e4ndig anpassbar und k\u00f6nnen an die Unterrichtssituation jeder Lehrkraft angepasst werden: Mit einer einfachen Ber\u00fchrung k\u00f6nnen Sie Inhalte erstellen, \u00e4ndern oder hochladen und das gesamte Potenzial des immersiven Erlebnisses aussch\u00f6pfen.<br \/>Kompatibel mit <strong>YouTube<\/strong> &#8211; <strong>Canva<\/strong> &#8211; <strong>Genially<\/strong> und anderen wichtigen Plattformen zur Inhaltserstellung.<\/p>\r\n<!-- end cs container boxed --><!-- end cs image with text section -->\r\n<h2>Download unserer Kataloge<\/h2>\r\n<p>Besuchen Sie unsere Katalogseite: Hier finden Sie eine Auswahl an Brosch\u00fcren und Katalogen in verschiedenen Sprachen. Sie alle enthalten nur einen kleinen Teil dessen, was wir Lernbegeisterten zu bieten haben. Um mehr zu erfahren, kontaktieren Sie uns einfach.<\/p>\r\n<p><a href=\"\/de\/kataloge\/\">ALLE KATALOGE ANSEHEN<\/a><\/p>\r\n<!-- end cs text container -->\r\n<p><img decoding=\"async\" src=\"https:\/\/hello.campustore.com\/wp-content\/uploads\/2024\/10\/catalog-img-3.png\" alt=\"Download unserer Kataloge\" \/><\/p>\r\n<!-- end banner with text section -->\r\n<p><style>\r\n    .cs-banner-with-text-section .cs-primary-button.with-icon:after {\r\n        content: 'f019';\r\n        font-weight: 400;\r\n    }\r\n    @media screen and (min-width: 1921px) {\r\n        .cs-banner-with-text-section {\r\n            background: url(\"https:\/\/hello.campustore.com\/wp-content\/uploads\/2024\/10\/big-bg-img-catalog.png\") no-repeat;\r\n        }\r\n    }\r\n    @media screen and (min-width: 991px) and (max-width: 1920px) {\r\n        .cs-banner-with-text-section {\r\n            background: url(\"https:\/\/hello.campustore.com\/wp-content\/uploads\/2024\/10\/bg-img-catalog.png\") no-repeat;\r\n        }\r\n    }\r\n    @media screen and (max-width: 990px) {\r\n        .cs-banner-with-text-section {\r\n            background: url(\"https:\/\/hello.campustore.com\/wp-content\/uploads\/2024\/10\/bg-img-mobile-catalog-1.png\") no-repeat left\/cover;\r\n        }\r\n    }\r\n<\/style><\/p>\r\n","protected":false},"excerpt":{"rendered":"<p>Ein immersives Klassenzimmer ist eine Umgebung, die es Nutzern erm\u00f6glicht, auf neue Weise auf digitale Inhalte zuzugreifen. Miri ist der erste echte immersive Raum, der speziell f\u00fcr Schulen entwickelt wurde. Es ist ein neues Medium. Das immersive Klassenzimmer Miri entstand aus der gemeinsamen Erfahrung von Giunti Scuola und CampuStore und ist ein inklusiver, multisensorischer und [&hellip;]<\/p>\n","protected":false},"author":4,"featured_media":0,"parent":0,"menu_order":0,"comment_status":"closed","ping_status":"closed","template":"templates\/template-product-line.php","meta":{"_acf_changed":false,"content-type":"","_genesis_hide_title":false,"_genesis_hide_breadcrumbs":false,"_genesis_hide_singular_image":false,"_genesis_hide_footer_widgets":false,"_genesis_custom_body_class":"","_genesis_custom_post_class":"","_genesis_layout":"","footnotes":""},"class_list":{"0":"post-1418","1":"page","2":"type-page","3":"status-publish","5":"entry"},"acf":[],"_links":{"self":[{"href":"https:\/\/hello.campustore.com\/de\/wp-json\/wp\/v2\/pages\/1418","targetHints":{"allow":["GET"]}}],"collection":[{"href":"https:\/\/hello.campustore.com\/de\/wp-json\/wp\/v2\/pages"}],"about":[{"href":"https:\/\/hello.campustore.com\/de\/wp-json\/wp\/v2\/types\/page"}],"author":[{"embeddable":true,"href":"https:\/\/hello.campustore.com\/de\/wp-json\/wp\/v2\/users\/4"}],"replies":[{"embeddable":true,"href":"https:\/\/hello.campustore.com\/de\/wp-json\/wp\/v2\/comments?post=1418"}],"version-history":[{"count":9,"href":"https:\/\/hello.campustore.com\/de\/wp-json\/wp\/v2\/pages\/1418\/revisions"}],"predecessor-version":[{"id":1602,"href":"https:\/\/hello.campustore.com\/de\/wp-json\/wp\/v2\/pages\/1418\/revisions\/1602"}],"wp:attachment":[{"href":"https:\/\/hello.campustore.com\/de\/wp-json\/wp\/v2\/media?parent=1418"}],"curies":[{"name":"wp","href":"https:\/\/api.w.org\/{rel}","templated":true}]}}