{"id":1445,"date":"2024-11-22T17:05:44","date_gmt":"2024-11-22T16:05:44","guid":{"rendered":"https:\/\/hello.campustore.com\/makerspace\/"},"modified":"2025-02-18T11:54:45","modified_gmt":"2025-02-18T10:54:45","slug":"makerspace","status":"publish","type":"page","link":"https:\/\/hello.campustore.com\/de\/makerspace\/","title":{"rendered":"Makerspace &#038; FabLab"},"content":{"rendered":"\r\n<p>Ein MakerSpace ist ein kreativer Arbeitsraum, der speziell konzipiert wurde, um Lernende und Lehrkr\u00e4fte zu inspirieren und ihnen die M\u00f6glichkeit zu geben, Neues auszuprobieren. Jedes MakerSpace ist einzigartig und individuell ausgestattet. Ziel ist es, kreatives Denken, Probleml\u00f6sungsf\u00e4higkeiten und Teamarbeit zu f\u00f6rdern, sowie einen lehrplan\u00fcbergreifenden und projektorientierten Unterricht zu erm\u00f6glichen &#8211; in den MINT-F\u00e4chern, aber auch dar\u00fcber hinaus.<br \/>Was macht ein MakerSpace besonders?<\/p>\r\n<p>&nbsp;<\/p>\r\n<p>Ein MakerSpace bietet eine Umgebung, in der Theorie und Praxis zusammenkommen. Hier k\u00f6nnen Lehrkr\u00e4fte und Lernende gemeinsam experimentieren, forschen und gestalten. Es ist ein Ort, der die Freude am Entdecken weckt und f\u00fcr alle Altersgruppen geeignet ist.<\/p>\r\n<p>&nbsp;<\/p>\r\n<p>Welche Ausstattung kann ein MakerSpace bieten?<br \/>Ein MakerSpace kann eine Vielzahl von Werkzeugen und Technologien kombinieren, je nach Schwerpunkt und Zielgruppe.<\/p>\r\n<p>&nbsp;<\/p>\r\n<p>Beispiele f\u00fcr die Ausstattung sind:<br \/>\u2022 Werkzeuge: manuelle Werkzeuge wie Hammer und Schraubenzieher, elektrische wie Bohrer und Akkuschrauber, digitale wie 3D-Drucker und Lasercutter.<br \/>\u2022 Coding: Programmierbare Lernkonzepte und Roboter<br \/>\u2022 Elektronik: Mikrocontroller (Bsp. Arduino) und L\u00f6tstationen.<br \/>\u2022 Kreative Materialien: Stoffe, Papier, Farben, Holz, Kunststoff.<br \/>\u2022 Software: CAD-Programme, Programmierumgebungen.<\/p>\r\n<p>&nbsp;<\/p>\r\n<p>Warum sollten Schulen ein MakerSpace nutzen?<br \/>Ein MakerSpace ist eine unsch\u00e4tzbare Ressource, die Lehrkr\u00e4ften dabei hilft, ihren Unterricht lebendiger und praxisnaher zu gestalten. Er erm\u00f6glicht es ihnen, Lernende bei der Entwicklung von wichtigen F\u00e4higkeiten zu unterst\u00fctzen, wie zum Beispiel Ihre Kreativit\u00e4t, die Probleml\u00f6sef\u00e4higkeiten und das interdisziplin\u00e4re Arbeiten unter praktischem Wissenseinsatz.<\/p>\r\n<p>&nbsp;<\/p>\r\n<p>Einsatzideen f\u00fcr Lehrkr\u00e4fte<br \/>MakerSpaces k\u00f6nnen lehrplan\u00fcbergreifend mit Schnittstellen in viele Unterrichtsf\u00e4cher genutzt werden. Hier sind einige inspirierende Beispiele:<br \/>\u2022 Mathematik: Erstellung von geometrischen Formen mit einem 3D-Drucker.<br \/>\u2022 Physik: Bau und Test von einfachen Maschinen oder Br\u00fcckenmodellen.<br \/>\u2022 Kunst: Gestaltung von Projekten mit Stoffen, Farben und digitalen Werkzeugen.<br \/>\u2022 Informatik: Programmierung von Mikrocontrollern oder Robotern.<\/p>\r\n<p>&nbsp;<\/p>\r\n<p>Vor der konkreten Planung und der Einrichtung eines MakerSpace stellt sich die Frage, welche Ziele die Schule mit dem MakerSpace erreichen m\u00f6chte?<\/p>\r\n<p>Es macht auch Sinn, die Erwartungshaltung der Lernenden bei der Planung ernst zu nehmen. Nicht selten befi nden sich Bestandteile des MakerSpace bereits im Besitz der Schule, sodass eine Integration dieser sehr einfach und kosteneffi zient m\u00f6glich ist. Ein paar grundlegende Werkzeuge und Materialien reichen dann schon aus, um erste Projekte umzusetzen zu k\u00f6nnen.<\/p>\r\n<p>&nbsp;<\/p>\r\n<p>Fazit: Ein MakerSpace ist nicht nur ein Raum, sondern eine Einladung f\u00fcr Lehrkr\u00e4fte und Lernende, gemeinsam zu lernen, zu experimentieren und Neues zu schaffen. Er f\u00f6rdert nicht nur die Freude am Entdecken, sondern unterst\u00fctzt auch die Entwicklung von Kompetenzen, die in der heutigen Welt unverzichtbar sind.<\/p>\r\n<h2>Einige unserer Partner<\/h2>\r\n<figure><img loading=\"lazy\" decoding=\"async\" src=\"https:\/\/hello.campustore.com\/wp-content\/uploads\/2024\/11\/makeblock-education-logo.png\" alt=\"\" width=\"250\" height=\"85\" \/><\/figure>\r\n<figure><img loading=\"lazy\" decoding=\"async\" src=\"https:\/\/hello.campustore.com\/wp-content\/uploads\/2024\/11\/New_ultimaker_logo-300x56.png\" srcset=\"https:\/\/hello.campustore.com\/wp-content\/uploads\/2024\/11\/New_ultimaker_logo-300x56.png 300w, https:\/\/hello.campustore.com\/wp-content\/uploads\/2024\/11\/New_ultimaker_logo-768x142.png 768w, https:\/\/hello.campustore.com\/wp-content\/uploads\/2024\/11\/New_ultimaker_logo.png 798w\" alt=\"\" width=\"300\" height=\"56\" \/><\/figure>\r\n<figure><img loading=\"lazy\" decoding=\"async\" src=\"https:\/\/hello.campustore.com\/wp-content\/uploads\/2024\/11\/dobot-logo.png\" alt=\"\" width=\"250\" height=\"85\" \/><\/figure>\r\n<figure><img loading=\"lazy\" decoding=\"async\" src=\"https:\/\/hello.campustore.com\/wp-content\/uploads\/2024\/11\/arduino-education-logo.png\" alt=\"\" width=\"250\" height=\"85\" \/><\/figure>\r\n<figure><img loading=\"lazy\" decoding=\"async\" src=\"https:\/\/hello.campustore.com\/wp-content\/uploads\/2024\/11\/xTool_logo-250px.svg\" alt=\"\" width=\"300\" height=\"300\" \/><\/figure>\r\n<figure><img loading=\"lazy\" decoding=\"async\" src=\"https:\/\/hello.campustore.com\/wp-content\/uploads\/2024\/11\/Roland_logo-250px.svg\" alt=\"\" width=\"300\" height=\"300\" \/><\/figure>\r\n<p><img decoding=\"async\" src=\"https:\/\/hello.campustore.com\/wp-content\/uploads\/2024\/11\/CarrellONE_l1080px-1.png\" alt=\"Das beste M\u00f6belst\u00fcck f\u00fcr ein MakerSpace? CarrellONE\" \/><\/p>\r\n<h2>Das beste M\u00f6belst\u00fcck f\u00fcr ein MakerSpace? CarrellONE<\/h2>\r\n<p><strong>Ein MINT-Labor f\u00fcr unterwegs.<\/strong><br \/>CarrellONE ist das erste wissenschaftliche Labor in einem Wagen, das gleichzeitig ein MakerSpace ist und das MINT-Erlebnis in einer sch\u00f6nen und nachhaltigen Form in die Schule bringt.<br \/>Es l\u00f6st das Problem der Flexibilit\u00e4t und gemeinsamen Nutzung innerhalb der Schule in einer auff\u00e4lligen L\u00f6sung.<strong>Finalist f\u00fcr den GESS Award 2024.<\/strong><\/p>\r\n<p><a href=\"\/de\/carrellone\/\">ERFAHREN SIE MEHR<\/a><\/p>\r\n<!-- end cs container boxed --><!-- end cs image with text section -->\r\n<h2>Download unserer Kataloge<\/h2>\r\n<p>Besuchen Sie unsere Katalogseite: Hier finden Sie eine Auswahl an Brosch\u00fcren und Katalogen in verschiedenen Sprachen. Sie alle enthalten nur einen kleinen Teil dessen, was wir Lernbegeisterten zu bieten haben. Um mehr zu erfahren, kontaktieren Sie uns einfach.<\/p>\r\n<p><a href=\"\/de\/kataloge\/\">ALLE KATALOGE ANSEHEN<\/a><\/p>\r\n<!-- end cs text container -->\r\n<p><img decoding=\"async\" src=\"https:\/\/hello.campustore.com\/wp-content\/uploads\/2024\/10\/catalog-img-3.png\" alt=\"Download unserer Kataloge\" \/><\/p>\r\n<!-- end banner with text section -->\r\n<p><style>\r\n    .cs-banner-with-text-section .cs-primary-button.with-icon:after {\r\n        content: 'f019';\r\n        font-weight: 400;\r\n    }\r\n    @media screen and (min-width: 1921px) {\r\n        .cs-banner-with-text-section {\r\n            background: url(\"https:\/\/hello.campustore.com\/wp-content\/uploads\/2024\/10\/big-bg-img-catalog.png\") no-repeat;\r\n        }\r\n    }\r\n    @media screen and (min-width: 991px) and (max-width: 1920px) {\r\n        .cs-banner-with-text-section {\r\n            background: url(\"https:\/\/hello.campustore.com\/wp-content\/uploads\/2024\/10\/bg-img-catalog.png\") no-repeat;\r\n        }\r\n    }\r\n    @media screen and (max-width: 990px) {\r\n        .cs-banner-with-text-section {\r\n            background: url(\"https:\/\/hello.campustore.com\/wp-content\/uploads\/2024\/10\/bg-img-mobile-catalog-1.png\") no-repeat left\/cover;\r\n        }\r\n    }\r\n<\/style><\/p>\r\n","protected":false},"excerpt":{"rendered":"<p>Ein MakerSpace ist ein kreativer Arbeitsraum, der speziell konzipiert wurde, um Lernende und Lehrkr\u00e4fte zu inspirieren und ihnen die M\u00f6glichkeit zu geben, Neues auszuprobieren. Jedes MakerSpace ist einzigartig und individuell ausgestattet. Ziel ist es, kreatives Denken, Probleml\u00f6sungsf\u00e4higkeiten und Teamarbeit zu f\u00f6rdern, sowie einen lehrplan\u00fcbergreifenden und projektorientierten Unterricht zu erm\u00f6glichen &#8211; in den MINT-F\u00e4chern, aber auch [&hellip;]<\/p>\n","protected":false},"author":3,"featured_media":0,"parent":0,"menu_order":0,"comment_status":"closed","ping_status":"closed","template":"templates\/template-product-line-full.php","meta":{"_acf_changed":false,"content-type":"","_genesis_hide_title":false,"_genesis_hide_breadcrumbs":false,"_genesis_hide_singular_image":false,"_genesis_hide_footer_widgets":false,"_genesis_custom_body_class":"","_genesis_custom_post_class":"","_genesis_layout":"","footnotes":""},"class_list":{"0":"post-1445","1":"page","2":"type-page","3":"status-publish","5":"entry"},"acf":[],"_links":{"self":[{"href":"https:\/\/hello.campustore.com\/de\/wp-json\/wp\/v2\/pages\/1445","targetHints":{"allow":["GET"]}}],"collection":[{"href":"https:\/\/hello.campustore.com\/de\/wp-json\/wp\/v2\/pages"}],"about":[{"href":"https:\/\/hello.campustore.com\/de\/wp-json\/wp\/v2\/types\/page"}],"author":[{"embeddable":true,"href":"https:\/\/hello.campustore.com\/de\/wp-json\/wp\/v2\/users\/3"}],"replies":[{"embeddable":true,"href":"https:\/\/hello.campustore.com\/de\/wp-json\/wp\/v2\/comments?post=1445"}],"version-history":[{"count":7,"href":"https:\/\/hello.campustore.com\/de\/wp-json\/wp\/v2\/pages\/1445\/revisions"}],"predecessor-version":[{"id":1612,"href":"https:\/\/hello.campustore.com\/de\/wp-json\/wp\/v2\/pages\/1445\/revisions\/1612"}],"wp:attachment":[{"href":"https:\/\/hello.campustore.com\/de\/wp-json\/wp\/v2\/media?parent=1445"}],"curies":[{"name":"wp","href":"https:\/\/api.w.org\/{rel}","templated":true}]}}