{"id":1470,"date":"2025-02-07T18:35:06","date_gmt":"2025-02-07T17:35:06","guid":{"rendered":"https:\/\/hello.campustore.com\/?page_id=1470"},"modified":"2025-02-18T11:45:06","modified_gmt":"2025-02-18T10:45:06","slug":"lego-education","status":"publish","type":"page","link":"https:\/\/hello.campustore.com\/de\/lego-education\/","title":{"rendered":"LEGO\u00ae Education"},"content":{"rendered":"\n\n\t\n<h1><strong><img loading=\"lazy\" decoding=\"async\" role=\"img\" src=\"https:\/\/hello.campustore.com\/wp-content\/uploads\/2025\/02\/LE-new-logo_250px.svg\" alt=\"\" width=\"1024\" height=\"1024\" \/><\/strong><\/h1>\n\n<h1><strong>LEGO\u00ae Lernsystem<\/strong><br \/>\n<strong>ein Lernsystem f\u00fcr jedes Alter<\/strong><\/h1>\n<p>&nbsp;<\/p>\nLEGO\u00ae Education: Ein Kontinuum, das das Lernen von der Vorschule bis zur Universit\u00e4t unterst\u00fctzt.<br \/>\nErwecken Sie STEAM-Lernen zum Leben und wecken Sie die Freude am Lernen im Klassenzimmer mit dem LEGO\u00ae Lernsystem, einem praxisorientierten, intuitiven, umfassenden und \u00e4u\u00dferst anpassungsf\u00e4higen Lernsystem. Helfen Sie den Sch\u00fclern, zuk\u00fcnftige F\u00e4higkeiten und Selbstvertrauen aufzubauen, indem Sie Ihrem Unterricht zahllose praktische und unterhaltsame STEAM-Lernm\u00f6glichkeiten bieten.\n<p>Das LEGO Lernsystem besteht aus verschiedenen Elementen und L\u00f6sungen f\u00fcr die Vorschule, Grundschule und weiterf\u00fchrende Schule: F\u00fcr jede Schulstufe gibt es die richtigen Werkzeuge, auf die man z\u00e4hlen kann &#8230; ein Stein nach dem anderen!<\/p>\n<h2>\n\t\tEine solide Partnerschaft im Dienste der Schulen\n\t<\/h2>\n\t\t\t\t\t\t<figure>\n\t\t\t\t\t\t\t<img loading=\"lazy\" decoding=\"async\" src=\"https:\/\/hello.campustore.com\/wp-content\/uploads\/2024\/11\/campustore-logo.png\" alt=\"\" width=\"250\" height=\"85\" \/>\n\t\t\t\t\t\t\t\t\t\t\t\t\t<\/figure>\n\t\t\t\t\t\t<figure>\n\t\t\t\t\t\t\t<img loading=\"lazy\" decoding=\"async\" src=\"https:\/\/hello.campustore.com\/wp-content\/uploads\/2025\/02\/LE-new-logo_250px.svg\" alt=\"\" width=\"300\" height=\"300\" \/>\n\t\t\t\t\t\t\t\t\t\t\t\t\t<\/figure>\n\t\t\t\t\t<h2>\n\t\tNeu im Jahr 2025\n\t<\/h2>\n                <img decoding=\"async\" src=\"https:\/\/hello.campustore.com\/wp-content\/uploads\/2025\/02\/45621_BoxProd_v29.png\" alt=\"LEGO Education Naturwissenschaften\"\/>\n                <h2>LEGO Education Naturwissenschaften<\/h2>\n                <h3><strong>Die Zukunft liegt in ihren H\u00e4nden<\/strong><\/h3><p>Die Zukunft liegt in ihren H\u00e4ndenLEGO\u00ae Education Naturwissenschaften ist eine neue, f\u00fcr Schulen konzipierte LEGO Linie, die Lehrern und Erziehern aktive Unterst\u00fctzung f\u00fcr den Unterricht in naturwissenschaftlichen F\u00e4chern bietet. Das Ziel dieser Produktreihe besteht darin, wissenschaftliche Untersuchungen in den Unterricht zu bringen und sie auf praktische und unterhaltsame Weise anzugehen, indem man dank der Bausteine \u200b\u200bals Wissenschaftlerteam zusammenarbeitet.\u00a0Die Produkte der Science-Linie sind ab August 2025 versandfertig, k\u00f6nnen aber bereits heute.<\/p>\n     <!-- end cs container boxed -->\n <!-- end cs image with text section -->\n                <img decoding=\"async\" src=\"https:\/\/hello.campustore.com\/wp-content\/uploads\/2024\/12\/LEGO-BP_1080px.png\" alt=\"LEGO\u00ae Education Partner des Jahres\"\/>\n                <h2>LEGO\u00ae Education Partner des Jahres<\/h2>\n                <p>Wir sind seit mehr als 20 Jahren der italienische Distributor von LEGO Education.<br \/>Wir haben 2022 den Preis als weltweit bester LEGO Education-Partner erhalten und damit sind wir:<\/p><ul><li>vertrauensw\u00fcrdig<\/li><li>ein langfristig effektiver Teampartner<\/li><li>erfahren im Bildungsbereich<\/li><li>ein Garant f\u00fcr Spitzenqualit\u00e4t<\/li><\/ul>\n     <!-- end cs container boxed -->\n <!-- end cs image with text section -->\n<h2>\n\t\tMINT &#038; ROBOTIK\n\t<\/h2>\n                <img decoding=\"async\" src=\"https:\/\/hello.campustore.com\/wp-content\/uploads\/2024\/11\/SPIKE-Prime_l1080px-1.png\" alt=\"LEGO Education SPIKE\u2122 Prime\"\/>\n                <h2>LEGO Education SPIKE\u2122 Prime<\/h2>\n                <p><strong>MINT &amp; ROBOTIK | L\u00f6sungen f\u00fcr die Sekundarstufe<\/strong>Das beste Tool zum Codieren, zur Selbstdarstellung und zur Kreativit\u00e4t.Dieses p\u00e4dagogische Robotik-Set zur Inklusion von M\u00e4dchen und Jungen in MINT-F\u00e4cher ist optimal f\u00fcr die Sekundarstufe I geeignet, mit wichtigen Erweiterungen sowohl in den Abschlussjahren der Grundschule als auch zu Beginn des h\u00f6heren Schulwegs.<\/p>\n     <!-- end cs container boxed -->\n <!-- end cs image with text section -->\n                <img decoding=\"async\" src=\"https:\/\/hello.campustore.com\/wp-content\/uploads\/2024\/11\/SPIKE-Essential_l1080px-1.png\" alt=\"LEGO\u00ae Education SPIKE\u2122 Essential\"\/>\n                <h2>LEGO\u00ae Education SPIKE\u2122 Essential<\/h2>\n                <p><strong>L\u00f6sungen f\u00fcr die Grundschule<\/strong>Entdecken Sie LEGO\u00ae Education SPIKE\u2122 Essential, ein p\u00e4dagogisches Robotik-Set, das Ihren gesamten Grundschulunterricht mit praktischen Aktivit\u00e4ten spannend gestaltet und das MINT-Lernen erleichtert. Dank des LEGO-Systems und der mitgelieferten Anleitung ist es m\u00f6glich, viele unterschiedliche Modelle zu bauen und diese anschlie\u00dfend per Codierung zu steuern.<\/p>\n     <!-- end cs container boxed -->\n <!-- end cs image with text section -->\n                <h2>Download unserer Kataloge<\/h2>\n                <p>Besuchen Sie unsere Katalogseite: Hier finden Sie eine Auswahl an Brosch\u00fcren und Katalogen in verschiedenen Sprachen. Sie alle enthalten nur einen kleinen Teil dessen, was wir Lernbegeisterten zu bieten haben. Um mehr zu erfahren, kontaktieren Sie uns einfach.<\/p>\n                                    <a href=\"\/de\/kataloge\/\">ALLE KATALOGE ANSEHEN<\/a>\n         <!-- end cs text container -->\n            <img decoding=\"async\" src=\"https:\/\/hello.campustore.com\/wp-content\/uploads\/2024\/10\/catalog-img-3.png\" alt=\"Download unserer Kataloge\"\/>\n <!-- end banner with text section -->\n<style>\n    .cs-banner-with-text-section .cs-primary-button.with-icon:after {\n        content: 'f019';\n        font-weight: 400;\n    }\n    @media screen and (min-width: 1921px) {\n        .cs-banner-with-text-section {\n            background: url(\"https:\/\/hello.campustore.com\/wp-content\/uploads\/2024\/10\/big-bg-img-catalog.png\") no-repeat;\n        }\n    }\n    @media screen and (min-width: 991px) and (max-width: 1920px) {\n        .cs-banner-with-text-section {\n            background: url(\"https:\/\/hello.campustore.com\/wp-content\/uploads\/2024\/10\/bg-img-catalog.png\") no-repeat;\n        }\n    }\n    @media screen and (max-width: 990px) {\n        .cs-banner-with-text-section {\n            background: url(\"https:\/\/hello.campustore.com\/wp-content\/uploads\/2024\/10\/bg-img-mobile-catalog-1.png\") no-repeat left\/cover;\n        }\n    }\n<\/style>\n\n","protected":false},"excerpt":{"rendered":"<p>LEGO\u00ae Lernsystem ein Lernsystem f\u00fcr jedes Alter &nbsp; LEGO\u00ae Education: Ein Kontinuum, das das Lernen von der Vorschule bis zur Universit\u00e4t unterst\u00fctzt. Erwecken Sie STEAM-Lernen zum Leben und wecken Sie die Freude am Lernen im Klassenzimmer mit dem LEGO\u00ae Lernsystem, einem praxisorientierten, intuitiven, umfassenden und \u00e4u\u00dferst anpassungsf\u00e4higen Lernsystem. Helfen Sie den Sch\u00fclern, zuk\u00fcnftige F\u00e4higkeiten und [&hellip;]<\/p>\n","protected":false},"author":4,"featured_media":0,"parent":0,"menu_order":0,"comment_status":"closed","ping_status":"closed","template":"templates\/template-product-line-full.php","meta":{"_acf_changed":false,"content-type":"","_genesis_hide_title":false,"_genesis_hide_breadcrumbs":false,"_genesis_hide_singular_image":false,"_genesis_hide_footer_widgets":false,"_genesis_custom_body_class":"","_genesis_custom_post_class":"","_genesis_layout":"","footnotes":""},"class_list":{"0":"post-1470","1":"page","2":"type-page","3":"status-publish","5":"entry"},"acf":[],"_links":{"self":[{"href":"https:\/\/hello.campustore.com\/de\/wp-json\/wp\/v2\/pages\/1470","targetHints":{"allow":["GET"]}}],"collection":[{"href":"https:\/\/hello.campustore.com\/de\/wp-json\/wp\/v2\/pages"}],"about":[{"href":"https:\/\/hello.campustore.com\/de\/wp-json\/wp\/v2\/types\/page"}],"author":[{"embeddable":true,"href":"https:\/\/hello.campustore.com\/de\/wp-json\/wp\/v2\/users\/4"}],"replies":[{"embeddable":true,"href":"https:\/\/hello.campustore.com\/de\/wp-json\/wp\/v2\/comments?post=1470"}],"version-history":[{"count":7,"href":"https:\/\/hello.campustore.com\/de\/wp-json\/wp\/v2\/pages\/1470\/revisions"}],"predecessor-version":[{"id":1611,"href":"https:\/\/hello.campustore.com\/de\/wp-json\/wp\/v2\/pages\/1470\/revisions\/1611"}],"wp:attachment":[{"href":"https:\/\/hello.campustore.com\/de\/wp-json\/wp\/v2\/media?parent=1470"}],"curies":[{"name":"wp","href":"https:\/\/api.w.org\/{rel}","templated":true}]}}