{"id":1507,"date":"2024-11-10T12:27:18","date_gmt":"2024-11-10T11:27:18","guid":{"rendered":"https:\/\/hello.campustore.com\/i-vulcani\/"},"modified":"2025-02-18T11:17:12","modified_gmt":"2025-02-18T10:17:12","slug":"i-vulcani","status":"publish","type":"page","link":"https:\/\/hello.campustore.com\/de\/i-vulcani\/","title":{"rendered":"i-Vulcani"},"content":{"rendered":"\r\n<p><strong>Eine MINT-Lernumgebung<br \/>auf mehreren Ebenen<\/strong><\/p>\r\n<p>Ein immersives M\u00f6belst\u00fcck f\u00fcr kreative Projekte und eine Lernumgebung f\u00fcr praktische Aktivit\u00e4ten mit den Kleinen.<\/p>\r\n<p>&nbsp;<\/p>\r\n<p><strong>Was macht es besonders?<\/strong><br \/>Sch\u00f6nes Design aus Italien, das jeden Raum positiv aufwerten kann. Entwickelt und gestaltet f\u00fcr Schulen und Bildungseinrichtungen, bietet es einen unkonventionellen Lernraum, in dem die MINT-F\u00e4cher \u201eleben&#8220; k\u00f6nnen.<\/p>\r\n<figure><img loading=\"lazy\" decoding=\"async\" src=\"https:\/\/hello.campustore.com\/wp-content\/uploads\/2025\/02\/LE-new-logo_250px.svg\" alt=\"\" width=\"300\" height=\"300\" \/><\/figure>\r\n<figure><img loading=\"lazy\" decoding=\"async\" src=\"https:\/\/hello.campustore.com\/wp-content\/uploads\/2024\/11\/fischertechnik-logo.png\" alt=\"\" width=\"250\" height=\"85\" \/><\/figure>\r\n<figure><img loading=\"lazy\" decoding=\"async\" src=\"https:\/\/hello.campustore.com\/wp-content\/uploads\/2024\/11\/arduino-education-logo.png\" alt=\"\" width=\"250\" height=\"85\" \/><\/figure>\r\n<h2>Einige unserer Partner<\/h2>\r\n<p>&nbsp;<\/p>\r\n<p>Eine MINT-Lernumgebung auf mehreren Ebenen<\/p>\r\n<p><img decoding=\"async\" src=\"https:\/\/hello.campustore.com\/wp-content\/uploads\/2024\/11\/i-vulcani_1920x1080px-R100.png\" alt=\"Erleben Sie MINT auf 3 Ebenen\" \/><\/p>\r\n<h2>Erleben Sie MINT auf 3 Ebenen<\/h2>\r\n<p>i-Vulcani ist ein auf mehreren Ebenen aufgebautes Tool mit vielen Zubeh\u00f6rteilen, die es zu einer echten Lernumgebung f\u00fcr MINT machen, perfekt f\u00fcr die Kleinen &#8211; die buchst\u00e4blich darin eintauchen &#8211; und magisch f\u00fcr die \u00c4lteren.<br \/>Von einer Ebene zur n\u00e4chsten erleben die Kinder die Welt um sie herum durch wissenschaftliche Verarbeitung, Beobachtung und das Erleben der Zust\u00e4nde verschiedener Materialien sowie der Prinzipien der Coding und Robotik.<br \/>Auf (feststellbaren) R\u00e4dern montiert, kann es in unterschiedliche Bereiche der Schule transportiert werden.<\/p>\r\n<!-- end cs container boxed --><!-- end cs image with text section -->\r\n<p><img decoding=\"async\" src=\"https:\/\/hello.campustore.com\/wp-content\/uploads\/2024\/11\/i-vulcani-02_1920x1080px-R100.png\" alt=\"M\u00f6bel angereichert durch Technologie\" \/><\/p>\r\n<h2>M\u00f6bel angereichert durch Technologie<\/h2>\r\n<p>Die Anschaffung von i-Vulcani umfasst ein grundlegendes technologisches Kit (1 Projektor, 1 Tablet, Lupen, 1 Mikroskop).<br \/>i-Vulcani wurde auf drei vertikalen Ebenen aufgebaut und erm\u00f6glicht es den Lernenden, wissenschaftliche Ph\u00e4nomene aus verschiedenen Blickwinkeln und Perspektiven zu erleben.<br \/>Jede Ebene zeichnet sich durch verschiedene Funktionen aus, die f\u00fcr das Erleben von MINT entwickelt wurden (8 Beh\u00e4lter, Reagenzgl\u00e4ser, verschlie\u00dfbare T\u00fcren, ein LED-beleuchtetes Regal), unterst\u00fctzt durch innovative Technologien.<br \/>Integrierte Technologien erm\u00f6glichen ein immersives und wahrnehmungsorientiertes Lernerlebnis mit der Verwendung von Lichtern, Farben, Ger\u00fcchen, Aromen, Ger\u00e4uschen und Musik.<br \/>Es ist auch mit vielen weiteren MINT-Tools kompatibel.<br \/>Einf\u00fchrende Videolektion zum p\u00e4dagogischen Konzept.<br \/>Eine spezifische Schulung zu P\u00e4dagogik und MINT kann separat angefragt und angeboten werden.<br \/>Die Ausstattung von i-Vulcani kann auf Anfrage individuell angepasst und die Schulung entsprechend entwickelt werden.<br \/>Tats\u00e4chlich ist i-Vulcani nicht nur ein Tisch zum wissenschaftlichen Arbeiten und Beobachten:<br \/>Hinter seiner Konzeption steht die Methode \u201eLearning by Languages\u00ae&#8220;.<\/p>\r\n<!-- end cs container boxed --><!-- end cs image with text section -->\r\n<p><img decoding=\"async\" src=\"https:\/\/hello.campustore.com\/wp-content\/uploads\/2024\/10\/who-we-are-3.png\" alt=\"SPEZIFIKATIONEN\" \/><\/p>\r\n<h2>SPEZIFIKATIONEN<\/h2>\r\n<p>Durchmesser 140 cm &#8211; H\u00f6he 202 cm auf R\u00e4dern (ohne 190 cm).<br \/>i-Vulcani ist ein vollst\u00e4ndig in Italien hergestelltes Markenprodukt, das aus der Verschmelzung unterschiedlicher Kulturen und Denkans\u00e4tzen entstanden ist.<br \/>Die urspr\u00fcngliche Idee stammt von Learning By Languages aus einem Projekt von Sabrina Bonaccini; Design von Francesco Bombardi; Play+ Produktion; Technologieeinf\u00fchrung und -integration von CampuStore; Praxistests: P\u00e4dagogisches Team von Coopselios, Universit\u00e4t Triest, IC3 Modena (Direktor: Daniele Barca).<\/p>\r\n<!-- end cs container boxed --><!-- end cs image with text section -->\r\n<h2>Download unserer Kataloge<\/h2>\r\n<p>Besuchen Sie unsere Katalogseite: Hier finden Sie eine Auswahl an Brosch\u00fcren und Katalogen in verschiedenen Sprachen. Sie alle enthalten nur einen kleinen Teil dessen, was wir Lernbegeisterten zu bieten haben. Um mehr zu erfahren, kontaktieren Sie uns einfach.<\/p>\r\n<p><a href=\"\/de\/kataloge\/\">ALLE KATALOGE ANSEHEN<\/a><\/p>\r\n<!-- end cs text container -->\r\n<p><img decoding=\"async\" src=\"https:\/\/hello.campustore.com\/wp-content\/uploads\/2024\/10\/catalog-img-3.png\" alt=\"Download unserer Kataloge\" \/><\/p>\r\n<!-- end banner with text section -->\r\n<p><style>\r\n    .cs-banner-with-text-section .cs-primary-button.with-icon:after {\r\n        content: 'f019';\r\n        font-weight: 400;\r\n    }\r\n    @media screen and (min-width: 1921px) {\r\n        .cs-banner-with-text-section {\r\n            background: url(\"https:\/\/hello.campustore.com\/wp-content\/uploads\/2024\/10\/big-bg-img-catalog.png\") no-repeat;\r\n        }\r\n    }\r\n    @media screen and (min-width: 991px) and (max-width: 1920px) {\r\n        .cs-banner-with-text-section {\r\n            background: url(\"https:\/\/hello.campustore.com\/wp-content\/uploads\/2024\/10\/bg-img-catalog.png\") no-repeat;\r\n        }\r\n    }\r\n    @media screen and (max-width: 990px) {\r\n        .cs-banner-with-text-section {\r\n            background: url(\"https:\/\/hello.campustore.com\/wp-content\/uploads\/2024\/10\/bg-img-mobile-catalog-1.png\") no-repeat left\/cover;\r\n        }\r\n    }\r\n<\/style><\/p>\r\n","protected":false},"excerpt":{"rendered":"<p>Eine MINT-Lernumgebungauf mehreren Ebenen Ein immersives M\u00f6belst\u00fcck f\u00fcr kreative Projekte und eine Lernumgebung f\u00fcr praktische Aktivit\u00e4ten mit den Kleinen. &nbsp; Was macht es besonders?Sch\u00f6nes Design aus Italien, das jeden Raum positiv aufwerten kann. Entwickelt und gestaltet f\u00fcr Schulen und Bildungseinrichtungen, bietet es einen unkonventionellen Lernraum, in dem die MINT-F\u00e4cher \u201eleben&#8220; k\u00f6nnen. Einige unserer Partner &nbsp; [&hellip;]<\/p>\n","protected":false},"author":4,"featured_media":0,"parent":0,"menu_order":0,"comment_status":"closed","ping_status":"closed","template":"templates\/template-product-line.php","meta":{"_acf_changed":false,"content-type":"","_genesis_hide_title":false,"_genesis_hide_breadcrumbs":false,"_genesis_hide_singular_image":false,"_genesis_hide_footer_widgets":false,"_genesis_custom_body_class":"","_genesis_custom_post_class":"","_genesis_layout":"","footnotes":""},"class_list":{"0":"post-1507","1":"page","2":"type-page","3":"status-publish","5":"entry"},"acf":[],"_links":{"self":[{"href":"https:\/\/hello.campustore.com\/de\/wp-json\/wp\/v2\/pages\/1507","targetHints":{"allow":["GET"]}}],"collection":[{"href":"https:\/\/hello.campustore.com\/de\/wp-json\/wp\/v2\/pages"}],"about":[{"href":"https:\/\/hello.campustore.com\/de\/wp-json\/wp\/v2\/types\/page"}],"author":[{"embeddable":true,"href":"https:\/\/hello.campustore.com\/de\/wp-json\/wp\/v2\/users\/4"}],"replies":[{"embeddable":true,"href":"https:\/\/hello.campustore.com\/de\/wp-json\/wp\/v2\/comments?post=1507"}],"version-history":[{"count":3,"href":"https:\/\/hello.campustore.com\/de\/wp-json\/wp\/v2\/pages\/1507\/revisions"}],"predecessor-version":[{"id":1601,"href":"https:\/\/hello.campustore.com\/de\/wp-json\/wp\/v2\/pages\/1507\/revisions\/1601"}],"wp:attachment":[{"href":"https:\/\/hello.campustore.com\/de\/wp-json\/wp\/v2\/media?parent=1507"}],"curies":[{"name":"wp","href":"https:\/\/api.w.org\/{rel}","templated":true}]}}