{"id":1514,"date":"2024-11-22T18:07:23","date_gmt":"2024-11-22T17:07:23","guid":{"rendered":"https:\/\/hello.campustore.com\/tech-furniture\/"},"modified":"2025-02-19T10:30:01","modified_gmt":"2025-02-19T09:30:01","slug":"tech-mobel","status":"publish","type":"page","link":"https:\/\/hello.campustore.com\/de\/tech-mobel\/","title":{"rendered":"Tech-M\u00f6bel"},"content":{"rendered":"\n\n\t<p><strong>M\u00f6bel mit einem technischen Twist<\/strong><\/p>\n<p>Wir entwickeln seit mehr als 30 Jahren komplette Konzepte f\u00fcr innovative Lernr\u00e4ume.<\/p>\n<strong>Was wir gelernt haben<\/strong><br \/>\nM\u00f6bel und Technologien sind heute ein Muss in jedem Lernraum, der auf dem neuesten Stand sein will.<br \/>\nSowohl M\u00f6bel als auch digitale Tools leisten den besten Beitrag zum Unterricht oder Lernergebnis, wenn, wenn sie zum Aufbau einer flexiblen und anpassungsf\u00e4higen Umgebung beitragen, die sich st\u00fcndlich \u00e4ndern kann.\n<p>&nbsp;<\/p>\n<strong>Der zus\u00e4tzliche Schritt<\/strong><br \/>\nDie Zusammenf\u00fchrung von M\u00f6beln und digitalen Tools kann eine L\u00f6sung f\u00fcr viele Anforderungen von Lernr\u00e4umen sein. Wenn Inhalte mit einbezogen werden, ist das Ergebnis unvergleichlich. Deshalb gehen die meisten unserer eigenen Entwicklungen in diese Richtung.\n<h2>\n\t\tEinige unserer Partner\n\t<\/h2>\n\t\t\t\t\t\t<figure>\n\t\t\t\t\t\t\t<img loading=\"lazy\" decoding=\"async\" src=\"https:\/\/hello.campustore.com\/wp-content\/uploads\/2025\/02\/LE-new-logo_250px.svg\" alt=\"\" width=\"300\" height=\"300\" \/>\n\t\t\t\t\t\t\t\t\t\t\t\t\t<\/figure>\n\t\t\t\t\t\t<figure>\n\t\t\t\t\t\t\t<img loading=\"lazy\" decoding=\"async\" src=\"https:\/\/hello.campustore.com\/wp-content\/uploads\/2024\/11\/fischertechnik-logo.png\" alt=\"\" width=\"250\" height=\"85\" \/>\n\t\t\t\t\t\t\t\t\t\t\t\t\t<\/figure>\n\t\t\t\t\t\t<figure>\n\t\t\t\t\t\t\t<img loading=\"lazy\" decoding=\"async\" src=\"https:\/\/hello.campustore.com\/wp-content\/uploads\/2024\/11\/arduino-education-logo.png\" alt=\"\" width=\"250\" height=\"85\" \/>\n\t\t\t\t\t\t\t\t\t\t\t\t\t<\/figure>\n\t\t\t\t\t\t<figure>\n\t\t\t\t\t\t\t<img loading=\"lazy\" decoding=\"async\" src=\"https:\/\/hello.campustore.com\/wp-content\/uploads\/2024\/11\/makeblock-education-logo.png\" alt=\"\" width=\"250\" height=\"85\" \/>\n\t\t\t\t\t\t\t\t\t\t\t\t\t<\/figure>\n\t\t\t\t\t\t<figure>\n\t\t\t\t\t\t\t<img loading=\"lazy\" decoding=\"async\" src=\"https:\/\/hello.campustore.com\/wp-content\/uploads\/2024\/11\/giunti-scuola-logo.png\" alt=\"\" width=\"250\" height=\"85\" \/>\n\t\t\t\t\t\t\t\t\t\t\t\t\t<\/figure>\n\t\t\t\t\t\t<figure>\n\t\t\t\t\t\t\t<img loading=\"lazy\" decoding=\"async\" src=\"https:\/\/hello.campustore.com\/wp-content\/uploads\/2024\/11\/francesco-bombardi-logo.png\" alt=\"\" width=\"250\" height=\"85\" \/>\n\t\t\t\t\t\t\t\t\t\t\t\t\t<\/figure>\n\t\t\t\t\t\t<figure>\n\t\t\t\t\t\t\t<img loading=\"lazy\" decoding=\"async\" src=\"https:\/\/hello.campustore.com\/wp-content\/uploads\/2024\/11\/dobot-logo.png\" alt=\"\" width=\"250\" height=\"85\" \/>\n\t\t\t\t\t\t\t\t\t\t\t\t\t<\/figure>\n\t\t\t\t\t\t<figure>\n\t\t\t\t\t\t\t<img loading=\"lazy\" decoding=\"async\" src=\"https:\/\/hello.campustore.com\/wp-content\/uploads\/2024\/11\/meta-logo.png\" alt=\"\" width=\"250\" height=\"85\" \/>\n\t\t\t\t\t\t\t\t\t\t\t\t\t<\/figure>\n\t\t\t\t\t\t<figure>\n\t\t\t\t\t\t\t<img loading=\"lazy\" decoding=\"async\" src=\"https:\/\/hello.campustore.com\/wp-content\/uploads\/2024\/11\/xTool_logo-250px.svg\" alt=\"\" width=\"300\" height=\"300\" \/>\n\t\t\t\t\t\t\t\t\t\t\t\t\t<\/figure>\n\t\t\t\t\t<h2>\n\t\tEinige unserer eigenentwickelten Tech-M\u00f6bel\n\t<\/h2>\n\tWir arbeiten seit vielen Jahren mit namenhaften Unternehmen zusammen mit dem Ziel, die Anforderungen an Technologie und Raumgestaltung zu erf\u00fcllen.<br \/>\nVS und Zioxi sind nur wenige Beispiele unserer langj\u00e4hrigen Partnerschaften.<br \/>\nDank dieser Erfahrung haben wir auch unsere eigene Vision f\u00fcr ganz besondere, technisch ausgefeilte M\u00f6bel entwickelt.<br \/>\nUnsere Entwicklungen wurden als Finalisten f\u00fcr den\n<p><strong>BETT- und GESS-Award 2024 nominiert.<\/strong><\/p>\n                <img decoding=\"async\" src=\"https:\/\/hello.campustore.com\/wp-content\/uploads\/2024\/11\/Pinguin_l1080px-1.png\" alt=\"Pinguin\"\/>\n                <h2>Pinguin<\/h2>\n                <p>Eine L\u00f6sung f\u00fcr moderne Bed\u00fcrfnisse.Perfekt f\u00fcr Kindergarten und Grundschule.<br \/>Ein interaktiver Holzmonitor f\u00fcr MINT-Aktivit\u00e4ten.Zwei Seiten f\u00fcr unterschiedliche Aktivit\u00e4ten.<br \/>16 verschiedene Positionen.<br \/>Angereichert durch p\u00e4dagogische Inhalte.\u00a0Giunti Scuola contents included.<\/p>\n                                    <a href=\"\/de\/pinguin\/\">ERFAHREN SIE MEHR<\/a>\n     <!-- end cs container boxed -->\n <!-- end cs image with text section -->\n                <img decoding=\"async\" src=\"https:\/\/hello.campustore.com\/wp-content\/uploads\/2024\/11\/CarrellONE_04_lq.png\" alt=\"CarrellONE\"\/>\n                <h2>CarrellONE<\/h2>\n                <p><strong>MINT in Bewegung: ein wissenschaftliches Labor auf R\u00e4dern.<\/strong><br \/>Geschaffen f\u00fcr die Bed\u00fcrfnisse von Schulen, perfekt f\u00fcr MakerSpaces und au\u00dferschulische Lernorte.<br \/>Die perfekte Erg\u00e4nzung f\u00fcr die weiterf\u00fchrende Schule.<br \/>Nachhaltig und aus Recyclingmaterial hergestellt.<br \/>Es bietet Platz f\u00fcr mehrere Werkzeuge wie 3D-Drucker, Laserschneider, Mikroskope und versorgt sie alle mit nur einem Stromanschluss.<\/p>\n                                    <a href=\"\/de\/carrellone\/\">ERFAHREN SIE MEHR<\/a>\n     <!-- end cs container boxed -->\n <!-- end cs image with text section -->\n                <img decoding=\"async\" src=\"https:\/\/hello.campustore.com\/wp-content\/uploads\/2024\/11\/i-vulcani_l600px-1.png\" alt=\"i-Vulcani\"\/>\n                <h2>i-Vulcani<\/h2>\n                <p><strong>Tauchen Sie ein in das MINT-Lernen.<\/strong><br \/>Eine mehrstufige Umgebung f\u00fcr MINT.<br \/>Ideal f\u00fcr Kinderg\u00e4rten und Grundschulen.<br \/>Sch\u00f6nes Design aus Italien, das jeden Raum positiv aufwerten kann.<br \/>Entdecken Sie MINT in 3 Dimensionen.<br \/>Erleben Sie wissenschaftliche Ph\u00e4nomene aus verschiedenen Blickwinkeln und Perspektiven.<\/p>\n                                    <a href=\"\/de\/i-vulcani\/\">ERFAHREN SIE MEHR<\/a>\n     <!-- end cs container boxed -->\n <!-- end cs image with text section -->\n                <img decoding=\"async\" src=\"https:\/\/hello.campustore.com\/wp-content\/uploads\/2024\/11\/Bruco-Catena_l1080px-1.png\" alt=\"Caterpillar-Edu-Links\"\/>\n                <h2>Caterpillar-Edu-Links<\/h2>\n                <p>Ein raupenf\u00f6rmiges M\u00f6belst\u00fcck, das die Lernenden auf vielf\u00e4ltige Weise zum Entdecken und Erkunden anregt.<br \/>Caterpillar-Edu-Links ist eine Lernumgebung f\u00fcr Kinderg\u00e4rten und Grundschulen mit zahlreichen p\u00e4dagogischen Mehrwerten zur F\u00f6rderung von wissenschaftlichem Denken, Konstruktivit\u00e4t und der Untersuchungen unterschiedlicher Materialien, alles in einer speziellen Struktur f\u00fcr mehrstufiges Lernen.<\/p>\n                                    <a href=\"\/de\/caterpillar\/\">ERFAHREN SIE MEHR<\/a>\n     <!-- end cs container boxed -->\n <!-- end cs image with text section -->\n                <h2>Download unserer Kataloge<\/h2>\n                <p>Besuchen Sie unsere Katalogseite: Hier finden Sie eine Auswahl an Brosch\u00fcren und Katalogen in verschiedenen Sprachen. Sie alle enthalten nur einen kleinen Teil dessen, was wir Lernbegeisterten zu bieten haben. Um mehr zu erfahren, kontaktieren Sie uns einfach.<\/p>\n                                    <a href=\"\/de\/kataloge\/\">ALLE KATALOGE ANSEHEN<\/a>\n         <!-- end cs text container -->\n            <img decoding=\"async\" src=\"https:\/\/hello.campustore.com\/wp-content\/uploads\/2024\/10\/catalog-img-3.png\" alt=\"Download unserer Kataloge\"\/>\n <!-- end banner with text section -->\n<style>\n    .cs-banner-with-text-section .cs-primary-button.with-icon:after {\n        content: 'f019';\n        font-weight: 400;\n    }\n    @media screen and (min-width: 1921px) {\n        .cs-banner-with-text-section {\n            background: url(\"https:\/\/hello.campustore.com\/wp-content\/uploads\/2024\/10\/big-bg-img-catalog.png\") no-repeat;\n        }\n    }\n    @media screen and (min-width: 991px) and (max-width: 1920px) {\n        .cs-banner-with-text-section {\n            background: url(\"https:\/\/hello.campustore.com\/wp-content\/uploads\/2024\/10\/bg-img-catalog.png\") no-repeat;\n        }\n    }\n    @media screen and (max-width: 990px) {\n        .cs-banner-with-text-section {\n            background: url(\"https:\/\/hello.campustore.com\/wp-content\/uploads\/2024\/10\/bg-img-mobile-catalog-1.png\") no-repeat left\/cover;\n        }\n    }\n<\/style>\n\n","protected":false},"excerpt":{"rendered":"<p>M\u00f6bel mit einem technischen Twist Wir entwickeln seit mehr als 30 Jahren komplette Konzepte f\u00fcr innovative Lernr\u00e4ume. Was wir gelernt haben M\u00f6bel und Technologien sind heute ein Muss in jedem Lernraum, der auf dem neuesten Stand sein will. Sowohl M\u00f6bel als auch digitale Tools leisten den besten Beitrag zum Unterricht oder Lernergebnis, wenn, wenn sie [&hellip;]<\/p>\n","protected":false},"author":4,"featured_media":0,"parent":0,"menu_order":0,"comment_status":"closed","ping_status":"closed","template":"templates\/template-product-line-full.php","meta":{"_acf_changed":false,"content-type":"","_genesis_hide_title":false,"_genesis_hide_breadcrumbs":false,"_genesis_hide_singular_image":false,"_genesis_hide_footer_widgets":false,"_genesis_custom_body_class":"","_genesis_custom_post_class":"","_genesis_layout":"","footnotes":""},"class_list":{"0":"post-1514","1":"page","2":"type-page","3":"status-publish","5":"entry"},"acf":[],"_links":{"self":[{"href":"https:\/\/hello.campustore.com\/de\/wp-json\/wp\/v2\/pages\/1514","targetHints":{"allow":["GET"]}}],"collection":[{"href":"https:\/\/hello.campustore.com\/de\/wp-json\/wp\/v2\/pages"}],"about":[{"href":"https:\/\/hello.campustore.com\/de\/wp-json\/wp\/v2\/types\/page"}],"author":[{"embeddable":true,"href":"https:\/\/hello.campustore.com\/de\/wp-json\/wp\/v2\/users\/4"}],"replies":[{"embeddable":true,"href":"https:\/\/hello.campustore.com\/de\/wp-json\/wp\/v2\/comments?post=1514"}],"version-history":[{"count":13,"href":"https:\/\/hello.campustore.com\/de\/wp-json\/wp\/v2\/pages\/1514\/revisions"}],"predecessor-version":[{"id":1618,"href":"https:\/\/hello.campustore.com\/de\/wp-json\/wp\/v2\/pages\/1514\/revisions\/1618"}],"wp:attachment":[{"href":"https:\/\/hello.campustore.com\/de\/wp-json\/wp\/v2\/media?parent=1514"}],"curies":[{"name":"wp","href":"https:\/\/api.w.org\/{rel}","templated":true}]}}