{"id":1529,"date":"2024-11-07T19:17:56","date_gmt":"2024-11-07T18:17:56","guid":{"rendered":"https:\/\/hello.campustore.com\/catterpillar\/"},"modified":"2025-02-18T11:18:05","modified_gmt":"2025-02-18T10:18:05","slug":"caterpillar","status":"publish","type":"page","link":"https:\/\/hello.campustore.com\/de\/caterpillar\/","title":{"rendered":"Caterpillar-Edu-Links"},"content":{"rendered":"\r\n<p>Ein raupenf\u00f6rmiges M\u00f6belst\u00fcck, das die Lernenden auf vielf\u00e4ltige Weise zum Entdecken und Erkunden anregt.<\/p>\r\n<p>Caterpillar-Edu-Links ist eine Lernumgebung f\u00fcr <strong>Kinderg\u00e4rten und Grundschulen<\/strong> mit zahlreichen p\u00e4dagogischen Mehrwerten zur F\u00f6rderung von wissenschaftlichem Denken, Konstruktivit\u00e4t und der Untersuchungen unterschiedlicher Materialien, alles in einer speziellen Struktur f\u00fcr mehrstufiges Lernen.<\/p>\r\n<figure><img loading=\"lazy\" decoding=\"async\" src=\"https:\/\/hello.campustore.com\/wp-content\/uploads\/2025\/02\/LE-new-logo_250px.svg\" alt=\"\" width=\"300\" height=\"300\" \/><\/figure>\r\n<figure><img loading=\"lazy\" decoding=\"async\" src=\"https:\/\/hello.campustore.com\/wp-content\/uploads\/2024\/11\/fischertechnik-logo.png\" alt=\"\" width=\"250\" height=\"85\" \/><\/figure>\r\n<figure><img loading=\"lazy\" decoding=\"async\" src=\"https:\/\/hello.campustore.com\/wp-content\/uploads\/2024\/11\/arduino-education-logo.png\" alt=\"\" width=\"250\" height=\"85\" \/><\/figure>\r\n<figure><img loading=\"lazy\" decoding=\"async\" src=\"https:\/\/hello.campustore.com\/wp-content\/uploads\/2024\/11\/francesco-bombardi-logo.png\" alt=\"\" width=\"250\" height=\"85\" \/><\/figure>\r\n<h2>Eine L\u00f6sung f\u00fcr moderne Bed\u00fcrfnisse<\/h2>\r\n<p>Das System bietet durch die Anlehnung an eine Kette mehrere m\u00f6gliche Konfigurationen, beginnend mit der Kombination von Ebenen auf unterschiedlichen H\u00f6hen:<br \/>&#8211; Ebene 1 Bodenplattform mit Materialbibliothek<br \/>&#8211; Ebene 2 Niedriges Atelier mit Leuchttisch und integrierten Lupen<br \/>&#8211; Ebene 3 Leuchtschrank f\u00fcr vielf\u00e4ltige Materialien &#8211; kleines Museum<br \/>&#8211; Ebene 4 H\u00e4ngendes Atelier zum Aufh\u00e4ngen eines Bodenprojektors. Es ist auch ein Ablageregal f\u00fcr Materialien der Lehrkr\u00e4fte.<\/p>\r\n<p>&nbsp;<\/p>\r\n<p><img decoding=\"async\" src=\"https:\/\/hello.campustore.com\/wp-content\/uploads\/2024\/11\/Bruco-Catena_l1080px.png\" alt=\"Ein mehrstufiges, technisch angereichertes M\u00f6belst\u00fcck\" \/><\/p>\r\n<h2>Ein mehrstufiges, technisch angereichertes M\u00f6belst\u00fcck<\/h2>\r\n<p>Die Verbindungselemente erm\u00f6glichen die Einstellung des Systems in verschiedenen Winkeln, sodass es sich leicht an verschiedene Schulr\u00e4ume anpassen l\u00e4sst.<br \/>Die Verbindungen bestehen aus zylindrischen Elementen aus perforiertem Drahtgeflecht, die verschiedene Elemente aufnehmen k\u00f6nnen, vom kleinen Garten bis zum Windkanal, sodass die Lernenden zu den Themen Form, Leichtigkeit und Schwerkraft experimentieren k\u00f6nnen.Erh\u00e4ltlich in einer analogen und einer technischen Version.<br \/>DIE BESTE OPTION ist die technische Version, die einen runden interaktiven Monitor und einen Projektor f\u00fcr interaktive B\u00f6den mit Lerninhalten integriert!<\/p>\r\n<!-- end cs container boxed --><!-- end cs image with text section -->\r\n<h2>Download unserer Kataloge<\/h2>\r\n<p>Besuchen Sie unsere Katalogseite: Hier finden Sie eine Auswahl an Brosch\u00fcren und Katalogen in verschiedenen Sprachen. Sie alle enthalten nur einen kleinen Teil dessen, was wir Lernbegeisterten zu bieten haben. Um mehr zu erfahren, kontaktieren Sie uns einfach.<\/p>\r\n<p><a href=\"\/de\/kataloge\/\">ALLE KATALOGE ANSEHEN<\/a><\/p>\r\n<!-- end cs text container -->\r\n<p><img decoding=\"async\" src=\"https:\/\/hello.campustore.com\/wp-content\/uploads\/2024\/10\/catalog-img-3.png\" alt=\"Download unserer Kataloge\" \/><\/p>\r\n<!-- end banner with text section -->\r\n<p><style>\r\n    .cs-banner-with-text-section .cs-primary-button.with-icon:after {\r\n        content: 'f019';\r\n        font-weight: 400;\r\n    }\r\n    @media screen and (min-width: 1921px) {\r\n        .cs-banner-with-text-section {\r\n            background: url(\"https:\/\/hello.campustore.com\/wp-content\/uploads\/2024\/10\/big-bg-img-catalog.png\") no-repeat;\r\n        }\r\n    }\r\n    @media screen and (min-width: 991px) and (max-width: 1920px) {\r\n        .cs-banner-with-text-section {\r\n            background: url(\"https:\/\/hello.campustore.com\/wp-content\/uploads\/2024\/10\/bg-img-catalog.png\") no-repeat;\r\n        }\r\n    }\r\n    @media screen and (max-width: 990px) {\r\n        .cs-banner-with-text-section {\r\n            background: url(\"https:\/\/hello.campustore.com\/wp-content\/uploads\/2024\/10\/bg-img-mobile-catalog-1.png\") no-repeat left\/cover;\r\n        }\r\n    }\r\n<\/style><\/p>\r\n","protected":false},"excerpt":{"rendered":"<p>Ein raupenf\u00f6rmiges M\u00f6belst\u00fcck, das die Lernenden auf vielf\u00e4ltige Weise zum Entdecken und Erkunden anregt. Caterpillar-Edu-Links ist eine Lernumgebung f\u00fcr Kinderg\u00e4rten und Grundschulen mit zahlreichen p\u00e4dagogischen Mehrwerten zur F\u00f6rderung von wissenschaftlichem Denken, Konstruktivit\u00e4t und der Untersuchungen unterschiedlicher Materialien, alles in einer speziellen Struktur f\u00fcr mehrstufiges Lernen. Eine L\u00f6sung f\u00fcr moderne Bed\u00fcrfnisse Das System bietet durch die [&hellip;]<\/p>\n","protected":false},"author":4,"featured_media":0,"parent":0,"menu_order":0,"comment_status":"closed","ping_status":"closed","template":"templates\/template-product-line.php","meta":{"_acf_changed":false,"content-type":"","_genesis_hide_title":false,"_genesis_hide_breadcrumbs":false,"_genesis_hide_singular_image":false,"_genesis_hide_footer_widgets":false,"_genesis_custom_body_class":"","_genesis_custom_post_class":"","_genesis_layout":"","footnotes":""},"class_list":{"0":"post-1529","1":"page","2":"type-page","3":"status-publish","5":"entry"},"acf":[],"_links":{"self":[{"href":"https:\/\/hello.campustore.com\/de\/wp-json\/wp\/v2\/pages\/1529","targetHints":{"allow":["GET"]}}],"collection":[{"href":"https:\/\/hello.campustore.com\/de\/wp-json\/wp\/v2\/pages"}],"about":[{"href":"https:\/\/hello.campustore.com\/de\/wp-json\/wp\/v2\/types\/page"}],"author":[{"embeddable":true,"href":"https:\/\/hello.campustore.com\/de\/wp-json\/wp\/v2\/users\/4"}],"replies":[{"embeddable":true,"href":"https:\/\/hello.campustore.com\/de\/wp-json\/wp\/v2\/comments?post=1529"}],"version-history":[{"count":3,"href":"https:\/\/hello.campustore.com\/de\/wp-json\/wp\/v2\/pages\/1529\/revisions"}],"predecessor-version":[{"id":1533,"href":"https:\/\/hello.campustore.com\/de\/wp-json\/wp\/v2\/pages\/1529\/revisions\/1533"}],"wp:attachment":[{"href":"https:\/\/hello.campustore.com\/de\/wp-json\/wp\/v2\/media?parent=1529"}],"curies":[{"name":"wp","href":"https:\/\/api.w.org\/{rel}","templated":true}]}}