{"id":1548,"date":"2024-11-07T19:30:32","date_gmt":"2024-11-07T18:30:32","guid":{"rendered":"https:\/\/hello.campustore.com\/pinguin\/"},"modified":"2025-02-18T11:20:49","modified_gmt":"2025-02-18T10:20:49","slug":"pinguin","status":"publish","type":"page","link":"https:\/\/hello.campustore.com\/de\/pinguin\/","title":{"rendered":"Pinguin"},"content":{"rendered":"\r\n<p><strong>Interaktiver Holzmonitor f\u00fcr MINT-Aktivit\u00e4ten<\/strong><\/p>\r\n<p>Entdecken Sie Pinguin, den brandneuen interaktiven Monitor, der aus unserer Zusammenarbeit mit SiComputer und Giunti Scuola entstanden ist. Pinguin-Funktionen:<\/p>\r\n<p>&nbsp;<\/p>\r\n<p>&#8211; Doppelte Oberfl\u00e4che: Auf der einen Seite befindet sich ein interaktiver Monitor mit integrierten Giunti Scuola-Inhalten, auf der anderen ein Spielfeld f\u00fcr MINT-Aktivit\u00e4ten mit abnehmbarer Barriere (ideal zum Beispiel, wenn Sie ihn f\u00fcr Coding und Robotik verwenden), damit Roboter nicht herunterfallen.<br \/>&#8211; Drehung um mehr als 270\u00b0 mit 16 Zwischenpositionen und doppelter Sicherheitsverriegelung<br \/>&#8211; Ergonomisches Design, kann sowohl im Sitzen als auch im Stehen verwendet werden<br \/>&#8211; Hergestellt in Italien und f\u00fcr p\u00e4dagogische Einsatz konzipiert<br \/>&#8211; Immer schnell, flexibel und sicher drehbar &#8211; Pinguin ist der erste digitale Monitor, der f\u00fcr Aktivit\u00e4ten ab dem Kindergarten entwickelt wurde und sich an viele verschiedene p\u00e4dagogische M\u00f6glichkeiten anpasst. Die doppelte Nutzungsoberfl\u00e4che ist das, was ihn wirklich auszeichnet.<\/p>\r\n<figure><img loading=\"lazy\" decoding=\"async\" src=\"https:\/\/hello.campustore.com\/wp-content\/uploads\/2024\/11\/campustore-logo.png\" alt=\"\" width=\"250\" height=\"85\" \/><\/figure>\r\n<figure><img loading=\"lazy\" decoding=\"async\" src=\"https:\/\/hello.campustore.com\/wp-content\/uploads\/2025\/02\/LE-new-logo_250px.svg\" alt=\"\" width=\"300\" height=\"300\" \/><\/figure>\r\n<figure><img loading=\"lazy\" decoding=\"async\" src=\"https:\/\/hello.campustore.com\/wp-content\/uploads\/2024\/11\/fischertechnik-logo.png\" alt=\"\" width=\"250\" height=\"85\" \/><\/figure>\r\n<figure><img loading=\"lazy\" decoding=\"async\" src=\"https:\/\/hello.campustore.com\/wp-content\/uploads\/2024\/11\/arduino-education-logo.png\" alt=\"\" width=\"250\" height=\"85\" \/><\/figure>\r\n<figure><img loading=\"lazy\" decoding=\"async\" src=\"https:\/\/hello.campustore.com\/wp-content\/uploads\/2024\/11\/francesco-bombardi-logo.png\" alt=\"\" width=\"250\" height=\"85\" \/><\/figure>\r\n<h2>Eine L\u00f6sung f\u00fcr moderne Bed\u00fcrfnisse<\/h2>\r\n<p>Der interaktive Holzmonitor f\u00fcr MINT-Aktivit\u00e4ten<\/p>\r\n<p><img decoding=\"async\" src=\"https:\/\/hello.campustore.com\/wp-content\/uploads\/2024\/11\/Pinguin_Rev.5-Nuovo.43.png\" alt=\"Zwei Seiten f\u00fcr vielf\u00e4ltige Anwendungen\" \/><\/p>\r\n<h2>Zwei Seiten f\u00fcr vielf\u00e4ltige Anwendungen<\/h2>\r\n<p><strong>SEITE 1<\/strong><br \/>Auf der einen Seite befindet sich ein interaktiver 32-Zoll-Touchscreen mit integriertem PC, der auf Windows basiert mit bereits installierten Giunti Scuola-Lerninhalten.<br \/><strong>SEITE 2<\/strong><br \/>Die analoge Seite verf\u00fcgt \u00fcber eine Begrenzungsbarriere (die angehoben oder abgesenkt werden kann), die f\u00fcr den Einsatz von Lernrobotern sowie f\u00fcr Coding- und Kreativaktivit\u00e4ten.<br \/>Entdecken Sie die Welt zwischen analog und digital. Das Beste aus digitalem, analogem und sensorischem Lernen in einem einzigen Tool.<\/p>\r\n<!-- end cs container boxed --><!-- end cs image with text section -->\r\n<p><img decoding=\"async\" src=\"https:\/\/hello.campustore.com\/wp-content\/uploads\/2024\/11\/PINGUIN_Coding.png\" alt=\"16 verschiedene Positionen\" \/><\/p>\r\n<h2>16 verschiedene Positionen<\/h2>\r\n<p><strong>Sicher<\/strong><br \/>Pinguin kann in 16 verschiedenen Positionen ausgerichtet und arretiert werden, was eine wirklich fortschrittliche Anpassung des Lernerlebnisses erm\u00f6glicht. Die Drehung wird durch einen doppelten Sicherheitsmechanismus gesteuert, sodass es nur von einem Erwachsenen neu positioniert werden kann, dadurch werden die Kinder, die es verwenden, bestm\u00f6glich gesch\u00fctzt.<br \/><strong>Horizontale Position | Analoge Seite<\/strong><br \/>Das ergonomische Design macht es nicht nur zu einem technologischen Werkzeug, sondern erm\u00f6glicht vor allem eine traditionellere Verwendung: je nachdem, ob es mit einem Stuhl verwendet wird, oder Interaktiv f\u00fcr Gruppenaktivit\u00e4ten.<br \/><strong>Horizontale Position | Digitale Seite<\/strong><br \/>Pinguin kann auch horizontal verwendet werden, indem es auf der digitalen Seite ausgerichtet wird: Mit einem Stuhl ist es perfekt als normales interaktives digitales Ger\u00e4t, enth\u00e4lt aber zus\u00e4tzlich bereits viele Lernspiele und zus\u00e4tzliche Inhalte, die von Giunti Scuola entwickelt wurden und die sich direkt beim Einschalten \u00f6ffnen, ohne dass eine Installation erforderlich ist.<br \/><strong>Digitaler vertikaler Monitor<\/strong><br \/>Kinder lieben es, wenn er vertikal verwendet wird: Auf diese Weise ist es ideal zum Betrachten von Gruppeninhalten und zur Interaktion mit Gleichaltrigen. Entdecken Sie Pinguin, den brandneuen interaktiven Monitor, der aus unserer Zusammenarbeit mit SiComputer und Giunti Scuola entstanden ist.<\/p>\r\n<!-- end cs container boxed --><!-- end cs image with text section -->\r\n<p><img decoding=\"async\" src=\"https:\/\/hello.campustore.com\/wp-content\/uploads\/2024\/11\/Pinguin_Rev.5-Nuovo.39.png\" alt=\"TECHNISCHE SPEZIFIKATION\" \/><\/p>\r\n<h2>TECHNISCHE SPEZIFIKATION<\/h2>\r\n<p>32-Zoll-FullHD-kapazitives 12-Touch-LCD-Touchdisplay <br \/>&#8211; blendfrei und mit 500 cd\/m Helligkeit. WLAN, Bluetooth, integriertes Audiosystem<br \/>&#8211; Integrierter PC mit Windows 11-Betriebssystem Intel Graphics HD &#8211; WLAN<br \/>6 &#8211; Bluetooth 5.2 &#8211; Externe Anschl\u00fcsse: Ein\/Aus \u2022 LAN \u2022 2 USB &#8211; Doppelte Stromversorgung<br \/>f\u00fcr gekoppeltes Ger\u00e4t.<\/p>\r\n<!-- end cs container boxed --><!-- end cs image with text section -->\r\n<h2>Download unserer Kataloge<\/h2>\r\n<p>Besuchen Sie unsere Katalogseite: Hier finden Sie eine Auswahl an Brosch\u00fcren und Katalogen in verschiedenen Sprachen. Sie alle enthalten nur einen kleinen Teil dessen, was wir Lernbegeisterten zu bieten haben. Um mehr zu erfahren, kontaktieren Sie uns einfach.<\/p>\r\n<p><a href=\"\/de\/kataloge\/\">See all catalogues<\/a><\/p>\r\n<!-- end cs text container -->\r\n<p><img decoding=\"async\" src=\"https:\/\/hello.campustore.com\/wp-content\/uploads\/2024\/10\/catalog-img-3.png\" alt=\"Download unserer Kataloge\" \/><\/p>\r\n<!-- end banner with text section -->\r\n<p><style>\r\n    .cs-banner-with-text-section .cs-primary-button.with-icon:after {\r\n        content: 'f019';\r\n        font-weight: 400;\r\n    }\r\n    @media screen and (min-width: 1921px) {\r\n        .cs-banner-with-text-section {\r\n            background: url(\"https:\/\/hello.campustore.com\/wp-content\/uploads\/2024\/10\/big-bg-img-catalog.png\") no-repeat;\r\n        }\r\n    }\r\n    @media screen and (min-width: 991px) and (max-width: 1920px) {\r\n        .cs-banner-with-text-section {\r\n            background: url(\"https:\/\/hello.campustore.com\/wp-content\/uploads\/2024\/10\/bg-img-catalog.png\") no-repeat;\r\n        }\r\n    }\r\n    @media screen and (max-width: 990px) {\r\n        .cs-banner-with-text-section {\r\n            background: url(\"https:\/\/hello.campustore.com\/wp-content\/uploads\/2024\/10\/bg-img-mobile-catalog-1.png\") no-repeat left\/cover;\r\n        }\r\n    }\r\n<\/style><\/p>\r\n","protected":false},"excerpt":{"rendered":"<p>Interaktiver Holzmonitor f\u00fcr MINT-Aktivit\u00e4ten Entdecken Sie Pinguin, den brandneuen interaktiven Monitor, der aus unserer Zusammenarbeit mit SiComputer und Giunti Scuola entstanden ist. Pinguin-Funktionen: &nbsp; &#8211; Doppelte Oberfl\u00e4che: Auf der einen Seite befindet sich ein interaktiver Monitor mit integrierten Giunti Scuola-Inhalten, auf der anderen ein Spielfeld f\u00fcr MINT-Aktivit\u00e4ten mit abnehmbarer Barriere (ideal zum Beispiel, wenn Sie [&hellip;]<\/p>\n","protected":false},"author":4,"featured_media":0,"parent":0,"menu_order":0,"comment_status":"closed","ping_status":"closed","template":"templates\/template-product-line.php","meta":{"_acf_changed":false,"content-type":"","_genesis_hide_title":false,"_genesis_hide_breadcrumbs":false,"_genesis_hide_singular_image":false,"_genesis_hide_footer_widgets":false,"_genesis_custom_body_class":"","_genesis_custom_post_class":"","_genesis_layout":"","footnotes":""},"class_list":{"0":"post-1548","1":"page","2":"type-page","3":"status-publish","5":"entry"},"acf":[],"_links":{"self":[{"href":"https:\/\/hello.campustore.com\/de\/wp-json\/wp\/v2\/pages\/1548","targetHints":{"allow":["GET"]}}],"collection":[{"href":"https:\/\/hello.campustore.com\/de\/wp-json\/wp\/v2\/pages"}],"about":[{"href":"https:\/\/hello.campustore.com\/de\/wp-json\/wp\/v2\/types\/page"}],"author":[{"embeddable":true,"href":"https:\/\/hello.campustore.com\/de\/wp-json\/wp\/v2\/users\/4"}],"replies":[{"embeddable":true,"href":"https:\/\/hello.campustore.com\/de\/wp-json\/wp\/v2\/comments?post=1548"}],"version-history":[{"count":3,"href":"https:\/\/hello.campustore.com\/de\/wp-json\/wp\/v2\/pages\/1548\/revisions"}],"predecessor-version":[{"id":1583,"href":"https:\/\/hello.campustore.com\/de\/wp-json\/wp\/v2\/pages\/1548\/revisions\/1583"}],"wp:attachment":[{"href":"https:\/\/hello.campustore.com\/de\/wp-json\/wp\/v2\/media?parent=1548"}],"curies":[{"name":"wp","href":"https:\/\/api.w.org\/{rel}","templated":true}]}}