{"id":1555,"date":"2024-11-10T09:05:33","date_gmt":"2024-11-10T08:05:33","guid":{"rendered":"https:\/\/hello.campustore.com\/codyroby\/"},"modified":"2025-02-18T11:24:32","modified_gmt":"2025-02-18T10:24:32","slug":"codyroby","status":"publish","type":"page","link":"https:\/\/hello.campustore.com\/de\/codyroby\/","title":{"rendered":"Coding unplugged mit Prof. Bogliolo"},"content":{"rendered":"\r\n<p><strong>Vom Lernansatz zu einer integrierten Produktlinie<\/strong><\/p>\r\n<p>CodyRoby ist eine Methode, die es erm\u00f6glicht, in jedem Alter und ohne Verwendung von Ger\u00e4ten Programmieren und Computational Thinking zu spielen und zu lernen. Sie <strong>wurde von Universit\u00e4tsprofessor Alessandro Bogliolo<\/strong> erfunden, dem ehemaligen Organisator der <strong>European Code Week<\/strong>, der seit Jahren Computational Thinking f\u00f6rdert und verbreitet sowie Tausende von Lehrkr\u00e4ften schult.<\/p>\r\n<p>CodyRoby ist daher eine <strong>Programmierl\u00f6sung unplugged<\/strong>.<br \/>Heute nehmen die CodyRoby-Tools eine konkrete Form an, eine vollst\u00e4ndige Produktlinie, die f\u00fcr Schulen und Bildungseinrichtungen entwickelt wurde.<\/p>\r\n<figure><img loading=\"lazy\" decoding=\"async\" src=\"https:\/\/hello.campustore.com\/wp-content\/uploads\/2025\/02\/LE-new-logo_250px.svg\" alt=\"\" width=\"300\" height=\"300\" \/><\/figure>\r\n<figure><img loading=\"lazy\" decoding=\"async\" src=\"https:\/\/hello.campustore.com\/wp-content\/uploads\/2024\/11\/fischertechnik-logo.png\" alt=\"\" width=\"250\" height=\"85\" \/><\/figure>\r\n<figure><img loading=\"lazy\" decoding=\"async\" src=\"https:\/\/hello.campustore.com\/wp-content\/uploads\/2024\/11\/arduino-education-logo.png\" alt=\"\" width=\"250\" height=\"85\" \/><\/figure>\r\n<figure><img loading=\"lazy\" decoding=\"async\" src=\"https:\/\/hello.campustore.com\/wp-content\/uploads\/2024\/11\/giunti-scuola-logo.png\" alt=\"\" width=\"250\" height=\"85\" \/><\/figure>\r\n<figure><img loading=\"lazy\" decoding=\"async\" src=\"https:\/\/hello.campustore.com\/wp-content\/uploads\/2024\/11\/francesco-bombardi-logo.png\" alt=\"\" width=\"250\" height=\"85\" \/><\/figure>\r\n<figure><img loading=\"lazy\" decoding=\"async\" src=\"https:\/\/hello.campustore.com\/wp-content\/uploads\/2024\/11\/codyroby_logo.png\" alt=\"\" width=\"250\" height=\"85\" \/><\/figure>\r\n<h2>Ein vollst\u00e4ndiges Sortiment an MINT- und Programmiersets<\/h2>\r\n<p>&nbsp;<\/p>\r\n<p>von Prof. Alessandro Bogliolo, dem italienischen Vater von Computational Thinking<\/p>\r\n<p><img decoding=\"async\" src=\"https:\/\/hello.campustore.com\/wp-content\/uploads\/2024\/11\/Tappeto-EVA-2.jpg\" alt=\"CodyRoby Teppich\" \/><\/p>\r\n<h2>CodyRoby Teppich<\/h2>\r\n<p>Die Methode von Prof. Alessandro Bogliolo in der Praxis.<br \/>Ein 2,5 x 2,5 m Bodenbelag, welcher der CodyRoby-Methode entspricht, hergestellt aus hochwertigem Material, geeignet ab dem Kindergarten.<br \/>Neben 25 Steckpuzzleteilen ist der Teppich mit einem zusammensetzbaren Rand (8 Teile) ausgestattet, der nicht nur eine Begrenzung erm\u00f6glicht, sondern auch die Kennzeichnung von Koordinaten im Raum.<br \/>Ein quadratisches Loch in der Mitte erm\u00f6glicht das Einsetzen der enthaltenen Steckelemente, die abnehmbar und austauschbar sind. So kann der Teppich in wenigen Sekunden f\u00fcr verschiedene Anwendungen umgestaltet werden. <br \/>Neben den Steckelementen im Basis-Set (Zahlen, mathematische Symbole und die QR-Codes von CodyMaze) gibt es die Erweiterungen CodyFeet und CodyColor sowie CodyMath und CodyWord.<\/p>\r\n<!-- end cs container boxed --><!-- end cs image with text section -->\r\n<p><img decoding=\"async\" src=\"https:\/\/hello.campustore.com\/wp-content\/uploads\/2024\/11\/CodyRoby-Carte_1920x1080px-R100.png\" alt=\"CodyRoby Karten\" \/><\/p>\r\n<h2>CodyRoby Karten<\/h2>\r\n<p>CodyRoby gibt es auch in Form von Spielkarten\u2026 aber mit einem (computergest\u00fctzten) Extra!<br \/>Das CodyRoby Tischset enth\u00e4lt: 62 Spielkarten (9 x 5 cm), ein Spielfeld (15 x 18 cm), 5 Spielfiguren und 46 Steckelemente.Die Karten umfassen Befehle wie \u201eVorw\u00e4rts gehen&#8220;, \u201eNach links drehen&#8220;, \u201eNach rechts drehen&#8220;, sowie \u201eWiederholung&#8220; und \u201eJoker&#8220;<br \/>Das Klassenset enth\u00e4lt 12 CodyRoby Tischsets. Die gro\u00dfen CodyRoby-Karten messen 15 x 27 cm und sind dieselben 62 Karten wie im Standardset, nur viel gr\u00f6\u00dfer. Sie werden erg\u00e4nzt durch 8 Einheiten, 6 Sensoren und 8 Zielmarken. Diese Karten erm\u00f6glichen es den Lernenden, mit CodyRoby auf einer physischen Fl\u00e4che zu agieren, anstatt Spielfiguren zu bewegen.<\/p>\r\n<!-- end cs container boxed --><!-- end cs image with text section -->\r\n<p><img decoding=\"async\" src=\"https:\/\/hello.campustore.com\/wp-content\/uploads\/2024\/11\/CodyRoby-BBot_1920x1080px-R100.png\" alt=\"CodyRoby Set mit Bee-Bot\" \/><\/p>\r\n<h2>CodyRoby Set mit Bee-Bot<\/h2>\r\n<p>Eine aufregende Idee: die Kombination der Roboterbienen mit der CodyRoby-Methode, um eine neue Lernart und brandneue didaktische Aktivit\u00e4ten zu schaffen!<br \/>Das Set besteht aus:<br \/>\u2022 6 Bee-Bot<br \/>\u2022 Einem neuen Parcours f\u00fcr Bee-Bot CodyRoby<br \/>\u2022 Zwei Sets CodyRoby Karten<br \/>\u2022 Ein Set CodyRoby gro\u00dfe Karten<br \/>\u2022 Neu gestalteten, illustrierten didaktischen Arbeitsbl\u00e4ttern, die von Professor Bogliolo entwickelt wurden.<\/p>\r\n<!-- end cs container boxed --><!-- end cs image with text section -->\r\n<p><img decoding=\"async\" src=\"https:\/\/hello.campustore.com\/wp-content\/uploads\/2024\/11\/CodyColorPuzzle_1920x1080px-R100.png\" alt=\"CodyColor Puzzle\" \/><\/p>\r\n<h2>CodyColor Puzzle<\/h2>\r\n<p>Das Unplugged-Coding von Prof. Alessandro Bogliolo wird zu einem kreativen Puzzle, mit farbigen Steckelementen, die universell einsetzbar sind und es erm\u00f6glichen, Formen, Wege, Zeichnungen und Spiele zu gestalten, die das computergest\u00fctzte Denken f\u00f6rdern. <br \/>Die beiliegende Lehrerhandreichung enth\u00e4lt viele Aktivit\u00e4ten.<\/p>\r\n<!-- end cs container boxed --><!-- end cs image with text section -->\r\n<h2>Download unserer Kataloge<\/h2>\r\n<p>Besuchen Sie unsere Katalogseite: Hier finden Sie eine Auswahl an Brosch\u00fcren und Katalogen in verschiedenen Sprachen. Sie alle enthalten nur einen kleinen Teil dessen, was wir Lernbegeisterten zu bieten haben. Um mehr zu erfahren, kontaktieren Sie uns einfach.<\/p>\r\n<p><a href=\"\/de\/kataloge\/\">ALLE KATALOGE ANSEHEN<\/a><\/p>\r\n<!-- end cs text container -->\r\n<p><img decoding=\"async\" src=\"https:\/\/hello.campustore.com\/wp-content\/uploads\/2024\/10\/catalog-img-3.png\" alt=\"Download unserer Kataloge\" \/><\/p>\r\n<!-- end banner with text section -->\r\n<p><style>\r\n    .cs-banner-with-text-section .cs-primary-button.with-icon:after {\r\n        content: 'f019';\r\n        font-weight: 400;\r\n    }\r\n    @media screen and (min-width: 1921px) {\r\n        .cs-banner-with-text-section {\r\n            background: url(\"https:\/\/hello.campustore.com\/wp-content\/uploads\/2024\/10\/big-bg-img-catalog.png\") no-repeat;\r\n        }\r\n    }\r\n    @media screen and (min-width: 991px) and (max-width: 1920px) {\r\n        .cs-banner-with-text-section {\r\n            background: url(\"https:\/\/hello.campustore.com\/wp-content\/uploads\/2024\/10\/bg-img-catalog.png\") no-repeat;\r\n        }\r\n    }\r\n    @media screen and (max-width: 990px) {\r\n        .cs-banner-with-text-section {\r\n            background: url(\"https:\/\/hello.campustore.com\/wp-content\/uploads\/2024\/10\/bg-img-mobile-catalog-1.png\") no-repeat left\/cover;\r\n        }\r\n    }\r\n<\/style><\/p>\r\n","protected":false},"excerpt":{"rendered":"<p>Vom Lernansatz zu einer integrierten Produktlinie CodyRoby ist eine Methode, die es erm\u00f6glicht, in jedem Alter und ohne Verwendung von Ger\u00e4ten Programmieren und Computational Thinking zu spielen und zu lernen. Sie wurde von Universit\u00e4tsprofessor Alessandro Bogliolo erfunden, dem ehemaligen Organisator der European Code Week, der seit Jahren Computational Thinking f\u00f6rdert und verbreitet sowie Tausende von [&hellip;]<\/p>\n","protected":false},"author":4,"featured_media":0,"parent":0,"menu_order":0,"comment_status":"closed","ping_status":"closed","template":"templates\/template-product-line.php","meta":{"_acf_changed":false,"content-type":"","_genesis_hide_title":false,"_genesis_hide_breadcrumbs":false,"_genesis_hide_singular_image":false,"_genesis_hide_footer_widgets":false,"_genesis_custom_body_class":"","_genesis_custom_post_class":"","_genesis_layout":"","footnotes":""},"class_list":{"0":"post-1555","1":"page","2":"type-page","3":"status-publish","5":"entry"},"acf":[],"_links":{"self":[{"href":"https:\/\/hello.campustore.com\/de\/wp-json\/wp\/v2\/pages\/1555","targetHints":{"allow":["GET"]}}],"collection":[{"href":"https:\/\/hello.campustore.com\/de\/wp-json\/wp\/v2\/pages"}],"about":[{"href":"https:\/\/hello.campustore.com\/de\/wp-json\/wp\/v2\/types\/page"}],"author":[{"embeddable":true,"href":"https:\/\/hello.campustore.com\/de\/wp-json\/wp\/v2\/users\/4"}],"replies":[{"embeddable":true,"href":"https:\/\/hello.campustore.com\/de\/wp-json\/wp\/v2\/comments?post=1555"}],"version-history":[{"count":4,"href":"https:\/\/hello.campustore.com\/de\/wp-json\/wp\/v2\/pages\/1555\/revisions"}],"predecessor-version":[{"id":1603,"href":"https:\/\/hello.campustore.com\/de\/wp-json\/wp\/v2\/pages\/1555\/revisions\/1603"}],"wp:attachment":[{"href":"https:\/\/hello.campustore.com\/de\/wp-json\/wp\/v2\/media?parent=1555"}],"curies":[{"name":"wp","href":"https:\/\/api.w.org\/{rel}","templated":true}]}}