{"id":1561,"date":"2024-11-10T13:29:17","date_gmt":"2024-11-10T12:29:17","guid":{"rendered":"https:\/\/hello.campustore.com\/outdoor-learning\/"},"modified":"2025-02-18T11:56:39","modified_gmt":"2025-02-18T10:56:39","slug":"ourdoor-lernerlebnisse","status":"publish","type":"page","link":"https:\/\/hello.campustore.com\/de\/ourdoor-lernerlebnisse\/","title":{"rendered":"Ourdoor-Lernerlebnisse"},"content":{"rendered":"\r\n<p><strong>Lernerlebnisse zwischen Klassenzimmer und Hof.<\/strong><\/p>\r\n<p>Lernen im Freien kann sehr motivierend, effektiv und eine bemerkenswerte Lernerfahrung sein. Wenn es nicht m\u00f6glich ist, drau\u00dfen zu sein, kann man zumindest L\u00f6sungen finden, die dabei helfen, den Garten ins Klassenzimmer zu holen.<br \/>Einige unserer originellen L\u00f6sungen gehen in diese Richtung: die Kraft der Natur und der Pflanzen nutzen, um den Unterrichtsalltag zu bereichern!<\/p>\r\n<p>Some of our original solutions go in this direction: using the power of nature and plants to enrich everyday lessons!<\/p>\r\n<figure><img loading=\"lazy\" decoding=\"async\" src=\"https:\/\/hello.campustore.com\/wp-content\/uploads\/2025\/02\/LE-new-logo_250px.svg\" alt=\"\" width=\"300\" height=\"300\" \/><\/figure>\r\n<figure><img loading=\"lazy\" decoding=\"async\" src=\"https:\/\/hello.campustore.com\/wp-content\/uploads\/2024\/11\/fischertechnik-logo.png\" alt=\"\" width=\"250\" height=\"85\" \/><\/figure>\r\n<figure><img loading=\"lazy\" decoding=\"async\" src=\"https:\/\/hello.campustore.com\/wp-content\/uploads\/2024\/11\/arduino-education-logo.png\" alt=\"\" width=\"250\" height=\"85\" \/><\/figure>\r\n<figure><img loading=\"lazy\" decoding=\"async\" src=\"https:\/\/hello.campustore.com\/wp-content\/uploads\/2024\/11\/giunti-scuola-logo.png\" alt=\"\" width=\"250\" height=\"85\" \/><\/figure>\r\n<figure><img loading=\"lazy\" decoding=\"async\" src=\"https:\/\/hello.campustore.com\/wp-content\/uploads\/2024\/11\/francesco-bombardi-logo.png\" alt=\"\" width=\"250\" height=\"85\" \/><\/figure>\r\n<h2>Hands-on Lernerlebnisse mit einem gr\u00fcnen Herzen<\/h2>\r\n<p>&nbsp;<\/p>\r\n<p>Die beste Konzepte zum Lernen zwischen Klassenzimmer und Hof.<\/p>\r\n<p><img decoding=\"async\" src=\"https:\/\/hello.campustore.com\/wp-content\/uploads\/2024\/11\/GeometricGarden_l1080px.png\" alt=\"Geometric Garden\" \/><\/p>\r\n<h2>Geometric Garden<\/h2>\r\n<p><strong>Lernen Sie Geometrie, indem Sie sich um Ihren Garten k\u00fcmmern!<\/strong><br \/>Ein p\u00e4dagogisches Kit f\u00fcr das Lernen im Freien, bestehend aus:<br \/>&#8211; dem Holzsystem \u201eGeometric Garden&#8220;<br \/>&#8211; einem Agrumino-Board<br \/>&#8211; einem Set gemischter Samen<br \/>&#8211; einer Lernvideo zum Thema Schularchitektur und Nachhaltigkeit<br \/>Das Konstruktionssystem \u201eGeometric Garden&#8220; umfasst drei modulare 3D-Figuren: die Kugel, den W\u00fcrfel und das Prisma.<br \/>Es erm\u00f6glicht, dreidimensionale Figuren basierend auf flachen Figuren mithilfe eines ineinandergreifenden Systems zu bauen, das es erm\u00f6glicht, sie in den Boden zu \u201epflanzen&#8220;, sodass sie fast Teil der Natur werden. Es ist auch ein intelligentes Kit, da es dank einer digitalen Schnittstelle Daten \u00fcbertr\u00e4gt: Es umfasst Agrumino, ein 100 % Open-Source-Ger\u00e4t, das Temperatur, Bodenfeuchtigkeit, Helligkeit und Wasserstand misst.<\/p>\r\n<!-- end cs container boxed --><!-- end cs image with text section -->\r\n<p><img decoding=\"async\" src=\"https:\/\/hello.campustore.com\/wp-content\/uploads\/2024\/11\/campusgarden-screen.png\" alt=\"CampusGarden AKA Arduino GreenHouse Kit\" \/><\/p>\r\n<h2>CampusGarden AKA Arduino GreenHouse Kit<\/h2>\r\n<p>Erfunden von CampuStore, in die Welt getragen von Arduino.<br \/><strong>Gewinner des BETT Award f\u00fcr das beste innovative Produkt 2024!<\/strong><br \/>CampuStores Mini-Gew\u00e4chshaus macht Arduino-Power zu einem nachhaltigen Tool!<br \/>CampusGarden, auch bekannt als Arduino Greenhouse Kit, macht Schulpflanzen gl\u00fccklich und nutzt ihre Daten, um realistische, sinnvolle und effektive Lernerfahrungen zu schaffen!<br \/>Dieses Kit zur Messwerterfassung in einem kleinen Do-it-yourself-Gew\u00e4chshaus wurde mit Arduino entwickelt, einem Kit, das wissenschaftliches Arbeiten und Themen des Alltags mit Mathematik und Big Data kombiniert.<br \/>Das Set enth\u00e4lt alles, was Sie zum Bau eines kleinen Gew\u00e4chshauses ben\u00f6tigen, die Elektronik, um es \u201esmart&#8220; zu machen, die Software und Cloud-Anbindung zur Visualisierung der Daten sowie 7 Lernvideos, die von Luca Scalzullo von unserer Akademie entworfen und durchgef\u00fchrt wurden.<br \/>Das Projekt beginnt mit einem Gew\u00e4chshaus, das unabh\u00e4ngig gebaut werden muss, mit Plexiglasoberfl\u00e4chen mit Schlitzen f\u00fcr den Durchgang von Sensoren und Kabeln.<br \/>Die elektronische Ausstattung basiert auf einer Arduino MKR-Platine, die in einer daf\u00fcr vorgesehenen Nische montiert wird und auf der bereits Sensoren wie Umgebungslicht und Gyroskop integriert sind.<br \/>Es umfasst eine Wasserpumpe, einen Feuchtigkeits- und Temperatursensor, einen Luftdrucksensor und einen CO2-Sensor zur Steuerung der Photosynthese, einen LED-Streifen f\u00fcr Beleuchtung und einen Ventilator zur Luftumw\u00e4lzung.<br \/>Alles wird von der Arduino Cloud-Plattform verwaltet.<br \/>Diese Komponenten bringen die Schulpflanzen zum \u201eSprechen&#8220; (was bedeutet, dass sie in der Lage sind, Daten zu \u00fcbertragen). Die Cloud-Plattform erm\u00f6glicht es Ihnen, Aktivit\u00e4ten ein Jahr lang zu verwalten. Danach k\u00f6nnen Sie entscheiden, ob Sie das Abonnement fortsetzen oder die Daten der Platine und Sensoren mit unabh\u00e4ngigen L\u00f6sungen verwalten m\u00f6chten.<br \/><strong>Was beinhaltet CampusGarden?<\/strong><br \/>&#8211; Ein DIY-Gew\u00e4chshaus<br \/>&#8211; Zubeh\u00f6r<br \/>&#8211; Eine Programmierplatine<br \/>&#8211; Sensoren und elektronische Komponenten<br \/>&#8211; Zugang zur Arduino Cloud-Plattform<br \/>&#8211; Ein Videokurs mit Luca Scalzullo<br \/>&#8211; Arduino-Gew\u00e4chshaus-Kit<\/p>\r\n<!-- end cs container boxed --><!-- end cs image with text section -->\r\n<p><img decoding=\"async\" src=\"https:\/\/hello.campustore.com\/wp-content\/uploads\/2024\/11\/edubird_1080px.png\" alt=\"eduBird\" \/><\/p>\r\n<h2>eduBird<\/h2>\r\n<p><strong>Ein smartes Vogelh\u00e4uschen<\/strong><br \/>eduBird ist ein Vogelh\u00e4uschen, das aus zwei \u00fcberlappenden Schalen besteht. Eine ist innen aus Holz, in der sich die V\u00f6gel wohlf\u00fchlen, und die andere au\u00dfen aus Plexiglas, in der die technischen Teile untergebracht und gesch\u00fctzt sind.<br \/>Auf der R\u00fcckseite des H\u00e4uschens befindet sich ein Webcam-Steckplatz (Webcam im Lieferumfang enthalten), der von einem Solarpanel gespeist wird, das an einer der Seiten des Dachs angebracht ist.<br \/>Sobald Sie den richtigen Platz im Schulgarten ausgew\u00e4hlt haben, k\u00f6nnen Sie mit der Installation von eduBird fortfahren und warten, bis die V\u00f6gel es als ihr Nest ausw\u00e4hlen.<br \/>Sobald dies geschieht, ist es m\u00f6glich, das Leben im H\u00e4uschen aus der Ferne zu \u00fcberwachen, Bilder und Ger\u00e4usche aufzuzeichnen und sie im Laufe der Jahreszeiten und \u00fcber Vogelgenerationen hinweg zu beobachten, die aufeinander folgen, Brut f\u00fcr Brut.<br \/>Mit eduBird k\u00f6nnen Sie den Lernenden, Kollegen und Eltern auch die Natur von Ger\u00e4ten und digitalen Tafeln aus zeigen.<\/p>\r\n<!-- end cs container boxed --><!-- end cs image with text section -->\r\n<h2>Download unserer Kataloge<\/h2>\r\n<p>Besuchen Sie unsere Katalogseite: Hier finden Sie eine Auswahl an Brosch\u00fcren und Katalogen in verschiedenen Sprachen. Sie alle enthalten nur einen kleinen Teil dessen, was wir Lernbegeisterten zu bieten haben. Um mehr zu erfahren, kontaktieren Sie uns einfach.<\/p>\r\n<p><a href=\"\/de\/kataloge\/\">ALLE KATALOGE ANSEHEN<\/a><\/p>\r\n<!-- end cs text container -->\r\n<p><img decoding=\"async\" src=\"https:\/\/hello.campustore.com\/wp-content\/uploads\/2024\/10\/catalog-img-3.png\" alt=\"Download unserer Kataloge\" \/><\/p>\r\n<!-- end banner with text section -->\r\n<p><style>\r\n    .cs-banner-with-text-section .cs-primary-button.with-icon:after {\r\n        content: 'f019';\r\n        font-weight: 400;\r\n    }\r\n    @media screen and (min-width: 1921px) {\r\n        .cs-banner-with-text-section {\r\n            background: url(\"https:\/\/hello.campustore.com\/wp-content\/uploads\/2024\/10\/big-bg-img-catalog.png\") no-repeat;\r\n        }\r\n    }\r\n    @media screen and (min-width: 991px) and (max-width: 1920px) {\r\n        .cs-banner-with-text-section {\r\n            background: url(\"https:\/\/hello.campustore.com\/wp-content\/uploads\/2024\/10\/bg-img-catalog.png\") no-repeat;\r\n        }\r\n    }\r\n    @media screen and (max-width: 990px) {\r\n        .cs-banner-with-text-section {\r\n            background: url(\"https:\/\/hello.campustore.com\/wp-content\/uploads\/2024\/10\/bg-img-mobile-catalog-1.png\") no-repeat left\/cover;\r\n        }\r\n    }\r\n<\/style><\/p>\r\n","protected":false},"excerpt":{"rendered":"<p>Lernerlebnisse zwischen Klassenzimmer und Hof. Lernen im Freien kann sehr motivierend, effektiv und eine bemerkenswerte Lernerfahrung sein. Wenn es nicht m\u00f6glich ist, drau\u00dfen zu sein, kann man zumindest L\u00f6sungen finden, die dabei helfen, den Garten ins Klassenzimmer zu holen.Einige unserer originellen L\u00f6sungen gehen in diese Richtung: die Kraft der Natur und der Pflanzen nutzen, um [&hellip;]<\/p>\n","protected":false},"author":4,"featured_media":0,"parent":0,"menu_order":0,"comment_status":"closed","ping_status":"closed","template":"templates\/template-product-line-full.php","meta":{"_acf_changed":false,"content-type":"","_genesis_hide_title":false,"_genesis_hide_breadcrumbs":false,"_genesis_hide_singular_image":false,"_genesis_hide_footer_widgets":false,"_genesis_custom_body_class":"","_genesis_custom_post_class":"","_genesis_layout":"","footnotes":""},"class_list":{"0":"post-1561","1":"page","2":"type-page","3":"status-publish","5":"entry"},"acf":[],"_links":{"self":[{"href":"https:\/\/hello.campustore.com\/de\/wp-json\/wp\/v2\/pages\/1561","targetHints":{"allow":["GET"]}}],"collection":[{"href":"https:\/\/hello.campustore.com\/de\/wp-json\/wp\/v2\/pages"}],"about":[{"href":"https:\/\/hello.campustore.com\/de\/wp-json\/wp\/v2\/types\/page"}],"author":[{"embeddable":true,"href":"https:\/\/hello.campustore.com\/de\/wp-json\/wp\/v2\/users\/4"}],"replies":[{"embeddable":true,"href":"https:\/\/hello.campustore.com\/de\/wp-json\/wp\/v2\/comments?post=1561"}],"version-history":[{"count":4,"href":"https:\/\/hello.campustore.com\/de\/wp-json\/wp\/v2\/pages\/1561\/revisions"}],"predecessor-version":[{"id":1613,"href":"https:\/\/hello.campustore.com\/de\/wp-json\/wp\/v2\/pages\/1561\/revisions\/1613"}],"wp:attachment":[{"href":"https:\/\/hello.campustore.com\/de\/wp-json\/wp\/v2\/media?parent=1561"}],"curies":[{"name":"wp","href":"https:\/\/api.w.org\/{rel}","templated":true}]}}