{"id":1731,"date":"2025-09-30T15:12:49","date_gmt":"2025-09-30T13:12:49","guid":{"rendered":"https:\/\/hello.campustore.com\/?page_id=1731"},"modified":"2025-11-10T13:05:56","modified_gmt":"2025-11-10T12:05:56","slug":"startchancen-programm","status":"publish","type":"page","link":"https:\/\/hello.campustore.com\/de\/startchancen-programm\/","title":{"rendered":"Startchancen-Programm"},"content":{"rendered":"\r\n\r\n\t<p><strong>Was ist das Startchancen-Programm?<\/strong><\/p>\r\n<p>Das Startchancen-Programm ist das gr\u00f6\u00dfte Schul-F\u00f6rderprogramm in der Geschichte Deutschlands. \u00dcber die kommenden zehn Jahre werden rund\u00a0<strong>20 Milliarden Euro<\/strong>\u00a0bereitgestellt, um etwa\u00a0<strong>4.000 Schulen in allen 16 Bundesl\u00e4ndern<\/strong>\u00a0zu unterst\u00fctzen.<\/p>\r\n<p>Das Ziel: Bildungsgerechtigkeit st\u00e4rken, moderne Lernorte schaffen und Schulen langfristig besser aufstellen &#8211; gerade dort, wo die Herausforderungen am gr\u00f6\u00dften sind.<\/p>\r\n<p><strong>Die drei S\u00e4ulen des Programms<\/strong><\/p>\r\n<ol>\r\n<li><strong>Investitionen in moderne Lernumgebungen<\/strong><br \/>\r\n&#8211; Schulen erhalten Mittel f\u00fcr eine bessere Ausstattung: von Fachr\u00e4umen \u00fcber digitale Technik bis hin zu kreativen Lernorten wie MakerSpaces.<\/li>\r\n<li><strong>Multiprofessionelle Teams<\/strong><br \/>\r\n&#8211; Sozialp\u00e4dagog:innen, Schulpsycholog:innen und weitere Fachkr\u00e4fte erg\u00e4nzen das Kollegium, um Sch\u00fcler:innen individueller zu f\u00f6rdern.<\/li>\r\n<li><strong>St\u00e4rkung der Schul- und Unterrichtsentwicklung<\/strong><br \/>\r\n&#8211; Fortbildungen, Schulentwicklungsprogramme und p\u00e4dagogische Konzepte helfen Schulen dabei, sich nachhaltig weiterzuentwickeln.<\/li>\r\n<\/ol>\r\n<p><strong>CampuStore begleitet Sie dabei &#8211; mit Ideen, Konzepten und L\u00f6sungen f\u00fcr eine moderne Lernumgebung.<\/strong><\/p>\r\n                <img decoding=\"async\" src=\"https:\/\/hello.campustore.com\/wp-content\/uploads\/2024\/10\/branded-products-mobile-2.png\" alt=\"Unsere Unterst\u00fctzung f\u00fcr Ihre Schule\"\/>\r\n                <h2>Unsere Unterst\u00fctzung f\u00fcr Ihre Schule<\/h2>\r\n                <p>Seit \u00fcber 30 Jahren begleiten wir Schulen bei der Umsetzung innovativer Lernkonzepte. Von der ersten Idee bis zur konkreten Umsetzung sind wir Ihr Bildungspartner &#8211; praxisnah, unabh\u00e4ngig und erfahren.<strong>Unsere Schwerpunkte<\/strong><ul><li><strong>MINT &amp; Edu-Robotik<\/strong>\u00a0&#8211; Sch\u00fcler:innen spielerisch f\u00fcr Programmieren, Forschen und Technik begeistern.<\/li><li><strong>Maker Education <\/strong>&#8211; f\u00fcr erlebbare Innovation und wachsende Kreativit\u00e4t<\/li><li><strong>Digitale Lernumgebungen<\/strong>\u00a0&#8211; Ger\u00e4te, Tools und Ausstattung, die den Unterricht zukunftsorientiert bereichern.<\/li><li><strong>F\u00f6rderung der Mathe\/Deutsch Kompetenzen<\/strong><\/li><li><strong>Gesamtkonzepte MakerSpace<\/strong>\u00a0&#8211; von der Planung \u00fcber die Einrichtung bis zur Fortbildung f\u00fcr Lehrkr\u00e4fte.<\/li><\/ul>Alle L\u00f6sungen k\u00f6nnen flexibel an die Bed\u00fcrfnisse Ihrer Schule angepasst werden &#8211; von kleinen Schritten bis hin zu einem ganzheitlichen Konzept.<\/p>\r\n     <!-- end cs container boxed -->\r\n <!-- end cs image with text section -->\r\n                <img decoding=\"async\" src=\"https:\/\/hello.campustore.com\/wp-content\/uploads\/2024\/10\/branded-products-mobile.png\" alt=\"Inspiration aus der Praxis\"\/>\r\n                <h2>Inspiration aus der Praxis<\/h2>\r\n                <p>So k\u00f6nnte Ihr Startchancen-Projekt aussehen:<\/p><ul><li>Ein MakerSpace als Lernort f\u00fcr MINT und Kreativit\u00e4t<\/li><li>Robotik-Projekte im regul\u00e4ren Unterricht<\/li><li>Digitale Werkzeuge, die individuelles Lernen erleichtern<\/li><li>Fortbildungen, die Lehrkr\u00e4fte unterst\u00fctzen und entlasten<\/li><li>F\u00f6rderung ihrer Sch\u00fcler:Innen in den Kernkompetenzen (Mathe\/Deutsch)<\/li><li>St\u00e4rkung der 4K-Kompetenzen &#8211; Kreativit\u00e4t, Kollaboration, kritisches Denken und Kommunikation<\/li><\/ul>\r\n     <!-- end cs container boxed -->\r\n <!-- end cs image with text section -->\r\n                <img decoding=\"async\" src=\"https:\/\/hello.campustore.com\/wp-content\/uploads\/2024\/10\/small-brandend-products-mobile-2.png\" alt=\"Service &#038; Unterst\u00fctzung\"\/>\r\n                <h2>Service &#038; Unterst\u00fctzung<\/h2>\r\n                <p>Wir begleiten Sie auf dem Weg durch das Startchancen-Programm &#8211; von der Planung bis zur Umsetzung.<strong>Unsere Leistungen:<\/strong><\/p><ul><li>Pers\u00f6nliche Beratung &amp; Bedarfsanalyse<\/li><li>Unterst\u00fctzung bei F\u00f6rdermittel- und Finanzierungsfragen<\/li><li>Planung &amp; Ausstattung von R\u00e4umen<\/li><li>Fortbildungen f\u00fcr Lehrkr\u00e4fte<\/li><li>Langfristige Partnerschaft &amp; Service<\/li><\/ul>\r\n     <!-- end cs container boxed -->\r\n <!-- end cs image with text section -->\r\n<h2>\r\n\t\tJetzt Startchancen nutzen\r\n\t<\/h2>\r\n\t<p>Lassen Sie uns gemeinsam die Zukunft Ihrer Schule gestalten.<\/p>\r\n<p>Beratungsgespr\u00e4ch vereinbaren.<\/p>\r\n\t\n\t\t\t\t\t<script>\n\t\t\t\t\t\twindow.hsFormsOnReady = window.hsFormsOnReady || [];\n\t\t\t\t\t\twindow.hsFormsOnReady.push(()=>{\n\t\t\t\t\t\t\thbspt.forms.create({\n\t\t\t\t\t\t\t\tportalId: 139793139,\n\t\t\t\t\t\t\t\tformId: \"5f1faef9-0c53-4a58-baf0-23a04d71172a\",\n\t\t\t\t\t\t\t\ttarget: \"#hbspt-form-1776764940000-6401777848\",\n\t\t\t\t\t\t\t\tregion: \"eu1\",\n\t\t\t\t\t\t\t\t\n\t\t\t\t\t\t})});\n\t\t\t\t\t<\/script>\n\t\t\t\t\t<div class=\"hbspt-form\" id=\"hbspt-form-1776764940000-6401777848\"><\/div>\r\n\r\n","protected":false},"excerpt":{"rendered":"<p>Was ist das Startchancen-Programm? Das Startchancen-Programm ist das gr\u00f6\u00dfte Schul-F\u00f6rderprogramm in der Geschichte Deutschlands. \u00dcber die kommenden zehn Jahre werden rund\u00a020 Milliarden Euro\u00a0bereitgestellt, um etwa\u00a04.000 Schulen in allen 16 Bundesl\u00e4ndern\u00a0zu unterst\u00fctzen. Das Ziel: Bildungsgerechtigkeit st\u00e4rken, moderne Lernorte schaffen und Schulen langfristig besser aufstellen &#8211; gerade dort, wo die Herausforderungen am gr\u00f6\u00dften sind. Die drei S\u00e4ulen [&hellip;]<\/p>\n","protected":false},"author":2,"featured_media":0,"parent":0,"menu_order":0,"comment_status":"closed","ping_status":"closed","template":"","meta":{"_acf_changed":false,"content-type":"","_genesis_hide_title":false,"_genesis_hide_breadcrumbs":false,"_genesis_hide_singular_image":false,"_genesis_hide_footer_widgets":false,"_genesis_custom_body_class":"","_genesis_custom_post_class":"","_genesis_layout":"","footnotes":""},"class_list":{"0":"post-1731","1":"page","2":"type-page","3":"status-publish","5":"entry"},"acf":[],"_links":{"self":[{"href":"https:\/\/hello.campustore.com\/de\/wp-json\/wp\/v2\/pages\/1731","targetHints":{"allow":["GET"]}}],"collection":[{"href":"https:\/\/hello.campustore.com\/de\/wp-json\/wp\/v2\/pages"}],"about":[{"href":"https:\/\/hello.campustore.com\/de\/wp-json\/wp\/v2\/types\/page"}],"author":[{"embeddable":true,"href":"https:\/\/hello.campustore.com\/de\/wp-json\/wp\/v2\/users\/2"}],"replies":[{"embeddable":true,"href":"https:\/\/hello.campustore.com\/de\/wp-json\/wp\/v2\/comments?post=1731"}],"version-history":[{"count":47,"href":"https:\/\/hello.campustore.com\/de\/wp-json\/wp\/v2\/pages\/1731\/revisions"}],"predecessor-version":[{"id":1787,"href":"https:\/\/hello.campustore.com\/de\/wp-json\/wp\/v2\/pages\/1731\/revisions\/1787"}],"wp:attachment":[{"href":"https:\/\/hello.campustore.com\/de\/wp-json\/wp\/v2\/media?parent=1731"}],"curies":[{"name":"wp","href":"https:\/\/api.w.org\/{rel}","templated":true}]}}